{"id":1033,"date":"2019-09-09T02:21:27","date_gmt":"2019-09-09T02:21:27","guid":{"rendered":"http:\/\/vitracoat.com\/?page_id=1033"},"modified":"2020-12-08T18:42:19","modified_gmt":"2020-12-08T18:42:19","slug":"about-powder-coating","status":"publish","type":"page","link":"https:\/\/vitracoat.com\/mx\/resources\/about-powder-coating\/","title":{"rendered":"Acerca de la pintura en polvo"},"content":{"rendered":"\n<p>Las pinturas en polvo son durables, atractivas, resistentes a los rayones, duraderas y respetuosas del medio ambiente cuando se le compara con otras tecnolog\u00edas y acabados. Usadas para fines decorativos y de protecci\u00f3n, las pinturas en polvo est\u00e1n disponibles en un rango ilimitado de colores y texturas. Sus avances tecnol\u00f3gicos le permiten ofrecer excelentes propiedades de desempe\u00f1o, mientras que las pinturas en polvo son 100% s\u00f3lidas y b\u00e1sicamente no emiten Compuestos Org\u00e1nicos Vol\u00e1tiles (VOC\u2019s). Son muy f\u00e1ciles de aplicar y brindan no solo un acabado atractivo, sino que agregan valor a los art\u00edculos pintados.<\/p>\n\n\n\n<h2>\u00bfQue son las pinturas en polvo?<\/h2>\n\n\n\n<p>Las pinturas en polvo se basan en sistemas de resinas polim\u00e9ricas combinadas con agentes enlazadores, pigmentos, agentes niveladores, modificadores de flujo y otros aditivos. Estos ingredientes se funden en una mezcla para luego ser molidos de manera uniforme en un polvo. Un proceso llamado electro depositaci\u00f3n por espreo (ESD) es el que com\u00fanmente se usa para la aplicaci\u00f3n de la pintura en polvo a un sustrato met\u00e1lico. Este m\u00e9todo de aplicaci\u00f3n utiliza una pistola que le confiere una carga electrost\u00e1tica a la pintura, misma que ser\u00e1 atra\u00edda a la pieza a tierra. Una vez pintada la pieza, es sometida a un ciclo de tiempo versus temperatura, mejor conocido como ciclo de curado, donde se llevar\u00e1 a cabo la reacci\u00f3n qu\u00edmica que producir\u00e1 grandes cadenas moleculares, resultando en un entrelazamiento qu\u00edmico de alta densidad. Los grandes avances en las tecnolog\u00edas de las pinturas en polvo, le permiten hoy ser aplicados en sustratos no met\u00e1licos como pl\u00e1stico y tableros de fibra de mediana densidad (MDF).<\/p>\n\n\n\n<p>En ocasiones una pintura en polvo es aplicada usando un proceso de lecho fluidizado. Las piezas a recubrir son pre calentadas y sumergidas en una tolva o Hopper con lecho fluidizado, la pintura se funde y fluye a trav\u00e9s de la pieza para luego ser llevada de nuevo al horno para un post curado dependiendo de la masa, temperatura de la pieza y polvo usado. Sin importar cual sea el proceso de aplicaci\u00f3n, las pinturas en polvo son f\u00e1ciles de usar, amigables con el medio ambiente, de bajo costo y duraderas.<br> <\/p>\n\n\n\n<p>Una pintura en polvo es un acabado de alta calidad que se encuentra en miles de productos de uso diario. Protegen y embellecen desde maquinaria, edificios, \u00e1reas de juego infantiles, mobiliario y art\u00edculos para el hogar. Las pinturas en polvo son preferidas gracias a su durable y atractivo acabado, adem\u00e1s de su resistencia al impacto, humedad, qu\u00edmicos, luz UV y condiciones agresivas de intemperismo. Asimismo que son una gran elecci\u00f3n por sus ventajas ambientales.<\/p>\n","protected":false},"excerpt":{"rendered":"<p>Las pinturas en polvo son durables, atractivas, resistentes a los rayones, duraderas y respetuosas del medio ambiente cuando se le compara con otras tecnolog\u00edas y acabados. Usadas para fines decorativos y de protecci\u00f3n, las pinturas en polvo est\u00e1n disponibles en un rango ilimitado de colores y texturas. Sus avances tecnol\u00f3gicos le permiten ofrecer excelentes propiedades [&hellip;]<\/p>\n","protected":false},"author":1,"featured_media":2483,"parent":1011,"menu_order":0,"comment_status":"closed","ping_status":"closed","template":"resources-page.php","meta":[],"yoast_head":"<!-- This site is optimized with the Yoast SEO plugin v21.1 - https:\/\/yoast.com\/wordpress\/plugins\/seo\/ -->\n<title>Acerca de la pintura en polvo - VITRACOAT<\/title>\n<meta name=\"robots\" content=\"index, follow, max-snippet:-1, max-image-preview:large, max-video-preview:-1\" \/>\n<link rel=\"canonical\" href=\"https:\/\/vitracoat.com\/mx\/resources\/about-powder-coating\/\" \/>\n<meta property=\"og:locale\" content=\"en_US\" \/>\n<meta property=\"og:type\" content=\"article\" \/>\n<meta property=\"og:title\" content=\"Acerca de la pintura en polvo - VITRACOAT\" \/>\n<meta property=\"og:description\" content=\"Las pinturas en polvo son durables, atractivas, resistentes a los rayones, duraderas y respetuosas del medio ambiente cuando se le compara con otras tecnolog\u00edas y acabados. Usadas para fines decorativos y de protecci\u00f3n, las pinturas en polvo est\u00e1n disponibles en un rango ilimitado de colores y texturas. Sus avances tecnol\u00f3gicos le permiten ofrecer excelentes propiedades [&hellip;]\" \/>\n<meta property=\"og:url\" content=\"https:\/\/vitracoat.com\/mx\/resources\/about-powder-coating\/\" \/>\n<meta property=\"og:site_name\" content=\"VITRACOAT\" \/>\n<meta property=\"article:modified_time\" content=\"2020-12-08T18:42:19+00:00\" \/>\n<meta property=\"og:image\" content=\"https:\/\/vitracoat.com\/mx\/wp-content\/uploads\/2019\/10\/About-Powder-Coating.jpg\" \/>\n\t<meta property=\"og:image:width\" content=\"1386\" \/>\n\t<meta property=\"og:image:height\" content=\"924\" \/>\n\t<meta property=\"og:image:type\" content=\"image\/jpeg\" \/>\n<meta name=\"twitter:card\" content=\"summary_large_image\" \/>\n<meta name=\"twitter:label1\" content=\"Est. reading time\" \/>\n\t<meta name=\"twitter:data1\" content=\"2 minutes\" \/>\n<!-- \/ Yoast SEO plugin. -->","yoast_head_json":{"title":"Acerca de la pintura en polvo - VITRACOAT","robots":{"index":"index","follow":"follow","max-snippet":"max-snippet:-1","max-image-preview":"max-image-preview:large","max-video-preview":"max-video-preview:-1"},"canonical":"https:\/\/vitracoat.com\/mx\/resources\/about-powder-coating\/","og_locale":"en_US","og_type":"article","og_title":"Acerca de la pintura en polvo - VITRACOAT","og_description":"Las pinturas en polvo son durables, atractivas, resistentes a los rayones, duraderas y respetuosas del medio ambiente cuando se le compara con otras tecnolog\u00edas y acabados. Usadas para fines decorativos y de protecci\u00f3n, las pinturas en polvo est\u00e1n disponibles en un rango ilimitado de colores y texturas. Sus avances tecnol\u00f3gicos le permiten ofrecer excelentes propiedades [&hellip;]","og_url":"https:\/\/vitracoat.com\/mx\/resources\/about-powder-coating\/","og_site_name":"VITRACOAT","article_modified_time":"2020-12-08T18:42:19+00:00","og_image":[{"width":1386,"height":924,"url":"https:\/\/vitracoat.com\/mx\/wp-content\/uploads\/2019\/10\/About-Powder-Coating.jpg","type":"image\/jpeg"}],"twitter_card":"summary_large_image","twitter_misc":{"Est. reading time":"2 minutes"},"schema":{"@context":"https:\/\/schema.org","@graph":[{"@type":"WebPage","@id":"https:\/\/vitracoat.com\/mx\/resources\/about-powder-coating\/","url":"https:\/\/vitracoat.com\/mx\/resources\/about-powder-coating\/","name":"Acerca de la pintura en polvo - VITRACOAT","isPartOf":{"@id":"https:\/\/vitracoat.com\/mx\/#website"},"datePublished":"2019-09-09T02:21:27+00:00","dateModified":"2020-12-08T18:42:19+00:00","breadcrumb":{"@id":"https:\/\/vitracoat.com\/mx\/resources\/about-powder-coating\/#breadcrumb"},"inLanguage":"en-US","potentialAction":[{"@type":"ReadAction","target":["https:\/\/vitracoat.com\/mx\/resources\/about-powder-coating\/"]}]},{"@type":"BreadcrumbList","@id":"https:\/\/vitracoat.com\/mx\/resources\/about-powder-coating\/#breadcrumb","itemListElement":[{"@type":"ListItem","position":1,"name":"Home","item":"https:\/\/vitracoat.com\/mx\/"},{"@type":"ListItem","position":2,"name":"Recursos","item":"https:\/\/vitracoat.com\/mx\/resources\/"},{"@type":"ListItem","position":3,"name":"Acerca de la pintura en polvo"}]},{"@type":"WebSite","@id":"https:\/\/vitracoat.com\/mx\/#website","url":"https:\/\/vitracoat.com\/mx\/","name":"VITRACOAT","description":"Vitracoat Powder Coatings","potentialAction":[{"@type":"SearchAction","target":{"@type":"EntryPoint","urlTemplate":"https:\/\/vitracoat.com\/mx\/?s={search_term_string}"},"query-input":"required name=search_term_string"}],"inLanguage":"en-US"}]}},"_links":{"self":[{"href":"https:\/\/vitracoat.com\/mx\/wp-json\/wp\/v2\/pages\/1033"}],"collection":[{"href":"https:\/\/vitracoat.com\/mx\/wp-json\/wp\/v2\/pages"}],"about":[{"href":"https:\/\/vitracoat.com\/mx\/wp-json\/wp\/v2\/types\/page"}],"author":[{"embeddable":true,"href":"https:\/\/vitracoat.com\/mx\/wp-json\/wp\/v2\/users\/1"}],"replies":[{"embeddable":true,"href":"https:\/\/vitracoat.com\/mx\/wp-json\/wp\/v2\/comments?post=1033"}],"version-history":[{"count":7,"href":"https:\/\/vitracoat.com\/mx\/wp-json\/wp\/v2\/pages\/1033\/revisions"}],"predecessor-version":[{"id":3230,"href":"https:\/\/vitracoat.com\/mx\/wp-json\/wp\/v2\/pages\/1033\/revisions\/3230"}],"up":[{"embeddable":true,"href":"https:\/\/vitracoat.com\/mx\/wp-json\/wp\/v2\/pages\/1011"}],"wp:featuredmedia":[{"embeddable":true,"href":"https:\/\/vitracoat.com\/mx\/wp-json\/wp\/v2\/media\/2483"}],"wp:attachment":[{"href":"https:\/\/vitracoat.com\/mx\/wp-json\/wp\/v2\/media?parent=1033"}],"curies":[{"name":"wp","href":"https:\/\/api.w.org\/{rel}","templated":true}]}}