{"id":1040,"date":"2019-09-09T02:35:48","date_gmt":"2019-09-09T02:35:48","guid":{"rendered":"http:\/\/vitracoat.com\/?page_id=1040"},"modified":"2020-12-08T18:47:57","modified_gmt":"2020-12-08T18:47:57","slug":"powder-coating-videos","status":"publish","type":"page","link":"https:\/\/vitracoat.com\/mx\/resources\/powder-coating-videos\/","title":{"rendered":"Videos sobre recubrimientos en polvo"},"content":{"rendered":"\n<h3 class=\"m-t-50\">Vitracoat &#8211; Introducci\u00f3n (en ingl\u00e9s)<\/h3>\n\n\n\n<iframe loading=\"lazy\" src=\"https:\/\/www.youtube.com\/embed\/oZGeHY5Jx6g\" allow=\"accelerometer; autoplay; encrypted-media; gyroscope; picture-in-picture\" allowfullscreen=\"\" width=\"560\" height=\"315\" frameborder=\"0\"><\/iframe>\n\n\n\n<h3 class=\"m-t-50\">Vitracoat &#8211; Nuestra historia (en ingl\u00e9s)<\/h3>\n\n\n\n<iframe loading=\"lazy\" src=\"https:\/\/www.youtube.com\/embed\/JPbk2TlnMVI\" allow=\"accelerometer; autoplay; encrypted-media; gyroscope; picture-in-picture\" allowfullscreen=\"\" width=\"560\" height=\"315\" frameborder=\"0\"><\/iframe>\n\n\n\n<h3 class=\"m-t-50\">Recubrimientos en polvo: un mejor tipo de pintura (en ingl\u00e9s)<\/h3>\n\n\n\n<iframe loading=\"lazy\" src=\"https:\/\/www.youtube.com\/embed\/QoPC2YzYziY\" allow=\"accelerometer; autoplay; encrypted-media; gyroscope; picture-in-picture\" allowfullscreen=\"\" width=\"560\" height=\"315\" frameborder=\"0\"><\/iframe>\n\n\n\n<h3 class=\"m-t-50\">Recubrimientos en polvo: un tipo de pintura m\u00e1s fuerte (en ingl\u00e9s)<\/h3>\n\n\n\n<iframe loading=\"lazy\" src=\"https:\/\/www.youtube.com\/embed\/F0IJFi1F0mg\" allow=\"accelerometer; autoplay; encrypted-media; gyroscope; picture-in-picture\" allowfullscreen=\"\" width=\"560\" height=\"315\" frameborder=\"0\"><\/iframe>\n\n\n\n<h3 class=\"m-t-50\">Recubrimientos en polvo: un tipo de pintura m\u00e1s verde (en ingl\u00e9s)<\/h3>\n\n\n\n<iframe loading=\"lazy\" src=\"https:\/\/www.youtube.com\/embed\/a7RSSeJm7b0\" allow=\"accelerometer; autoplay; encrypted-media; gyroscope; picture-in-picture\" allowfullscreen=\"\" width=\"560\" height=\"315\" frameborder=\"0\"><\/iframe>\n","protected":false},"excerpt":{"rendered":"<p>Vitracoat &#8211; Introducci\u00f3n (en ingl\u00e9s) Vitracoat &#8211; Nuestra historia (en ingl\u00e9s) Recubrimientos en polvo: un mejor tipo de pintura (en ingl\u00e9s) Recubrimientos en polvo: un tipo de pintura m\u00e1s fuerte (en ingl\u00e9s) Recubrimientos en polvo: un tipo de pintura m\u00e1s verde (en ingl\u00e9s)<\/p>\n","protected":false},"author":1,"featured_media":0,"parent":1011,"menu_order":0,"comment_status":"closed","ping_status":"closed","template":"resources-page.php","meta":[],"yoast_head":"<!-- This site is optimized with the Yoast SEO plugin v21.1 - https:\/\/yoast.com\/wordpress\/plugins\/seo\/ -->\n<title>Videos sobre recubrimientos en polvo - VITRACOAT<\/title>\n<meta name=\"robots\" content=\"index, follow, max-snippet:-1, max-image-preview:large, max-video-preview:-1\" \/>\n<link rel=\"canonical\" href=\"https:\/\/vitracoat.com\/mx\/resources\/powder-coating-videos\/\" \/>\n<meta property=\"og:locale\" content=\"en_US\" \/>\n<meta property=\"og:type\" content=\"article\" \/>\n<meta property=\"og:title\" content=\"Videos sobre recubrimientos en polvo - VITRACOAT\" \/>\n<meta property=\"og:description\" content=\"Vitracoat &#8211; Introducci\u00f3n (en ingl\u00e9s) Vitracoat &#8211; Nuestra historia (en ingl\u00e9s) Recubrimientos en polvo: un mejor tipo de pintura (en ingl\u00e9s) Recubrimientos en polvo: un tipo de pintura m\u00e1s fuerte (en ingl\u00e9s) Recubrimientos en polvo: un tipo de pintura m\u00e1s verde (en ingl\u00e9s)\" \/>\n<meta property=\"og:url\" content=\"https:\/\/vitracoat.com\/mx\/resources\/powder-coating-videos\/\" \/>\n<meta property=\"og:site_name\" content=\"VITRACOAT\" \/>\n<meta property=\"article:modified_time\" content=\"2020-12-08T18:47:57+00:00\" \/>\n<meta name=\"twitter:card\" content=\"summary_large_image\" \/>\n<!-- \/ Yoast SEO plugin. -->","yoast_head_json":{"title":"Videos sobre recubrimientos en polvo - VITRACOAT","robots":{"index":"index","follow":"follow","max-snippet":"max-snippet:-1","max-image-preview":"max-image-preview:large","max-video-preview":"max-video-preview:-1"},"canonical":"https:\/\/vitracoat.com\/mx\/resources\/powder-coating-videos\/","og_locale":"en_US","og_type":"article","og_title":"Videos sobre recubrimientos en polvo - VITRACOAT","og_description":"Vitracoat &#8211; Introducci\u00f3n (en ingl\u00e9s) Vitracoat &#8211; Nuestra historia (en ingl\u00e9s) Recubrimientos en polvo: un mejor tipo de pintura (en ingl\u00e9s) Recubrimientos en polvo: un tipo de pintura m\u00e1s fuerte (en ingl\u00e9s) Recubrimientos en polvo: un tipo de pintura m\u00e1s verde (en ingl\u00e9s)","og_url":"https:\/\/vitracoat.com\/mx\/resources\/powder-coating-videos\/","og_site_name":"VITRACOAT","article_modified_time":"2020-12-08T18:47:57+00:00","twitter_card":"summary_large_image","schema":{"@context":"https:\/\/schema.org","@graph":[{"@type":"WebPage","@id":"https:\/\/vitracoat.com\/mx\/resources\/powder-coating-videos\/","url":"https:\/\/vitracoat.com\/mx\/resources\/powder-coating-videos\/","name":"Videos sobre recubrimientos en polvo - VITRACOAT","isPartOf":{"@id":"https:\/\/vitracoat.com\/mx\/#website"},"datePublished":"2019-09-09T02:35:48+00:00","dateModified":"2020-12-08T18:47:57+00:00","breadcrumb":{"@id":"https:\/\/vitracoat.com\/mx\/resources\/powder-coating-videos\/#breadcrumb"},"inLanguage":"en-US","potentialAction":[{"@type":"ReadAction","target":["https:\/\/vitracoat.com\/mx\/resources\/powder-coating-videos\/"]}]},{"@type":"BreadcrumbList","@id":"https:\/\/vitracoat.com\/mx\/resources\/powder-coating-videos\/#breadcrumb","itemListElement":[{"@type":"ListItem","position":1,"name":"Home","item":"https:\/\/vitracoat.com\/mx\/"},{"@type":"ListItem","position":2,"name":"Recursos","item":"https:\/\/vitracoat.com\/mx\/resources\/"},{"@type":"ListItem","position":3,"name":"Videos sobre recubrimientos en polvo"}]},{"@type":"WebSite","@id":"https:\/\/vitracoat.com\/mx\/#website","url":"https:\/\/vitracoat.com\/mx\/","name":"VITRACOAT","description":"Vitracoat Powder Coatings","potentialAction":[{"@type":"SearchAction","target":{"@type":"EntryPoint","urlTemplate":"https:\/\/vitracoat.com\/mx\/?s={search_term_string}"},"query-input":"required name=search_term_string"}],"inLanguage":"en-US"}]}},"_links":{"self":[{"href":"https:\/\/vitracoat.com\/mx\/wp-json\/wp\/v2\/pages\/1040"}],"collection":[{"href":"https:\/\/vitracoat.com\/mx\/wp-json\/wp\/v2\/pages"}],"about":[{"href":"https:\/\/vitracoat.com\/mx\/wp-json\/wp\/v2\/types\/page"}],"author":[{"embeddable":true,"href":"https:\/\/vitracoat.com\/mx\/wp-json\/wp\/v2\/users\/1"}],"replies":[{"embeddable":true,"href":"https:\/\/vitracoat.com\/mx\/wp-json\/wp\/v2\/comments?post=1040"}],"version-history":[{"count":16,"href":"https:\/\/vitracoat.com\/mx\/wp-json\/wp\/v2\/pages\/1040\/revisions"}],"predecessor-version":[{"id":3231,"href":"https:\/\/vitracoat.com\/mx\/wp-json\/wp\/v2\/pages\/1040\/revisions\/3231"}],"up":[{"embeddable":true,"href":"https:\/\/vitracoat.com\/mx\/wp-json\/wp\/v2\/pages\/1011"}],"wp:attachment":[{"href":"https:\/\/vitracoat.com\/mx\/wp-json\/wp\/v2\/media?parent=1040"}],"curies":[{"name":"wp","href":"https:\/\/api.w.org\/{rel}","templated":true}]}}