{"id":1071,"date":"2019-09-09T03:18:47","date_gmt":"2019-09-09T03:18:47","guid":{"rendered":"http:\/\/vitracoat.com\/?page_id=1071"},"modified":"2020-04-28T01:22:13","modified_gmt":"2020-04-28T01:22:13","slug":"vitrasol-architectural-coatings","status":"publish","type":"page","link":"https:\/\/vitracoat.com\/mx\/product-information\/vitrasol-architectural-coatings\/","title":{"rendered":"VitraSOL Recubrrimientos Arquitect\u00f3nicos"},"content":{"rendered":"\n<p>Nuestros recubrimientos arquitect\u00f3nicos son de alto desempe\u00f1o, calidad y duraderos, desarrollados espec\u00edficamente para aplicaciones de este tipo. Al ser una estupenda alternativa a acabados l\u00edquidos, nuestros recubrimientos VitraSOL son ideales para su uso tanto en acero como aluminio ya sea para aplicaciones en interior como en exterior. Adicionalmente ofrecen una excelente durabilidad, muy buena resistencia qu\u00edmica e incomparable desempe\u00f1o mec\u00e1nico.<\/p>\n\n\n\n<p>Los productos VitraSOL est\u00e1n dise\u00f1ados para cumplir con especificaciones AAMA 2603-13, 2604-13 y 2605-13. Consulta con nuestros asesores que serie es la que cumple con la especificaci\u00f3n de tu producto.<\/p>\n\n\n\n<h3><strong>VitraSOL 3000 Series <\/strong><\/h3>\n\n\n\n<p>Dise\u00f1ada para cubrir las especificaciones de AAMA 2603-13, permite el uso de productos polyester est\u00e1ndar y pigmentos de alto desempe\u00f1o. Esta especificaci\u00f3n cubre aplicaciones de uso residencial y comercial.<\/p>\n\n\n\n<h3><strong>VitraSOL 4000 Series <\/strong><\/h3>\n\n\n\n<p>Dise\u00f1ada para cubrir especificaciones de AAMA 2604-13 que demandan el uso de polyesters super durables y pigmentos de alto desempe\u00f1o. Esta especificaci\u00f3n cubre aplicaciones residenciales, comerciales y arquitect\u00f3nicos Premium.<\/p>\n\n\n\n<h3><strong>VitraSOL 5000 Series <\/strong><\/h3>\n\n\n\n<p>Dise\u00f1ada para cubrir lo m\u00e1s demandante en normas, la AAMA 2605-13 requiere de tecnolog\u00eda PDVF y pigmentos de alto desempe\u00f1o. Esta gama de acabados es especificada en obras monumentales y rascacielos.<\/p>\n\n\n\n<p>Algunas aplicaciones arquitect\u00f3nicas ideales para el uso de recubrimientos en polvo son:<\/p>\n\n\n\n<ul><li>Extrusiones<\/li><li>Portones<\/li><li>Postes de alumbrado<\/li><li>Art\u00edculos de ferreter\u00eda para exteriores<\/li><li>Cercas ornamentales<\/li><li>Marcos de ventanas<\/li><li>Cercado<\/li><li>Iluminaci\u00f3n exterior<\/li><li>Paneles de techo<\/li><li>Mobiliario urbano<\/li><li>Equipo de uso rudo<\/li><\/ul>\n","protected":false},"excerpt":{"rendered":"<p>Nuestros recubrimientos arquitect\u00f3nicos son de alto desempe\u00f1o, calidad y duraderos, desarrollados espec\u00edficamente para aplicaciones de este tipo. Al ser una estupenda alternativa a acabados l\u00edquidos, nuestros recubrimientos VitraSOL son ideales para su uso tanto en acero como aluminio ya sea para aplicaciones en interior como en exterior. Adicionalmente ofrecen una excelente durabilidad, muy buena resistencia [&hellip;]<\/p>\n","protected":false},"author":1,"featured_media":0,"parent":882,"menu_order":0,"comment_status":"closed","ping_status":"closed","template":"product-information-page.php","meta":[],"yoast_head":"<!-- This site is optimized with the Yoast SEO plugin v21.1 - https:\/\/yoast.com\/wordpress\/plugins\/seo\/ -->\n<title>VitraSOL Recubrrimientos Arquitect\u00f3nicos - VITRACOAT<\/title>\n<meta name=\"robots\" content=\"index, follow, max-snippet:-1, max-image-preview:large, max-video-preview:-1\" \/>\n<link rel=\"canonical\" href=\"https:\/\/vitracoat.com\/mx\/product-information\/vitrasol-architectural-coatings\/\" \/>\n<meta property=\"og:locale\" content=\"en_US\" \/>\n<meta property=\"og:type\" content=\"article\" \/>\n<meta property=\"og:title\" content=\"VitraSOL Recubrrimientos Arquitect\u00f3nicos - VITRACOAT\" \/>\n<meta property=\"og:description\" content=\"Nuestros recubrimientos arquitect\u00f3nicos son de alto desempe\u00f1o, calidad y duraderos, desarrollados espec\u00edficamente para aplicaciones de este tipo. Al ser una estupenda alternativa a acabados l\u00edquidos, nuestros recubrimientos VitraSOL son ideales para su uso tanto en acero como aluminio ya sea para aplicaciones en interior como en exterior. Adicionalmente ofrecen una excelente durabilidad, muy buena resistencia [&hellip;]\" \/>\n<meta property=\"og:url\" content=\"https:\/\/vitracoat.com\/mx\/product-information\/vitrasol-architectural-coatings\/\" \/>\n<meta property=\"og:site_name\" content=\"VITRACOAT\" \/>\n<meta property=\"article:modified_time\" content=\"2020-04-28T01:22:13+00:00\" \/>\n<meta name=\"twitter:card\" content=\"summary_large_image\" \/>\n<meta name=\"twitter:label1\" content=\"Est. reading time\" \/>\n\t<meta name=\"twitter:data1\" content=\"1 minute\" \/>\n<!-- \/ Yoast SEO plugin. -->","yoast_head_json":{"title":"VitraSOL Recubrrimientos Arquitect\u00f3nicos - VITRACOAT","robots":{"index":"index","follow":"follow","max-snippet":"max-snippet:-1","max-image-preview":"max-image-preview:large","max-video-preview":"max-video-preview:-1"},"canonical":"https:\/\/vitracoat.com\/mx\/product-information\/vitrasol-architectural-coatings\/","og_locale":"en_US","og_type":"article","og_title":"VitraSOL Recubrrimientos Arquitect\u00f3nicos - VITRACOAT","og_description":"Nuestros recubrimientos arquitect\u00f3nicos son de alto desempe\u00f1o, calidad y duraderos, desarrollados espec\u00edficamente para aplicaciones de este tipo. Al ser una estupenda alternativa a acabados l\u00edquidos, nuestros recubrimientos VitraSOL son ideales para su uso tanto en acero como aluminio ya sea para aplicaciones en interior como en exterior. Adicionalmente ofrecen una excelente durabilidad, muy buena resistencia [&hellip;]","og_url":"https:\/\/vitracoat.com\/mx\/product-information\/vitrasol-architectural-coatings\/","og_site_name":"VITRACOAT","article_modified_time":"2020-04-28T01:22:13+00:00","twitter_card":"summary_large_image","twitter_misc":{"Est. reading time":"1 minute"},"schema":{"@context":"https:\/\/schema.org","@graph":[{"@type":"WebPage","@id":"https:\/\/vitracoat.com\/mx\/product-information\/vitrasol-architectural-coatings\/","url":"https:\/\/vitracoat.com\/mx\/product-information\/vitrasol-architectural-coatings\/","name":"VitraSOL Recubrrimientos Arquitect\u00f3nicos - VITRACOAT","isPartOf":{"@id":"https:\/\/vitracoat.com\/mx\/#website"},"datePublished":"2019-09-09T03:18:47+00:00","dateModified":"2020-04-28T01:22:13+00:00","breadcrumb":{"@id":"https:\/\/vitracoat.com\/mx\/product-information\/vitrasol-architectural-coatings\/#breadcrumb"},"inLanguage":"en-US","potentialAction":[{"@type":"ReadAction","target":["https:\/\/vitracoat.com\/mx\/product-information\/vitrasol-architectural-coatings\/"]}]},{"@type":"BreadcrumbList","@id":"https:\/\/vitracoat.com\/mx\/product-information\/vitrasol-architectural-coatings\/#breadcrumb","itemListElement":[{"@type":"ListItem","position":1,"name":"Home","item":"https:\/\/vitracoat.com\/mx\/"},{"@type":"ListItem","position":2,"name":"Informaci\u00f3n de nuestros productos","item":"https:\/\/vitracoat.com\/mx\/product-information\/"},{"@type":"ListItem","position":3,"name":"VitraSOL Recubrrimientos Arquitect\u00f3nicos"}]},{"@type":"WebSite","@id":"https:\/\/vitracoat.com\/mx\/#website","url":"https:\/\/vitracoat.com\/mx\/","name":"VITRACOAT","description":"Vitracoat Powder Coatings","potentialAction":[{"@type":"SearchAction","target":{"@type":"EntryPoint","urlTemplate":"https:\/\/vitracoat.com\/mx\/?s={search_term_string}"},"query-input":"required name=search_term_string"}],"inLanguage":"en-US"}]}},"_links":{"self":[{"href":"https:\/\/vitracoat.com\/mx\/wp-json\/wp\/v2\/pages\/1071"}],"collection":[{"href":"https:\/\/vitracoat.com\/mx\/wp-json\/wp\/v2\/pages"}],"about":[{"href":"https:\/\/vitracoat.com\/mx\/wp-json\/wp\/v2\/types\/page"}],"author":[{"embeddable":true,"href":"https:\/\/vitracoat.com\/mx\/wp-json\/wp\/v2\/users\/1"}],"replies":[{"embeddable":true,"href":"https:\/\/vitracoat.com\/mx\/wp-json\/wp\/v2\/comments?post=1071"}],"version-history":[{"count":11,"href":"https:\/\/vitracoat.com\/mx\/wp-json\/wp\/v2\/pages\/1071\/revisions"}],"predecessor-version":[{"id":3073,"href":"https:\/\/vitracoat.com\/mx\/wp-json\/wp\/v2\/pages\/1071\/revisions\/3073"}],"up":[{"embeddable":true,"href":"https:\/\/vitracoat.com\/mx\/wp-json\/wp\/v2\/pages\/882"}],"wp:attachment":[{"href":"https:\/\/vitracoat.com\/mx\/wp-json\/wp\/v2\/media?parent=1071"}],"curies":[{"name":"wp","href":"https:\/\/api.w.org\/{rel}","templated":true}]}}