{"id":1073,"date":"2019-09-09T03:19:37","date_gmt":"2019-09-09T03:19:37","guid":{"rendered":"http:\/\/vitracoat.com\/?page_id=1073"},"modified":"2020-12-08T22:20:01","modified_gmt":"2020-12-08T22:20:01","slug":"vitraextreme-super-durable-corrosion-resistant-coatings","status":"publish","type":"page","link":"https:\/\/vitracoat.com\/mx\/product-information\/vitraextreme-super-durable-corrosion-resistant-coatings\/","title":{"rendered":"VitraXtreme Recubrimientos Super Durables Resistentes a la Corrosi\u00f3n"},"content":{"rendered":"\n<p>Durante a\u00f1os, un sistema bicapa hab\u00eda sido la respuesta a obtener tanto la resistencia a la corrosi\u00f3n, como un excepcional desempe\u00f1o en rayos UV. Esto consiste en la aplicaci\u00f3n de un primario dise\u00f1ado para brindar resistencia a la corrosi\u00f3n, pero una pobre resistencia UV. Por lo anterior, una capa de un sistema polyester es requerida para obtener la protecci\u00f3n UV que permita la estabilidad del color y retenci\u00f3n del brillo, lo cual hace la aplicaci\u00f3n muy costosa.<\/p>\n\n\n\n<p>Por fortuna, Vitracoat ofrece un Sistema de una sola capa que se desempe\u00f1a como un sistema bicapa de pintura en polvo. La tecnolog\u00eda Vitracoat SDCR (super durable y resistente a la corrosi\u00f3n) otorga la capacidad de obtener excepcional resistencia a la corrosi\u00f3n y una estupenda protecci\u00f3n a los rayos UV en un solo paso.<\/p>\n\n\n\n<p>Esta nueva tecnolog\u00eda SDCR tiene las caracter\u00edsticas integradas en un solo sistema tanto para aluminio como para acero que provee excelentes propiedades de adherencia y protecci\u00f3n necesarias para aumentar la resistencia a la corrosi\u00f3n. En adici\u00f3n, te permite obtener una duraci\u00f3n en ambientes de intemperie que cumplan con la AAMA 2604-13.<\/p>\n\n\n\n<h3>Ideales en:<\/h3>\n\n\n\n<ul><li>Equipo de construcci\u00f3n<\/li><li>Remolques<\/li><li>Mobiliario de exterior<\/li><li>Rines<\/li><li>Equipo para jard\u00edn<\/li><li>Podadoras<\/li><li>Cercas perimetrales<\/li><li>Equipos de HVAC<\/li><\/ul>\n","protected":false},"excerpt":{"rendered":"<p>Durante a\u00f1os, un sistema bicapa hab\u00eda sido la respuesta a obtener tanto la resistencia a la corrosi\u00f3n, como un excepcional desempe\u00f1o en rayos UV. Esto consiste en la aplicaci\u00f3n de un primario dise\u00f1ado para brindar resistencia a la corrosi\u00f3n, pero una pobre resistencia UV. Por lo anterior, una capa de un sistema polyester es requerida [&hellip;]<\/p>\n","protected":false},"author":1,"featured_media":0,"parent":882,"menu_order":0,"comment_status":"closed","ping_status":"closed","template":"product-information-page.php","meta":[],"yoast_head":"<!-- This site is optimized with the Yoast SEO plugin v21.1 - https:\/\/yoast.com\/wordpress\/plugins\/seo\/ -->\n<title>VitraXtreme Recubrimientos Super Durables Resistentes a la Corrosi\u00f3n - VITRACOAT<\/title>\n<meta name=\"robots\" content=\"index, follow, max-snippet:-1, max-image-preview:large, max-video-preview:-1\" \/>\n<link rel=\"canonical\" href=\"https:\/\/vitracoat.com\/mx\/product-information\/vitraextreme-super-durable-corrosion-resistant-coatings\/\" \/>\n<meta property=\"og:locale\" content=\"en_US\" \/>\n<meta property=\"og:type\" content=\"article\" \/>\n<meta property=\"og:title\" content=\"VitraXtreme Recubrimientos Super Durables Resistentes a la Corrosi\u00f3n - VITRACOAT\" \/>\n<meta property=\"og:description\" content=\"Durante a\u00f1os, un sistema bicapa hab\u00eda sido la respuesta a obtener tanto la resistencia a la corrosi\u00f3n, como un excepcional desempe\u00f1o en rayos UV. Esto consiste en la aplicaci\u00f3n de un primario dise\u00f1ado para brindar resistencia a la corrosi\u00f3n, pero una pobre resistencia UV. Por lo anterior, una capa de un sistema polyester es requerida [&hellip;]\" \/>\n<meta property=\"og:url\" content=\"https:\/\/vitracoat.com\/mx\/product-information\/vitraextreme-super-durable-corrosion-resistant-coatings\/\" \/>\n<meta property=\"og:site_name\" content=\"VITRACOAT\" \/>\n<meta property=\"article:modified_time\" content=\"2020-12-08T22:20:01+00:00\" \/>\n<meta name=\"twitter:card\" content=\"summary_large_image\" \/>\n<meta name=\"twitter:label1\" content=\"Est. reading time\" \/>\n\t<meta name=\"twitter:data1\" content=\"1 minute\" \/>\n<!-- \/ Yoast SEO plugin. -->","yoast_head_json":{"title":"VitraXtreme Recubrimientos Super Durables Resistentes a la Corrosi\u00f3n - VITRACOAT","robots":{"index":"index","follow":"follow","max-snippet":"max-snippet:-1","max-image-preview":"max-image-preview:large","max-video-preview":"max-video-preview:-1"},"canonical":"https:\/\/vitracoat.com\/mx\/product-information\/vitraextreme-super-durable-corrosion-resistant-coatings\/","og_locale":"en_US","og_type":"article","og_title":"VitraXtreme Recubrimientos Super Durables Resistentes a la Corrosi\u00f3n - VITRACOAT","og_description":"Durante a\u00f1os, un sistema bicapa hab\u00eda sido la respuesta a obtener tanto la resistencia a la corrosi\u00f3n, como un excepcional desempe\u00f1o en rayos UV. Esto consiste en la aplicaci\u00f3n de un primario dise\u00f1ado para brindar resistencia a la corrosi\u00f3n, pero una pobre resistencia UV. Por lo anterior, una capa de un sistema polyester es requerida [&hellip;]","og_url":"https:\/\/vitracoat.com\/mx\/product-information\/vitraextreme-super-durable-corrosion-resistant-coatings\/","og_site_name":"VITRACOAT","article_modified_time":"2020-12-08T22:20:01+00:00","twitter_card":"summary_large_image","twitter_misc":{"Est. reading time":"1 minute"},"schema":{"@context":"https:\/\/schema.org","@graph":[{"@type":"WebPage","@id":"https:\/\/vitracoat.com\/mx\/product-information\/vitraextreme-super-durable-corrosion-resistant-coatings\/","url":"https:\/\/vitracoat.com\/mx\/product-information\/vitraextreme-super-durable-corrosion-resistant-coatings\/","name":"VitraXtreme Recubrimientos Super Durables Resistentes a la Corrosi\u00f3n - VITRACOAT","isPartOf":{"@id":"https:\/\/vitracoat.com\/mx\/#website"},"datePublished":"2019-09-09T03:19:37+00:00","dateModified":"2020-12-08T22:20:01+00:00","breadcrumb":{"@id":"https:\/\/vitracoat.com\/mx\/product-information\/vitraextreme-super-durable-corrosion-resistant-coatings\/#breadcrumb"},"inLanguage":"en-US","potentialAction":[{"@type":"ReadAction","target":["https:\/\/vitracoat.com\/mx\/product-information\/vitraextreme-super-durable-corrosion-resistant-coatings\/"]}]},{"@type":"BreadcrumbList","@id":"https:\/\/vitracoat.com\/mx\/product-information\/vitraextreme-super-durable-corrosion-resistant-coatings\/#breadcrumb","itemListElement":[{"@type":"ListItem","position":1,"name":"Home","item":"https:\/\/vitracoat.com\/mx\/"},{"@type":"ListItem","position":2,"name":"Informaci\u00f3n de nuestros productos","item":"https:\/\/vitracoat.com\/mx\/product-information\/"},{"@type":"ListItem","position":3,"name":"VitraXtreme Recubrimientos Super Durables Resistentes a la Corrosi\u00f3n"}]},{"@type":"WebSite","@id":"https:\/\/vitracoat.com\/mx\/#website","url":"https:\/\/vitracoat.com\/mx\/","name":"VITRACOAT","description":"Vitracoat Powder Coatings","potentialAction":[{"@type":"SearchAction","target":{"@type":"EntryPoint","urlTemplate":"https:\/\/vitracoat.com\/mx\/?s={search_term_string}"},"query-input":"required name=search_term_string"}],"inLanguage":"en-US"}]}},"_links":{"self":[{"href":"https:\/\/vitracoat.com\/mx\/wp-json\/wp\/v2\/pages\/1073"}],"collection":[{"href":"https:\/\/vitracoat.com\/mx\/wp-json\/wp\/v2\/pages"}],"about":[{"href":"https:\/\/vitracoat.com\/mx\/wp-json\/wp\/v2\/types\/page"}],"author":[{"embeddable":true,"href":"https:\/\/vitracoat.com\/mx\/wp-json\/wp\/v2\/users\/1"}],"replies":[{"embeddable":true,"href":"https:\/\/vitracoat.com\/mx\/wp-json\/wp\/v2\/comments?post=1073"}],"version-history":[{"count":15,"href":"https:\/\/vitracoat.com\/mx\/wp-json\/wp\/v2\/pages\/1073\/revisions"}],"predecessor-version":[{"id":3239,"href":"https:\/\/vitracoat.com\/mx\/wp-json\/wp\/v2\/pages\/1073\/revisions\/3239"}],"up":[{"embeddable":true,"href":"https:\/\/vitracoat.com\/mx\/wp-json\/wp\/v2\/pages\/882"}],"wp:attachment":[{"href":"https:\/\/vitracoat.com\/mx\/wp-json\/wp\/v2\/media?parent=1073"}],"curies":[{"name":"wp","href":"https:\/\/api.w.org\/{rel}","templated":true}]}}