{"id":1075,"date":"2019-09-09T03:26:15","date_gmt":"2019-09-09T03:26:15","guid":{"rendered":"http:\/\/vitracoat.com\/?page_id=1075"},"modified":"2020-12-08T18:14:55","modified_gmt":"2020-12-08T18:14:55","slug":"vitrabond-bonded-metallic-coatings","status":"publish","type":"page","link":"https:\/\/vitracoat.com\/mx\/product-information\/vitrabond-bonded-metallic-coatings\/","title":{"rendered":"VitraBOND Recubrimientos Met\u00e1licos Bondeados"},"content":{"rendered":"\n<p>Las pinturas en polvo con acabados met\u00e1licos son cada vez m\u00e1s comunes y su popularidad contin\u00faa en aumento. Sin embargo, la aplicaci\u00f3n de este tipo de recubrimientos puede ser todo un reto. Cuando un recubrimiento en polvo tiene una mezcla en seco de una hojuela met\u00e1lica en la base del polvo, el proceso resulta en una dispersi\u00f3n dispareja del metal en el polvo. Esto com\u00fanmente lleva a acabados inconsistentes, problemas de penetraci\u00f3n en \u00e1reas de Faraday y hace pr\u00e1cticamente imposible el que este polvo sea recuperado o reciclado.<\/p>\n\n\n\n<p>VitraBOND es un proceso patentado que incorpora calor y mezclado de alta densidad en un ambiente controlado. Este proceso \u00fanico de bondeado nos permite encapsular con m\u00e1xima eficiencia la part\u00edcula met\u00e1lica. El resultado es realista, f\u00e1cil de aplicar y un acabado metalico ideal. Este proceso hecho \u201cen casa\u201d nos permite desarrollar productos de muy alto desempe\u00f1o, mejorar nuestros tiempos de entrega y, por supuesto, calidad excepcional.<\/p>\n\n\n\n<h3>Ideales en:<\/h3>\n\n\n\n<ul><li>Aparatos de ejercicio<\/li><li>Mobiliario para interior y exterior<\/li><li>Rines<\/li><li>Sistemas de iluminaci\u00f3n <\/li><li>Exhibidores de punto de venta (display)<\/li><li>Muebles de oficina<\/li><li>Bicicletas y motocicletas<\/li><li>Autopartes<\/li><\/ul>\n","protected":false},"excerpt":{"rendered":"<p>Las pinturas en polvo con acabados met\u00e1licos son cada vez m\u00e1s comunes y su popularidad contin\u00faa en aumento. Sin embargo, la aplicaci\u00f3n de este tipo de recubrimientos puede ser todo un reto. Cuando un recubrimiento en polvo tiene una mezcla en seco de una hojuela met\u00e1lica en la base del polvo, el proceso resulta en [&hellip;]<\/p>\n","protected":false},"author":1,"featured_media":0,"parent":882,"menu_order":0,"comment_status":"closed","ping_status":"closed","template":"product-information-page.php","meta":[],"yoast_head":"<!-- This site is optimized with the Yoast SEO plugin v21.1 - https:\/\/yoast.com\/wordpress\/plugins\/seo\/ -->\n<title>VitraBOND Recubrimientos Met\u00e1licos Bondeados - VITRACOAT<\/title>\n<meta name=\"robots\" content=\"index, follow, max-snippet:-1, max-image-preview:large, max-video-preview:-1\" \/>\n<link rel=\"canonical\" href=\"https:\/\/vitracoat.com\/mx\/product-information\/vitrabond-bonded-metallic-coatings\/\" \/>\n<meta property=\"og:locale\" content=\"en_US\" \/>\n<meta property=\"og:type\" content=\"article\" \/>\n<meta property=\"og:title\" content=\"VitraBOND Recubrimientos Met\u00e1licos Bondeados - VITRACOAT\" \/>\n<meta property=\"og:description\" content=\"Las pinturas en polvo con acabados met\u00e1licos son cada vez m\u00e1s comunes y su popularidad contin\u00faa en aumento. Sin embargo, la aplicaci\u00f3n de este tipo de recubrimientos puede ser todo un reto. Cuando un recubrimiento en polvo tiene una mezcla en seco de una hojuela met\u00e1lica en la base del polvo, el proceso resulta en [&hellip;]\" \/>\n<meta property=\"og:url\" content=\"https:\/\/vitracoat.com\/mx\/product-information\/vitrabond-bonded-metallic-coatings\/\" \/>\n<meta property=\"og:site_name\" content=\"VITRACOAT\" \/>\n<meta property=\"article:modified_time\" content=\"2020-12-08T18:14:55+00:00\" \/>\n<meta name=\"twitter:card\" content=\"summary_large_image\" \/>\n<meta name=\"twitter:label1\" content=\"Est. reading time\" \/>\n\t<meta name=\"twitter:data1\" content=\"1 minute\" \/>\n<!-- \/ Yoast SEO plugin. -->","yoast_head_json":{"title":"VitraBOND Recubrimientos Met\u00e1licos Bondeados - VITRACOAT","robots":{"index":"index","follow":"follow","max-snippet":"max-snippet:-1","max-image-preview":"max-image-preview:large","max-video-preview":"max-video-preview:-1"},"canonical":"https:\/\/vitracoat.com\/mx\/product-information\/vitrabond-bonded-metallic-coatings\/","og_locale":"en_US","og_type":"article","og_title":"VitraBOND Recubrimientos Met\u00e1licos Bondeados - VITRACOAT","og_description":"Las pinturas en polvo con acabados met\u00e1licos son cada vez m\u00e1s comunes y su popularidad contin\u00faa en aumento. Sin embargo, la aplicaci\u00f3n de este tipo de recubrimientos puede ser todo un reto. Cuando un recubrimiento en polvo tiene una mezcla en seco de una hojuela met\u00e1lica en la base del polvo, el proceso resulta en [&hellip;]","og_url":"https:\/\/vitracoat.com\/mx\/product-information\/vitrabond-bonded-metallic-coatings\/","og_site_name":"VITRACOAT","article_modified_time":"2020-12-08T18:14:55+00:00","twitter_card":"summary_large_image","twitter_misc":{"Est. reading time":"1 minute"},"schema":{"@context":"https:\/\/schema.org","@graph":[{"@type":"WebPage","@id":"https:\/\/vitracoat.com\/mx\/product-information\/vitrabond-bonded-metallic-coatings\/","url":"https:\/\/vitracoat.com\/mx\/product-information\/vitrabond-bonded-metallic-coatings\/","name":"VitraBOND Recubrimientos Met\u00e1licos Bondeados - VITRACOAT","isPartOf":{"@id":"https:\/\/vitracoat.com\/mx\/#website"},"datePublished":"2019-09-09T03:26:15+00:00","dateModified":"2020-12-08T18:14:55+00:00","breadcrumb":{"@id":"https:\/\/vitracoat.com\/mx\/product-information\/vitrabond-bonded-metallic-coatings\/#breadcrumb"},"inLanguage":"en-US","potentialAction":[{"@type":"ReadAction","target":["https:\/\/vitracoat.com\/mx\/product-information\/vitrabond-bonded-metallic-coatings\/"]}]},{"@type":"BreadcrumbList","@id":"https:\/\/vitracoat.com\/mx\/product-information\/vitrabond-bonded-metallic-coatings\/#breadcrumb","itemListElement":[{"@type":"ListItem","position":1,"name":"Home","item":"https:\/\/vitracoat.com\/mx\/"},{"@type":"ListItem","position":2,"name":"Informaci\u00f3n de nuestros productos","item":"https:\/\/vitracoat.com\/mx\/product-information\/"},{"@type":"ListItem","position":3,"name":"VitraBOND Recubrimientos Met\u00e1licos Bondeados"}]},{"@type":"WebSite","@id":"https:\/\/vitracoat.com\/mx\/#website","url":"https:\/\/vitracoat.com\/mx\/","name":"VITRACOAT","description":"Vitracoat Powder Coatings","potentialAction":[{"@type":"SearchAction","target":{"@type":"EntryPoint","urlTemplate":"https:\/\/vitracoat.com\/mx\/?s={search_term_string}"},"query-input":"required name=search_term_string"}],"inLanguage":"en-US"}]}},"_links":{"self":[{"href":"https:\/\/vitracoat.com\/mx\/wp-json\/wp\/v2\/pages\/1075"}],"collection":[{"href":"https:\/\/vitracoat.com\/mx\/wp-json\/wp\/v2\/pages"}],"about":[{"href":"https:\/\/vitracoat.com\/mx\/wp-json\/wp\/v2\/types\/page"}],"author":[{"embeddable":true,"href":"https:\/\/vitracoat.com\/mx\/wp-json\/wp\/v2\/users\/1"}],"replies":[{"embeddable":true,"href":"https:\/\/vitracoat.com\/mx\/wp-json\/wp\/v2\/comments?post=1075"}],"version-history":[{"count":14,"href":"https:\/\/vitracoat.com\/mx\/wp-json\/wp\/v2\/pages\/1075\/revisions"}],"predecessor-version":[{"id":3210,"href":"https:\/\/vitracoat.com\/mx\/wp-json\/wp\/v2\/pages\/1075\/revisions\/3210"}],"up":[{"embeddable":true,"href":"https:\/\/vitracoat.com\/mx\/wp-json\/wp\/v2\/pages\/882"}],"wp:attachment":[{"href":"https:\/\/vitracoat.com\/mx\/wp-json\/wp\/v2\/media?parent=1075"}],"curies":[{"name":"wp","href":"https:\/\/api.w.org\/{rel}","templated":true}]}}