{"id":1077,"date":"2019-09-09T03:27:24","date_gmt":"2019-09-09T03:27:24","guid":{"rendered":"http:\/\/vitracoat.com\/?page_id=1077"},"modified":"2020-12-08T18:18:04","modified_gmt":"2020-12-08T18:18:04","slug":"vitraheat-heat-resistant-coatings","status":"publish","type":"page","link":"https:\/\/vitracoat.com\/mx\/product-information\/vitraheat-heat-resistant-coatings\/","title":{"rendered":"VitraHEAT Recubrimientos Resistentes a Altas Temperaturas"},"content":{"rendered":"\n<p>En muchas ocasiones es importante el contar con un recubrimiento que resista altas temperaturas sin que se vean afectados el brillo, color y la adherencia. La l\u00ednea de alta temperatura de Vitracoat ayuda manteniendo una perfecta adherencia y evita el resquebrajamiento cuando es expuesta a no m\u00e1s de 500\u00baC.<\/p>\n\n\n\n<h3><strong>VitraHEAT Nivel I<\/strong><\/h3>\n\n\n\n<p>Nuestra l\u00ednea de alta temperatura Nivel I esta dise\u00f1ada para soportar temperaturas desde los 200\u00baC hasta una temperatura m\u00e1xima de 315\u00baC de trabajo intermitente. Est\u00e1 disponible en una gama de colores con y sin textura. Esta l\u00ednea puede aplicarse en estufas y tostadores.<\/p>\n\n\n\n<h3><strong>VitraHEAT Nivel II<\/strong><\/h3>\n\n\n\n<p>Nuestra l\u00ednea de alta temperatura Nivel II est\u00e1 dise\u00f1ada para soportar temperaturas desde los 315\u00baC hasta un m\u00e1ximo de 450\u00baC de trabajo intermitente. Esta l\u00ednea puede aplicarse en asadores comerciales.<\/p>\n\n\n\n<h3><strong>VitraHEAT Nivel III <\/strong><\/h3>\n\n\n\n<p>Nuestra l\u00ednea de alta temperatura Nivel III a base de silicona, est\u00e1 dise\u00f1ada para soportar temperaturas desde los 450\u00baC hasta un m\u00e1ximo de 500\u00baC de uso intermitente. Est\u00e1 disponible \u00fanicamente en negro texturizado y se recomienda su aplicaci\u00f3n sobre superficies tratadas mec\u00e1nicamente para \u00f3ptimo anclaje sobre la misma. Esta l\u00ednea est\u00e1 dise\u00f1ada para ser aplicada en sistemas de escape o mofles.<\/p>\n","protected":false},"excerpt":{"rendered":"<p>En muchas ocasiones es importante el contar con un recubrimiento que resista altas temperaturas sin que se vean afectados el brillo, color y la adherencia. La l\u00ednea de alta temperatura de Vitracoat ayuda manteniendo una perfecta adherencia y evita el resquebrajamiento cuando es expuesta a no m\u00e1s de 500\u00baC. VitraHEAT Nivel I Nuestra l\u00ednea de [&hellip;]<\/p>\n","protected":false},"author":1,"featured_media":0,"parent":882,"menu_order":0,"comment_status":"closed","ping_status":"closed","template":"product-information-page.php","meta":[],"yoast_head":"<!-- This site is optimized with the Yoast SEO plugin v21.1 - https:\/\/yoast.com\/wordpress\/plugins\/seo\/ -->\n<title>VitraHEAT Recubrimientos Resistentes a Altas Temperaturas - VITRACOAT<\/title>\n<meta name=\"robots\" content=\"index, follow, max-snippet:-1, max-image-preview:large, max-video-preview:-1\" \/>\n<link rel=\"canonical\" href=\"https:\/\/vitracoat.com\/mx\/product-information\/vitraheat-heat-resistant-coatings\/\" \/>\n<meta property=\"og:locale\" content=\"en_US\" \/>\n<meta property=\"og:type\" content=\"article\" \/>\n<meta property=\"og:title\" content=\"VitraHEAT Recubrimientos Resistentes a Altas Temperaturas - VITRACOAT\" \/>\n<meta property=\"og:description\" content=\"En muchas ocasiones es importante el contar con un recubrimiento que resista altas temperaturas sin que se vean afectados el brillo, color y la adherencia. La l\u00ednea de alta temperatura de Vitracoat ayuda manteniendo una perfecta adherencia y evita el resquebrajamiento cuando es expuesta a no m\u00e1s de 500\u00baC. VitraHEAT Nivel I Nuestra l\u00ednea de [&hellip;]\" \/>\n<meta property=\"og:url\" content=\"https:\/\/vitracoat.com\/mx\/product-information\/vitraheat-heat-resistant-coatings\/\" \/>\n<meta property=\"og:site_name\" content=\"VITRACOAT\" \/>\n<meta property=\"article:modified_time\" content=\"2020-12-08T18:18:04+00:00\" \/>\n<meta name=\"twitter:card\" content=\"summary_large_image\" \/>\n<meta name=\"twitter:label1\" content=\"Est. reading time\" \/>\n\t<meta name=\"twitter:data1\" content=\"1 minute\" \/>\n<!-- \/ Yoast SEO plugin. -->","yoast_head_json":{"title":"VitraHEAT Recubrimientos Resistentes a Altas Temperaturas - VITRACOAT","robots":{"index":"index","follow":"follow","max-snippet":"max-snippet:-1","max-image-preview":"max-image-preview:large","max-video-preview":"max-video-preview:-1"},"canonical":"https:\/\/vitracoat.com\/mx\/product-information\/vitraheat-heat-resistant-coatings\/","og_locale":"en_US","og_type":"article","og_title":"VitraHEAT Recubrimientos Resistentes a Altas Temperaturas - VITRACOAT","og_description":"En muchas ocasiones es importante el contar con un recubrimiento que resista altas temperaturas sin que se vean afectados el brillo, color y la adherencia. La l\u00ednea de alta temperatura de Vitracoat ayuda manteniendo una perfecta adherencia y evita el resquebrajamiento cuando es expuesta a no m\u00e1s de 500\u00baC. VitraHEAT Nivel I Nuestra l\u00ednea de [&hellip;]","og_url":"https:\/\/vitracoat.com\/mx\/product-information\/vitraheat-heat-resistant-coatings\/","og_site_name":"VITRACOAT","article_modified_time":"2020-12-08T18:18:04+00:00","twitter_card":"summary_large_image","twitter_misc":{"Est. reading time":"1 minute"},"schema":{"@context":"https:\/\/schema.org","@graph":[{"@type":"WebPage","@id":"https:\/\/vitracoat.com\/mx\/product-information\/vitraheat-heat-resistant-coatings\/","url":"https:\/\/vitracoat.com\/mx\/product-information\/vitraheat-heat-resistant-coatings\/","name":"VitraHEAT Recubrimientos Resistentes a Altas Temperaturas - VITRACOAT","isPartOf":{"@id":"https:\/\/vitracoat.com\/mx\/#website"},"datePublished":"2019-09-09T03:27:24+00:00","dateModified":"2020-12-08T18:18:04+00:00","breadcrumb":{"@id":"https:\/\/vitracoat.com\/mx\/product-information\/vitraheat-heat-resistant-coatings\/#breadcrumb"},"inLanguage":"en-US","potentialAction":[{"@type":"ReadAction","target":["https:\/\/vitracoat.com\/mx\/product-information\/vitraheat-heat-resistant-coatings\/"]}]},{"@type":"BreadcrumbList","@id":"https:\/\/vitracoat.com\/mx\/product-information\/vitraheat-heat-resistant-coatings\/#breadcrumb","itemListElement":[{"@type":"ListItem","position":1,"name":"Home","item":"https:\/\/vitracoat.com\/mx\/"},{"@type":"ListItem","position":2,"name":"Informaci\u00f3n de nuestros productos","item":"https:\/\/vitracoat.com\/mx\/product-information\/"},{"@type":"ListItem","position":3,"name":"VitraHEAT Recubrimientos Resistentes a Altas Temperaturas"}]},{"@type":"WebSite","@id":"https:\/\/vitracoat.com\/mx\/#website","url":"https:\/\/vitracoat.com\/mx\/","name":"VITRACOAT","description":"Vitracoat Powder Coatings","potentialAction":[{"@type":"SearchAction","target":{"@type":"EntryPoint","urlTemplate":"https:\/\/vitracoat.com\/mx\/?s={search_term_string}"},"query-input":"required name=search_term_string"}],"inLanguage":"en-US"}]}},"_links":{"self":[{"href":"https:\/\/vitracoat.com\/mx\/wp-json\/wp\/v2\/pages\/1077"}],"collection":[{"href":"https:\/\/vitracoat.com\/mx\/wp-json\/wp\/v2\/pages"}],"about":[{"href":"https:\/\/vitracoat.com\/mx\/wp-json\/wp\/v2\/types\/page"}],"author":[{"embeddable":true,"href":"https:\/\/vitracoat.com\/mx\/wp-json\/wp\/v2\/users\/1"}],"replies":[{"embeddable":true,"href":"https:\/\/vitracoat.com\/mx\/wp-json\/wp\/v2\/comments?post=1077"}],"version-history":[{"count":15,"href":"https:\/\/vitracoat.com\/mx\/wp-json\/wp\/v2\/pages\/1077\/revisions"}],"predecessor-version":[{"id":3212,"href":"https:\/\/vitracoat.com\/mx\/wp-json\/wp\/v2\/pages\/1077\/revisions\/3212"}],"up":[{"embeddable":true,"href":"https:\/\/vitracoat.com\/mx\/wp-json\/wp\/v2\/pages\/882"}],"wp:attachment":[{"href":"https:\/\/vitracoat.com\/mx\/wp-json\/wp\/v2\/media?parent=1077"}],"curies":[{"name":"wp","href":"https:\/\/api.w.org\/{rel}","templated":true}]}}