{"id":1079,"date":"2019-09-09T03:28:04","date_gmt":"2019-09-09T03:28:04","guid":{"rendered":"http:\/\/vitracoat.com\/?page_id=1079"},"modified":"2020-12-08T18:19:06","modified_gmt":"2020-12-08T18:19:06","slug":"vitrazn-zinc-containing-coatings","status":"publish","type":"page","link":"https:\/\/vitracoat.com\/mx\/product-information\/vitrazn-zinc-containing-coatings\/","title":{"rendered":"VitraZN Recubrimientos Enriquecidos con Zinc"},"content":{"rendered":"\n<p>Los recubrimientos enriquecidos con zinc contienen un alto porcentaje de polvo de zinc que act\u00faa como elemento de sacrificio cuando entran en contacto con el acero. Se aplican para proteger superficies ferrosas de la corrosi\u00f3n y extender la vida \u00fatil de la pieza. Estos recubrimientos, adicionalmente, proveen protecci\u00f3n cat\u00f3dica a los metales similares al del galvanizado en fr\u00edo. Estos recubrimientos contienen del 65 al 95% de zinc en una pel\u00edcula seca y curada, siendo del 92 al 95% el promedio alto.<\/p>\n\n\n\n<h3>Aplicaciones Ideales<strong> <\/strong><\/h3>\n\n\n\n<ul><li>Resortes automotrices<\/li><li>Piezas o componentes bajo cofre <\/li><li>Equipo para agricultura<\/li><li>Trailers<\/li><li>Cercados<\/li><li>Postes de iluminaci\u00f3n<\/li><\/ul>\n","protected":false},"excerpt":{"rendered":"<p>Los recubrimientos enriquecidos con zinc contienen un alto porcentaje de polvo de zinc que act\u00faa como elemento de sacrificio cuando entran en contacto con el acero. Se aplican para proteger superficies ferrosas de la corrosi\u00f3n y extender la vida \u00fatil de la pieza. Estos recubrimientos, adicionalmente, proveen protecci\u00f3n cat\u00f3dica a los metales similares al del [&hellip;]<\/p>\n","protected":false},"author":1,"featured_media":0,"parent":882,"menu_order":0,"comment_status":"closed","ping_status":"closed","template":"product-information-page.php","meta":[],"yoast_head":"<!-- This site is optimized with the Yoast SEO plugin v21.1 - https:\/\/yoast.com\/wordpress\/plugins\/seo\/ -->\n<title>VitraZN Recubrimientos Enriquecidos con Zinc - VITRACOAT<\/title>\n<meta name=\"robots\" content=\"index, follow, max-snippet:-1, max-image-preview:large, max-video-preview:-1\" \/>\n<link rel=\"canonical\" href=\"https:\/\/vitracoat.com\/mx\/product-information\/vitrazn-zinc-containing-coatings\/\" \/>\n<meta property=\"og:locale\" content=\"en_US\" \/>\n<meta property=\"og:type\" content=\"article\" \/>\n<meta property=\"og:title\" content=\"VitraZN Recubrimientos Enriquecidos con Zinc - VITRACOAT\" \/>\n<meta property=\"og:description\" content=\"Los recubrimientos enriquecidos con zinc contienen un alto porcentaje de polvo de zinc que act\u00faa como elemento de sacrificio cuando entran en contacto con el acero. Se aplican para proteger superficies ferrosas de la corrosi\u00f3n y extender la vida \u00fatil de la pieza. Estos recubrimientos, adicionalmente, proveen protecci\u00f3n cat\u00f3dica a los metales similares al del [&hellip;]\" \/>\n<meta property=\"og:url\" content=\"https:\/\/vitracoat.com\/mx\/product-information\/vitrazn-zinc-containing-coatings\/\" \/>\n<meta property=\"og:site_name\" content=\"VITRACOAT\" \/>\n<meta property=\"article:modified_time\" content=\"2020-12-08T18:19:06+00:00\" \/>\n<meta name=\"twitter:card\" content=\"summary_large_image\" \/>\n<!-- \/ Yoast SEO plugin. -->","yoast_head_json":{"title":"VitraZN Recubrimientos Enriquecidos con Zinc - VITRACOAT","robots":{"index":"index","follow":"follow","max-snippet":"max-snippet:-1","max-image-preview":"max-image-preview:large","max-video-preview":"max-video-preview:-1"},"canonical":"https:\/\/vitracoat.com\/mx\/product-information\/vitrazn-zinc-containing-coatings\/","og_locale":"en_US","og_type":"article","og_title":"VitraZN Recubrimientos Enriquecidos con Zinc - VITRACOAT","og_description":"Los recubrimientos enriquecidos con zinc contienen un alto porcentaje de polvo de zinc que act\u00faa como elemento de sacrificio cuando entran en contacto con el acero. Se aplican para proteger superficies ferrosas de la corrosi\u00f3n y extender la vida \u00fatil de la pieza. Estos recubrimientos, adicionalmente, proveen protecci\u00f3n cat\u00f3dica a los metales similares al del [&hellip;]","og_url":"https:\/\/vitracoat.com\/mx\/product-information\/vitrazn-zinc-containing-coatings\/","og_site_name":"VITRACOAT","article_modified_time":"2020-12-08T18:19:06+00:00","twitter_card":"summary_large_image","schema":{"@context":"https:\/\/schema.org","@graph":[{"@type":"WebPage","@id":"https:\/\/vitracoat.com\/mx\/product-information\/vitrazn-zinc-containing-coatings\/","url":"https:\/\/vitracoat.com\/mx\/product-information\/vitrazn-zinc-containing-coatings\/","name":"VitraZN Recubrimientos Enriquecidos con Zinc - VITRACOAT","isPartOf":{"@id":"https:\/\/vitracoat.com\/mx\/#website"},"datePublished":"2019-09-09T03:28:04+00:00","dateModified":"2020-12-08T18:19:06+00:00","breadcrumb":{"@id":"https:\/\/vitracoat.com\/mx\/product-information\/vitrazn-zinc-containing-coatings\/#breadcrumb"},"inLanguage":"en-US","potentialAction":[{"@type":"ReadAction","target":["https:\/\/vitracoat.com\/mx\/product-information\/vitrazn-zinc-containing-coatings\/"]}]},{"@type":"BreadcrumbList","@id":"https:\/\/vitracoat.com\/mx\/product-information\/vitrazn-zinc-containing-coatings\/#breadcrumb","itemListElement":[{"@type":"ListItem","position":1,"name":"Home","item":"https:\/\/vitracoat.com\/mx\/"},{"@type":"ListItem","position":2,"name":"Informaci\u00f3n de nuestros productos","item":"https:\/\/vitracoat.com\/mx\/product-information\/"},{"@type":"ListItem","position":3,"name":"VitraZN Recubrimientos Enriquecidos con Zinc"}]},{"@type":"WebSite","@id":"https:\/\/vitracoat.com\/mx\/#website","url":"https:\/\/vitracoat.com\/mx\/","name":"VITRACOAT","description":"Vitracoat Powder Coatings","potentialAction":[{"@type":"SearchAction","target":{"@type":"EntryPoint","urlTemplate":"https:\/\/vitracoat.com\/mx\/?s={search_term_string}"},"query-input":"required name=search_term_string"}],"inLanguage":"en-US"}]}},"_links":{"self":[{"href":"https:\/\/vitracoat.com\/mx\/wp-json\/wp\/v2\/pages\/1079"}],"collection":[{"href":"https:\/\/vitracoat.com\/mx\/wp-json\/wp\/v2\/pages"}],"about":[{"href":"https:\/\/vitracoat.com\/mx\/wp-json\/wp\/v2\/types\/page"}],"author":[{"embeddable":true,"href":"https:\/\/vitracoat.com\/mx\/wp-json\/wp\/v2\/users\/1"}],"replies":[{"embeddable":true,"href":"https:\/\/vitracoat.com\/mx\/wp-json\/wp\/v2\/comments?post=1079"}],"version-history":[{"count":16,"href":"https:\/\/vitracoat.com\/mx\/wp-json\/wp\/v2\/pages\/1079\/revisions"}],"predecessor-version":[{"id":3213,"href":"https:\/\/vitracoat.com\/mx\/wp-json\/wp\/v2\/pages\/1079\/revisions\/3213"}],"up":[{"embeddable":true,"href":"https:\/\/vitracoat.com\/mx\/wp-json\/wp\/v2\/pages\/882"}],"wp:attachment":[{"href":"https:\/\/vitracoat.com\/mx\/wp-json\/wp\/v2\/media?parent=1079"}],"curies":[{"name":"wp","href":"https:\/\/api.w.org\/{rel}","templated":true}]}}