{"id":1081,"date":"2019-09-09T03:28:33","date_gmt":"2019-09-09T03:28:33","guid":{"rendered":"http:\/\/vitracoat.com\/?page_id=1081"},"modified":"2020-12-08T18:21:01","modified_gmt":"2020-12-08T18:21:01","slug":"vitraslip-low-friction-coatings","status":"publish","type":"page","link":"https:\/\/vitracoat.com\/mx\/product-information\/vitraslip-low-friction-coatings\/","title":{"rendered":"VitraSLIP Recubrimientos de Baja Fricci\u00f3n"},"content":{"rendered":"\n<p>Cuando es importante el tener una superficie donde los art\u00edculos puedan deslizarse o moverse sin esfuerzo, nuestras pinturas en polvo de baja fricci\u00f3n producen un coeficiente de fricci\u00f3n sumamente bajo que los hace la soluci\u00f3n ideal para ciertas aplicaciones.<\/p>\n\n\n\n<p>Los aditivos para reducir la fricci\u00f3n son adicionados a la f\u00f3rmula del polvo para producir esta caracter\u00edstica que les permite a nuestros materiales que las piezas deslicen y no se froten entre ellas provocando desgaste. Esta caracter\u00edstica es \u00fatil en carros para super mercado para que embonen al ser almacenados. Tambi\u00e9n es \u00fatil en los compartimentos removibles debajo de las podadoras para sacar la hierba podada. En correderas para cajones, el uso de este recubrimiento les permite el abrir y cerrar m\u00e1s f\u00e1cilmente.<\/p>\n\n\n\n<p>Vitracoat ha desarrollado una tecnolog\u00eda que no solo provee durabilidad, sino que al ser combinada con bajos coeficientes de fricci\u00f3n, hacen que los acabados de baja fricci\u00f3n una aplicaci\u00f3n ideal para equipos comerciales para remover nieve o tierra. <\/p>\n\n\n\n<h3><strong>Aplicaciones Ideales <\/strong><\/h3>\n\n\n\n<ul><li>Carros para supermercado <\/li><li>Correderas para cajones<\/li><li>Equipos para remoci\u00f3n de nieve y tierra<\/li><li>Parrillas para refrigeraci\u00f3n<\/li><li>Equipo para jardiner\u00eda <\/li><\/ul>\n","protected":false},"excerpt":{"rendered":"<p>Cuando es importante el tener una superficie donde los art\u00edculos puedan deslizarse o moverse sin esfuerzo, nuestras pinturas en polvo de baja fricci\u00f3n producen un coeficiente de fricci\u00f3n sumamente bajo que los hace la soluci\u00f3n ideal para ciertas aplicaciones. Los aditivos para reducir la fricci\u00f3n son adicionados a la f\u00f3rmula del polvo para producir esta [&hellip;]<\/p>\n","protected":false},"author":1,"featured_media":0,"parent":882,"menu_order":0,"comment_status":"closed","ping_status":"closed","template":"product-information-page.php","meta":[],"yoast_head":"<!-- This site is optimized with the Yoast SEO plugin v21.1 - https:\/\/yoast.com\/wordpress\/plugins\/seo\/ -->\n<title>VitraSLIP Recubrimientos de Baja Fricci\u00f3n - VITRACOAT<\/title>\n<meta name=\"robots\" content=\"index, follow, max-snippet:-1, max-image-preview:large, max-video-preview:-1\" \/>\n<link rel=\"canonical\" href=\"https:\/\/vitracoat.com\/mx\/product-information\/vitraslip-low-friction-coatings\/\" \/>\n<meta property=\"og:locale\" content=\"en_US\" \/>\n<meta property=\"og:type\" content=\"article\" \/>\n<meta property=\"og:title\" content=\"VitraSLIP Recubrimientos de Baja Fricci\u00f3n - VITRACOAT\" \/>\n<meta property=\"og:description\" content=\"Cuando es importante el tener una superficie donde los art\u00edculos puedan deslizarse o moverse sin esfuerzo, nuestras pinturas en polvo de baja fricci\u00f3n producen un coeficiente de fricci\u00f3n sumamente bajo que los hace la soluci\u00f3n ideal para ciertas aplicaciones. Los aditivos para reducir la fricci\u00f3n son adicionados a la f\u00f3rmula del polvo para producir esta [&hellip;]\" \/>\n<meta property=\"og:url\" content=\"https:\/\/vitracoat.com\/mx\/product-information\/vitraslip-low-friction-coatings\/\" \/>\n<meta property=\"og:site_name\" content=\"VITRACOAT\" \/>\n<meta property=\"article:modified_time\" content=\"2020-12-08T18:21:01+00:00\" \/>\n<meta name=\"twitter:card\" content=\"summary_large_image\" \/>\n<meta name=\"twitter:label1\" content=\"Est. reading time\" \/>\n\t<meta name=\"twitter:data1\" content=\"1 minute\" \/>\n<!-- \/ Yoast SEO plugin. -->","yoast_head_json":{"title":"VitraSLIP Recubrimientos de Baja Fricci\u00f3n - VITRACOAT","robots":{"index":"index","follow":"follow","max-snippet":"max-snippet:-1","max-image-preview":"max-image-preview:large","max-video-preview":"max-video-preview:-1"},"canonical":"https:\/\/vitracoat.com\/mx\/product-information\/vitraslip-low-friction-coatings\/","og_locale":"en_US","og_type":"article","og_title":"VitraSLIP Recubrimientos de Baja Fricci\u00f3n - VITRACOAT","og_description":"Cuando es importante el tener una superficie donde los art\u00edculos puedan deslizarse o moverse sin esfuerzo, nuestras pinturas en polvo de baja fricci\u00f3n producen un coeficiente de fricci\u00f3n sumamente bajo que los hace la soluci\u00f3n ideal para ciertas aplicaciones. Los aditivos para reducir la fricci\u00f3n son adicionados a la f\u00f3rmula del polvo para producir esta [&hellip;]","og_url":"https:\/\/vitracoat.com\/mx\/product-information\/vitraslip-low-friction-coatings\/","og_site_name":"VITRACOAT","article_modified_time":"2020-12-08T18:21:01+00:00","twitter_card":"summary_large_image","twitter_misc":{"Est. reading time":"1 minute"},"schema":{"@context":"https:\/\/schema.org","@graph":[{"@type":"WebPage","@id":"https:\/\/vitracoat.com\/mx\/product-information\/vitraslip-low-friction-coatings\/","url":"https:\/\/vitracoat.com\/mx\/product-information\/vitraslip-low-friction-coatings\/","name":"VitraSLIP Recubrimientos de Baja Fricci\u00f3n - VITRACOAT","isPartOf":{"@id":"https:\/\/vitracoat.com\/mx\/#website"},"datePublished":"2019-09-09T03:28:33+00:00","dateModified":"2020-12-08T18:21:01+00:00","breadcrumb":{"@id":"https:\/\/vitracoat.com\/mx\/product-information\/vitraslip-low-friction-coatings\/#breadcrumb"},"inLanguage":"en-US","potentialAction":[{"@type":"ReadAction","target":["https:\/\/vitracoat.com\/mx\/product-information\/vitraslip-low-friction-coatings\/"]}]},{"@type":"BreadcrumbList","@id":"https:\/\/vitracoat.com\/mx\/product-information\/vitraslip-low-friction-coatings\/#breadcrumb","itemListElement":[{"@type":"ListItem","position":1,"name":"Home","item":"https:\/\/vitracoat.com\/mx\/"},{"@type":"ListItem","position":2,"name":"Informaci\u00f3n de nuestros productos","item":"https:\/\/vitracoat.com\/mx\/product-information\/"},{"@type":"ListItem","position":3,"name":"VitraSLIP Recubrimientos de Baja Fricci\u00f3n"}]},{"@type":"WebSite","@id":"https:\/\/vitracoat.com\/mx\/#website","url":"https:\/\/vitracoat.com\/mx\/","name":"VITRACOAT","description":"Vitracoat Powder Coatings","potentialAction":[{"@type":"SearchAction","target":{"@type":"EntryPoint","urlTemplate":"https:\/\/vitracoat.com\/mx\/?s={search_term_string}"},"query-input":"required name=search_term_string"}],"inLanguage":"en-US"}]}},"_links":{"self":[{"href":"https:\/\/vitracoat.com\/mx\/wp-json\/wp\/v2\/pages\/1081"}],"collection":[{"href":"https:\/\/vitracoat.com\/mx\/wp-json\/wp\/v2\/pages"}],"about":[{"href":"https:\/\/vitracoat.com\/mx\/wp-json\/wp\/v2\/types\/page"}],"author":[{"embeddable":true,"href":"https:\/\/vitracoat.com\/mx\/wp-json\/wp\/v2\/users\/1"}],"replies":[{"embeddable":true,"href":"https:\/\/vitracoat.com\/mx\/wp-json\/wp\/v2\/comments?post=1081"}],"version-history":[{"count":15,"href":"https:\/\/vitracoat.com\/mx\/wp-json\/wp\/v2\/pages\/1081\/revisions"}],"predecessor-version":[{"id":3214,"href":"https:\/\/vitracoat.com\/mx\/wp-json\/wp\/v2\/pages\/1081\/revisions\/3214"}],"up":[{"embeddable":true,"href":"https:\/\/vitracoat.com\/mx\/wp-json\/wp\/v2\/pages\/882"}],"wp:attachment":[{"href":"https:\/\/vitracoat.com\/mx\/wp-json\/wp\/v2\/media?parent=1081"}],"curies":[{"name":"wp","href":"https:\/\/api.w.org\/{rel}","templated":true}]}}