{"id":1083,"date":"2019-09-09T03:29:03","date_gmt":"2019-09-09T03:29:03","guid":{"rendered":"http:\/\/vitracoat.com\/?page_id=1083"},"modified":"2020-12-08T18:22:11","modified_gmt":"2020-12-08T18:22:11","slug":"vitrafuse-fusion-bonded-epoxy-coatings","status":"publish","type":"page","link":"https:\/\/vitracoat.com\/mx\/product-information\/vitrafuse-fusion-bonded-epoxy-coatings\/","title":{"rendered":"VitraFUSE Recubrimientos Adheridos por Fusi\u00f3n Epoxi"},"content":{"rendered":"\n<p>Los recubrimientos Epoxy Fusion Bonded, mejor conocidos como FBE, son tecnolog\u00edas de base epoxy que son aplicados en tuber\u00eda de acero, barras de refuerzo o varillas para construcci\u00f3n (rebar) y en conecciones de tuber\u00eda o en v\u00e1lvulas para ser protegidas de ambientes altamente corrosivos.\u00a0 <\/p>\n\n\n\n<p>Los recubrimientos FBE son pol\u00edmeros termofijos y deben su nombre al m\u00e9todo de de aplicaci\u00f3n y entre cruzamiento de la resina, el cual es diferente a los recubrimientos convencionales. Los componentes de la resina y el endurecedor en un FBE permanecen inactivos bajo temperaturas normales de almacenamiento. Bajo temperaturas de aplicaci\u00f3n t\u00edpicas, usualmente en el rango de los 180-250\u00baC, el polvo se funde y se transforma en un semil\u00edquido. Este FBE semil\u00edquido fluye a trav\u00e9s de la superficie sobre la cual fue aplicado y pronto se convierte en un recubrimiento solido gracias a la reacci\u00f3n de entre cruzamiento asistida por temperatura. El proceso tambi\u00e9n es conocido como \u201dfusion bonding\u201d -uni\u00f3n por fusi\u00f3n-. La reacci\u00f3n qu\u00edmica es irreversible, por lo que a\u00fan y cuando se aplique m\u00e1s calor, el recubrimiento no se volver\u00e1 a fundir y de ah\u00ed su nombre de termofijo.<\/p>\n\n\n\n<h3>Aplicaciones Ideales<\/h3>\n\n\n\n<ul><li>Tuber\u00eda <\/li><li>Rebar <\/li><li>Conexiones de tuber\u00eda<\/li><li>V\u00e1lvulas <\/li><\/ul>\n","protected":false},"excerpt":{"rendered":"<p>Los recubrimientos Epoxy Fusion Bonded, mejor conocidos como FBE, son tecnolog\u00edas de base epoxy que son aplicados en tuber\u00eda de acero, barras de refuerzo o varillas para construcci\u00f3n (rebar) y en conecciones de tuber\u00eda o en v\u00e1lvulas para ser protegidas de ambientes altamente corrosivos.\u00a0 Los recubrimientos FBE son pol\u00edmeros termofijos y deben su nombre al [&hellip;]<\/p>\n","protected":false},"author":1,"featured_media":0,"parent":882,"menu_order":0,"comment_status":"closed","ping_status":"closed","template":"product-information-page.php","meta":[],"yoast_head":"<!-- This site is optimized with the Yoast SEO plugin v21.1 - https:\/\/yoast.com\/wordpress\/plugins\/seo\/ -->\n<title>VitraFUSE Recubrimientos Adheridos por Fusi\u00f3n Epoxi - VITRACOAT<\/title>\n<meta name=\"robots\" content=\"index, follow, max-snippet:-1, max-image-preview:large, max-video-preview:-1\" \/>\n<link rel=\"canonical\" href=\"https:\/\/vitracoat.com\/mx\/product-information\/vitrafuse-fusion-bonded-epoxy-coatings\/\" \/>\n<meta property=\"og:locale\" content=\"en_US\" \/>\n<meta property=\"og:type\" content=\"article\" \/>\n<meta property=\"og:title\" content=\"VitraFUSE Recubrimientos Adheridos por Fusi\u00f3n Epoxi - VITRACOAT\" \/>\n<meta property=\"og:description\" content=\"Los recubrimientos Epoxy Fusion Bonded, mejor conocidos como FBE, son tecnolog\u00edas de base epoxy que son aplicados en tuber\u00eda de acero, barras de refuerzo o varillas para construcci\u00f3n (rebar) y en conecciones de tuber\u00eda o en v\u00e1lvulas para ser protegidas de ambientes altamente corrosivos.\u00a0 Los recubrimientos FBE son pol\u00edmeros termofijos y deben su nombre al [&hellip;]\" \/>\n<meta property=\"og:url\" content=\"https:\/\/vitracoat.com\/mx\/product-information\/vitrafuse-fusion-bonded-epoxy-coatings\/\" \/>\n<meta property=\"og:site_name\" content=\"VITRACOAT\" \/>\n<meta property=\"article:modified_time\" content=\"2020-12-08T18:22:11+00:00\" \/>\n<meta name=\"twitter:card\" content=\"summary_large_image\" \/>\n<meta name=\"twitter:label1\" content=\"Est. reading time\" \/>\n\t<meta name=\"twitter:data1\" content=\"1 minute\" \/>\n<!-- \/ Yoast SEO plugin. -->","yoast_head_json":{"title":"VitraFUSE Recubrimientos Adheridos por Fusi\u00f3n Epoxi - VITRACOAT","robots":{"index":"index","follow":"follow","max-snippet":"max-snippet:-1","max-image-preview":"max-image-preview:large","max-video-preview":"max-video-preview:-1"},"canonical":"https:\/\/vitracoat.com\/mx\/product-information\/vitrafuse-fusion-bonded-epoxy-coatings\/","og_locale":"en_US","og_type":"article","og_title":"VitraFUSE Recubrimientos Adheridos por Fusi\u00f3n Epoxi - VITRACOAT","og_description":"Los recubrimientos Epoxy Fusion Bonded, mejor conocidos como FBE, son tecnolog\u00edas de base epoxy que son aplicados en tuber\u00eda de acero, barras de refuerzo o varillas para construcci\u00f3n (rebar) y en conecciones de tuber\u00eda o en v\u00e1lvulas para ser protegidas de ambientes altamente corrosivos.\u00a0 Los recubrimientos FBE son pol\u00edmeros termofijos y deben su nombre al [&hellip;]","og_url":"https:\/\/vitracoat.com\/mx\/product-information\/vitrafuse-fusion-bonded-epoxy-coatings\/","og_site_name":"VITRACOAT","article_modified_time":"2020-12-08T18:22:11+00:00","twitter_card":"summary_large_image","twitter_misc":{"Est. reading time":"1 minute"},"schema":{"@context":"https:\/\/schema.org","@graph":[{"@type":"WebPage","@id":"https:\/\/vitracoat.com\/mx\/product-information\/vitrafuse-fusion-bonded-epoxy-coatings\/","url":"https:\/\/vitracoat.com\/mx\/product-information\/vitrafuse-fusion-bonded-epoxy-coatings\/","name":"VitraFUSE Recubrimientos Adheridos por Fusi\u00f3n Epoxi - VITRACOAT","isPartOf":{"@id":"https:\/\/vitracoat.com\/mx\/#website"},"datePublished":"2019-09-09T03:29:03+00:00","dateModified":"2020-12-08T18:22:11+00:00","breadcrumb":{"@id":"https:\/\/vitracoat.com\/mx\/product-information\/vitrafuse-fusion-bonded-epoxy-coatings\/#breadcrumb"},"inLanguage":"en-US","potentialAction":[{"@type":"ReadAction","target":["https:\/\/vitracoat.com\/mx\/product-information\/vitrafuse-fusion-bonded-epoxy-coatings\/"]}]},{"@type":"BreadcrumbList","@id":"https:\/\/vitracoat.com\/mx\/product-information\/vitrafuse-fusion-bonded-epoxy-coatings\/#breadcrumb","itemListElement":[{"@type":"ListItem","position":1,"name":"Home","item":"https:\/\/vitracoat.com\/mx\/"},{"@type":"ListItem","position":2,"name":"Informaci\u00f3n de nuestros productos","item":"https:\/\/vitracoat.com\/mx\/product-information\/"},{"@type":"ListItem","position":3,"name":"VitraFUSE Recubrimientos Adheridos por Fusi\u00f3n Epoxi"}]},{"@type":"WebSite","@id":"https:\/\/vitracoat.com\/mx\/#website","url":"https:\/\/vitracoat.com\/mx\/","name":"VITRACOAT","description":"Vitracoat Powder Coatings","potentialAction":[{"@type":"SearchAction","target":{"@type":"EntryPoint","urlTemplate":"https:\/\/vitracoat.com\/mx\/?s={search_term_string}"},"query-input":"required name=search_term_string"}],"inLanguage":"en-US"}]}},"_links":{"self":[{"href":"https:\/\/vitracoat.com\/mx\/wp-json\/wp\/v2\/pages\/1083"}],"collection":[{"href":"https:\/\/vitracoat.com\/mx\/wp-json\/wp\/v2\/pages"}],"about":[{"href":"https:\/\/vitracoat.com\/mx\/wp-json\/wp\/v2\/types\/page"}],"author":[{"embeddable":true,"href":"https:\/\/vitracoat.com\/mx\/wp-json\/wp\/v2\/users\/1"}],"replies":[{"embeddable":true,"href":"https:\/\/vitracoat.com\/mx\/wp-json\/wp\/v2\/comments?post=1083"}],"version-history":[{"count":13,"href":"https:\/\/vitracoat.com\/mx\/wp-json\/wp\/v2\/pages\/1083\/revisions"}],"predecessor-version":[{"id":3215,"href":"https:\/\/vitracoat.com\/mx\/wp-json\/wp\/v2\/pages\/1083\/revisions\/3215"}],"up":[{"embeddable":true,"href":"https:\/\/vitracoat.com\/mx\/wp-json\/wp\/v2\/pages\/882"}],"wp:attachment":[{"href":"https:\/\/vitracoat.com\/mx\/wp-json\/wp\/v2\/media?parent=1083"}],"curies":[{"name":"wp","href":"https:\/\/api.w.org\/{rel}","templated":true}]}}