{"id":1089,"date":"2019-09-09T03:31:23","date_gmt":"2019-09-09T03:31:23","guid":{"rendered":"http:\/\/vitracoat.com\/?page_id=1089"},"modified":"2020-12-08T18:25:38","modified_gmt":"2020-12-08T18:25:38","slug":"vitraclean-anti-graffiti-coatings","status":"publish","type":"page","link":"https:\/\/vitracoat.com\/mx\/product-information\/vitraclean-anti-graffiti-coatings\/","title":{"rendered":"VitraCLEAN Recubrimientos Anti Graffiti"},"content":{"rendered":"\n<p>Los polvos anti graffiti son productos de alta calidad formulados para desarrollar resistencia a las manchas, proteger las superficies de los efectos permanentes de los marcadores y de la pintura en aerosol. Lo anterior tambi\u00e9n les permite ser limpiados f\u00e1cilmente y ofrecer una excelente durabilidad en el exterior.<\/p>\n\n\n\n<p>Gracias a su exclusiva resistencia qu\u00edmica y al intemperismo, estos polvos son ideales para aplicaciones en el exterior como casilleros, ba\u00f1os p\u00fablicos, pizarrones, letreros y juegos infantiles.<\/p>\n\n\n\n<h3><strong>Ideales en:<\/strong><\/h3>\n\n\n\n<ul><li>Casilleros<\/li><li>Ba\u00f1os p\u00fablicos<\/li><li>Pizarrones<\/li><li>Letreros<\/li><li>Parques y estructuras para juegos infantiles<\/li><\/ul>\n","protected":false},"excerpt":{"rendered":"<p>Los polvos anti graffiti son productos de alta calidad formulados para desarrollar resistencia a las manchas, proteger las superficies de los efectos permanentes de los marcadores y de la pintura en aerosol. Lo anterior tambi\u00e9n les permite ser limpiados f\u00e1cilmente y ofrecer una excelente durabilidad en el exterior. Gracias a su exclusiva resistencia qu\u00edmica y [&hellip;]<\/p>\n","protected":false},"author":1,"featured_media":0,"parent":882,"menu_order":0,"comment_status":"closed","ping_status":"closed","template":"product-information-page.php","meta":[],"yoast_head":"<!-- This site is optimized with the Yoast SEO plugin v21.1 - https:\/\/yoast.com\/wordpress\/plugins\/seo\/ -->\n<title>VitraCLEAN Recubrimientos Anti Graffiti - VITRACOAT<\/title>\n<meta name=\"robots\" content=\"index, follow, max-snippet:-1, max-image-preview:large, max-video-preview:-1\" \/>\n<link rel=\"canonical\" href=\"https:\/\/vitracoat.com\/mx\/product-information\/vitraclean-anti-graffiti-coatings\/\" \/>\n<meta property=\"og:locale\" content=\"en_US\" \/>\n<meta property=\"og:type\" content=\"article\" \/>\n<meta property=\"og:title\" content=\"VitraCLEAN Recubrimientos Anti Graffiti - VITRACOAT\" \/>\n<meta property=\"og:description\" content=\"Los polvos anti graffiti son productos de alta calidad formulados para desarrollar resistencia a las manchas, proteger las superficies de los efectos permanentes de los marcadores y de la pintura en aerosol. Lo anterior tambi\u00e9n les permite ser limpiados f\u00e1cilmente y ofrecer una excelente durabilidad en el exterior. Gracias a su exclusiva resistencia qu\u00edmica y [&hellip;]\" \/>\n<meta property=\"og:url\" content=\"https:\/\/vitracoat.com\/mx\/product-information\/vitraclean-anti-graffiti-coatings\/\" \/>\n<meta property=\"og:site_name\" content=\"VITRACOAT\" \/>\n<meta property=\"article:modified_time\" content=\"2020-12-08T18:25:38+00:00\" \/>\n<meta name=\"twitter:card\" content=\"summary_large_image\" \/>\n<!-- \/ Yoast SEO plugin. -->","yoast_head_json":{"title":"VitraCLEAN Recubrimientos Anti Graffiti - VITRACOAT","robots":{"index":"index","follow":"follow","max-snippet":"max-snippet:-1","max-image-preview":"max-image-preview:large","max-video-preview":"max-video-preview:-1"},"canonical":"https:\/\/vitracoat.com\/mx\/product-information\/vitraclean-anti-graffiti-coatings\/","og_locale":"en_US","og_type":"article","og_title":"VitraCLEAN Recubrimientos Anti Graffiti - VITRACOAT","og_description":"Los polvos anti graffiti son productos de alta calidad formulados para desarrollar resistencia a las manchas, proteger las superficies de los efectos permanentes de los marcadores y de la pintura en aerosol. Lo anterior tambi\u00e9n les permite ser limpiados f\u00e1cilmente y ofrecer una excelente durabilidad en el exterior. Gracias a su exclusiva resistencia qu\u00edmica y [&hellip;]","og_url":"https:\/\/vitracoat.com\/mx\/product-information\/vitraclean-anti-graffiti-coatings\/","og_site_name":"VITRACOAT","article_modified_time":"2020-12-08T18:25:38+00:00","twitter_card":"summary_large_image","schema":{"@context":"https:\/\/schema.org","@graph":[{"@type":"WebPage","@id":"https:\/\/vitracoat.com\/mx\/product-information\/vitraclean-anti-graffiti-coatings\/","url":"https:\/\/vitracoat.com\/mx\/product-information\/vitraclean-anti-graffiti-coatings\/","name":"VitraCLEAN Recubrimientos Anti Graffiti - VITRACOAT","isPartOf":{"@id":"https:\/\/vitracoat.com\/mx\/#website"},"datePublished":"2019-09-09T03:31:23+00:00","dateModified":"2020-12-08T18:25:38+00:00","breadcrumb":{"@id":"https:\/\/vitracoat.com\/mx\/product-information\/vitraclean-anti-graffiti-coatings\/#breadcrumb"},"inLanguage":"en-US","potentialAction":[{"@type":"ReadAction","target":["https:\/\/vitracoat.com\/mx\/product-information\/vitraclean-anti-graffiti-coatings\/"]}]},{"@type":"BreadcrumbList","@id":"https:\/\/vitracoat.com\/mx\/product-information\/vitraclean-anti-graffiti-coatings\/#breadcrumb","itemListElement":[{"@type":"ListItem","position":1,"name":"Home","item":"https:\/\/vitracoat.com\/mx\/"},{"@type":"ListItem","position":2,"name":"Informaci\u00f3n de nuestros productos","item":"https:\/\/vitracoat.com\/mx\/product-information\/"},{"@type":"ListItem","position":3,"name":"VitraCLEAN Recubrimientos Anti Graffiti"}]},{"@type":"WebSite","@id":"https:\/\/vitracoat.com\/mx\/#website","url":"https:\/\/vitracoat.com\/mx\/","name":"VITRACOAT","description":"Vitracoat Powder Coatings","potentialAction":[{"@type":"SearchAction","target":{"@type":"EntryPoint","urlTemplate":"https:\/\/vitracoat.com\/mx\/?s={search_term_string}"},"query-input":"required name=search_term_string"}],"inLanguage":"en-US"}]}},"_links":{"self":[{"href":"https:\/\/vitracoat.com\/mx\/wp-json\/wp\/v2\/pages\/1089"}],"collection":[{"href":"https:\/\/vitracoat.com\/mx\/wp-json\/wp\/v2\/pages"}],"about":[{"href":"https:\/\/vitracoat.com\/mx\/wp-json\/wp\/v2\/types\/page"}],"author":[{"embeddable":true,"href":"https:\/\/vitracoat.com\/mx\/wp-json\/wp\/v2\/users\/1"}],"replies":[{"embeddable":true,"href":"https:\/\/vitracoat.com\/mx\/wp-json\/wp\/v2\/comments?post=1089"}],"version-history":[{"count":11,"href":"https:\/\/vitracoat.com\/mx\/wp-json\/wp\/v2\/pages\/1089\/revisions"}],"predecessor-version":[{"id":3218,"href":"https:\/\/vitracoat.com\/mx\/wp-json\/wp\/v2\/pages\/1089\/revisions\/3218"}],"up":[{"embeddable":true,"href":"https:\/\/vitracoat.com\/mx\/wp-json\/wp\/v2\/pages\/882"}],"wp:attachment":[{"href":"https:\/\/vitracoat.com\/mx\/wp-json\/wp\/v2\/media?parent=1089"}],"curies":[{"name":"wp","href":"https:\/\/api.w.org\/{rel}","templated":true}]}}