{"id":1161,"date":"2019-09-10T05:29:09","date_gmt":"2019-09-10T05:29:09","guid":{"rendered":"http:\/\/vitracoat.com\/?page_id=1161"},"modified":"2020-06-05T23:29:13","modified_gmt":"2020-06-05T23:29:13","slug":"agriculture-construction-equipment","status":"publish","type":"page","link":"https:\/\/vitracoat.com\/mx\/market-segments\/agriculture-construction-equipment\/","title":{"rendered":"Equipo para la Agricultura y Construcci\u00f3n"},"content":{"rendered":"\n<p>Cuando se trata del Mercado de la agricultura y la construcci\u00f3n, se requiere un acabado que pueda soportar ambientes muy agresivos. El polvo debe de tener una durabilidad, flexibilidad, resistencia qu\u00edmica, a la corrosi\u00f3n y al impacto excepcionales. El sistema de dos capas de Vitracoat incluye una base o primario que provee excepcional resistencia a la corrosi\u00f3n m\u00e1s un acabado final o top coat que desarrolla lo \u00faltimo en desempe\u00f1o ante rayos UV. O, si lo prefiere, saque ventaja de nuestra tecnolog\u00eda patentada SDCR que le brinda los beneficios de un bi capa en un solo paso. La tecnolog\u00eda SDCR de Vitracoat (super durable resistente a la corrosi\u00f3n) le brinda la habilidad de obtener excepcional resistencia a la corrosi\u00f3n y una estupenda resistencia a los rayos UV en un solo paso.<\/p>\n\n\n\n<p>Los recubrimientos en polvo de la serie VITRAExtreme ideales para el Mercado ACE son:<\/p>\n\n\n\n<ul><li>Tractores<\/li><li>Trailers<\/li><li>Remolques<\/li><li>Bulldozers<\/li><li>Sistemas de Rocio<\/li><li>Maquinaria para exterior\/interior<\/li><li>Montacarga<\/li><li>Gruas<\/li><li>Equipo para miner\u00eda<\/li><\/ul>\n\n\n\n<h3>Links<\/h3>\n\n\n\n<p><a href=\"http:\/\/vitracoat.com\/product-information\/vitraxtreme-super-durable-corrosion-resistant-coatings\/\">VitraXtreme<\/a> <\/p>\n\n\n\n<p><a href=\"http:\/\/vitracoat.com\/color-selection\/\">Online Color Selector&nbsp;<\/a><\/p>\n","protected":false},"excerpt":{"rendered":"<p>Cuando se trata del Mercado de la agricultura y la construcci\u00f3n, se requiere un acabado que pueda soportar ambientes muy agresivos. El polvo debe de tener una durabilidad, flexibilidad, resistencia qu\u00edmica, a la corrosi\u00f3n y al impacto excepcionales. El sistema de dos capas de Vitracoat incluye una base o primario que provee excepcional resistencia a [&hellip;]<\/p>\n","protected":false},"author":1,"featured_media":1472,"parent":1159,"menu_order":0,"comment_status":"closed","ping_status":"closed","template":"market-segments-page.php","meta":[],"yoast_head":"<!-- This site is optimized with the Yoast SEO plugin v21.1 - https:\/\/yoast.com\/wordpress\/plugins\/seo\/ -->\n<title>Equipo para la Agricultura y Construcci\u00f3n - VITRACOAT<\/title>\n<meta name=\"robots\" content=\"index, follow, max-snippet:-1, max-image-preview:large, max-video-preview:-1\" \/>\n<link rel=\"canonical\" href=\"https:\/\/vitracoat.com\/mx\/market-segments\/agriculture-construction-equipment\/\" \/>\n<meta property=\"og:locale\" content=\"en_US\" \/>\n<meta property=\"og:type\" content=\"article\" \/>\n<meta property=\"og:title\" content=\"Equipo para la Agricultura y Construcci\u00f3n - VITRACOAT\" \/>\n<meta property=\"og:description\" content=\"Cuando se trata del Mercado de la agricultura y la construcci\u00f3n, se requiere un acabado que pueda soportar ambientes muy agresivos. El polvo debe de tener una durabilidad, flexibilidad, resistencia qu\u00edmica, a la corrosi\u00f3n y al impacto excepcionales. El sistema de dos capas de Vitracoat incluye una base o primario que provee excepcional resistencia a [&hellip;]\" \/>\n<meta property=\"og:url\" content=\"https:\/\/vitracoat.com\/mx\/market-segments\/agriculture-construction-equipment\/\" \/>\n<meta property=\"og:site_name\" content=\"VITRACOAT\" \/>\n<meta property=\"article:modified_time\" content=\"2020-06-05T23:29:13+00:00\" \/>\n<meta property=\"og:image\" content=\"https:\/\/vitracoat.com\/mx\/wp-content\/uploads\/2019\/09\/shutterstock_461405857.jpg\" \/>\n\t<meta property=\"og:image:width\" content=\"840\" \/>\n\t<meta property=\"og:image:height\" content=\"561\" \/>\n\t<meta property=\"og:image:type\" content=\"image\/jpeg\" \/>\n<meta name=\"twitter:card\" content=\"summary_large_image\" \/>\n<meta name=\"twitter:label1\" content=\"Est. reading time\" \/>\n\t<meta name=\"twitter:data1\" content=\"1 minute\" \/>\n<!-- \/ Yoast SEO plugin. -->","yoast_head_json":{"title":"Equipo para la Agricultura y Construcci\u00f3n - VITRACOAT","robots":{"index":"index","follow":"follow","max-snippet":"max-snippet:-1","max-image-preview":"max-image-preview:large","max-video-preview":"max-video-preview:-1"},"canonical":"https:\/\/vitracoat.com\/mx\/market-segments\/agriculture-construction-equipment\/","og_locale":"en_US","og_type":"article","og_title":"Equipo para la Agricultura y Construcci\u00f3n - VITRACOAT","og_description":"Cuando se trata del Mercado de la agricultura y la construcci\u00f3n, se requiere un acabado que pueda soportar ambientes muy agresivos. El polvo debe de tener una durabilidad, flexibilidad, resistencia qu\u00edmica, a la corrosi\u00f3n y al impacto excepcionales. El sistema de dos capas de Vitracoat incluye una base o primario que provee excepcional resistencia a [&hellip;]","og_url":"https:\/\/vitracoat.com\/mx\/market-segments\/agriculture-construction-equipment\/","og_site_name":"VITRACOAT","article_modified_time":"2020-06-05T23:29:13+00:00","og_image":[{"width":840,"height":561,"url":"https:\/\/vitracoat.com\/mx\/wp-content\/uploads\/2019\/09\/shutterstock_461405857.jpg","type":"image\/jpeg"}],"twitter_card":"summary_large_image","twitter_misc":{"Est. reading time":"1 minute"},"schema":{"@context":"https:\/\/schema.org","@graph":[{"@type":"WebPage","@id":"https:\/\/vitracoat.com\/mx\/market-segments\/agriculture-construction-equipment\/","url":"https:\/\/vitracoat.com\/mx\/market-segments\/agriculture-construction-equipment\/","name":"Equipo para la Agricultura y Construcci\u00f3n - VITRACOAT","isPartOf":{"@id":"https:\/\/vitracoat.com\/mx\/#website"},"datePublished":"2019-09-10T05:29:09+00:00","dateModified":"2020-06-05T23:29:13+00:00","breadcrumb":{"@id":"https:\/\/vitracoat.com\/mx\/market-segments\/agriculture-construction-equipment\/#breadcrumb"},"inLanguage":"en-US","potentialAction":[{"@type":"ReadAction","target":["https:\/\/vitracoat.com\/mx\/market-segments\/agriculture-construction-equipment\/"]}]},{"@type":"BreadcrumbList","@id":"https:\/\/vitracoat.com\/mx\/market-segments\/agriculture-construction-equipment\/#breadcrumb","itemListElement":[{"@type":"ListItem","position":1,"name":"Home","item":"https:\/\/vitracoat.com\/mx\/"},{"@type":"ListItem","position":2,"name":"Segmentos De Mercado","item":"https:\/\/vitracoat.com\/mx\/market-segments\/"},{"@type":"ListItem","position":3,"name":"Equipo para la Agricultura y Construcci\u00f3n"}]},{"@type":"WebSite","@id":"https:\/\/vitracoat.com\/mx\/#website","url":"https:\/\/vitracoat.com\/mx\/","name":"VITRACOAT","description":"Vitracoat Powder Coatings","potentialAction":[{"@type":"SearchAction","target":{"@type":"EntryPoint","urlTemplate":"https:\/\/vitracoat.com\/mx\/?s={search_term_string}"},"query-input":"required name=search_term_string"}],"inLanguage":"en-US"}]}},"_links":{"self":[{"href":"https:\/\/vitracoat.com\/mx\/wp-json\/wp\/v2\/pages\/1161"}],"collection":[{"href":"https:\/\/vitracoat.com\/mx\/wp-json\/wp\/v2\/pages"}],"about":[{"href":"https:\/\/vitracoat.com\/mx\/wp-json\/wp\/v2\/types\/page"}],"author":[{"embeddable":true,"href":"https:\/\/vitracoat.com\/mx\/wp-json\/wp\/v2\/users\/1"}],"replies":[{"embeddable":true,"href":"https:\/\/vitracoat.com\/mx\/wp-json\/wp\/v2\/comments?post=1161"}],"version-history":[{"count":11,"href":"https:\/\/vitracoat.com\/mx\/wp-json\/wp\/v2\/pages\/1161\/revisions"}],"predecessor-version":[{"id":3096,"href":"https:\/\/vitracoat.com\/mx\/wp-json\/wp\/v2\/pages\/1161\/revisions\/3096"}],"up":[{"embeddable":true,"href":"https:\/\/vitracoat.com\/mx\/wp-json\/wp\/v2\/pages\/1159"}],"wp:featuredmedia":[{"embeddable":true,"href":"https:\/\/vitracoat.com\/mx\/wp-json\/wp\/v2\/media\/1472"}],"wp:attachment":[{"href":"https:\/\/vitracoat.com\/mx\/wp-json\/wp\/v2\/media?parent=1161"}],"curies":[{"name":"wp","href":"https:\/\/api.w.org\/{rel}","templated":true}]}}