{"id":1163,"date":"2019-09-10T05:30:00","date_gmt":"2019-09-10T05:30:00","guid":{"rendered":"http:\/\/vitracoat.com\/?page_id=1163"},"modified":"2020-06-05T23:35:22","modified_gmt":"2020-06-05T23:35:22","slug":"architectural","status":"publish","type":"page","link":"https:\/\/vitracoat.com\/mx\/market-segments\/architectural\/","title":{"rendered":"Arquitect\u00f3nico"},"content":{"rendered":"\n<p>En lo que refiere al Mercado arquitect\u00f3nico, se requiere de una excelente durabilidad, protecci\u00f3n ante la corrosi\u00f3n y un acabado atractivo. Los recubrimientos en polvo de la l\u00ednea arquitect\u00f3nica de Vitracoat son de alto desempe\u00f1o, alt\u00edsima calidad y durabilidad dise\u00f1ados espec\u00edficamente para aplicaciones arquitect\u00f3nicas. Como una estupenda alternativa ante los recubrimientos l\u00edquidos tradicionales, los polvos de nuestra serie VITRASol son ideales para ser aplicados sobre aluminio o acero para interiores y exteriores. Adicionalmente ofrecen excelente durabilidad, buena resistencia qu\u00edmica y un incomparable desempe\u00f1o mecanico.<\/p>\n\n\n\n<p>Los productos de la serie VITRASol son dise\u00f1ados para cumplir con las especificaciones de AAM 2603-13, 2604-13 y 2605-13. Dependiendo del requerimiento de desempe\u00f1o se elegir\u00e1 cual serie se usar\u00e1.<\/p>\n\n\n\n<h3>Serie VITRASol 3000<\/h3>\n\n\n\n<p>Polyesters resistentes al medio ambiente die\u00f1ados para cumplir rquerimientos de AAMA 2603-12 (1 a\u00f1o de garant\u00eda). Las especificaciones de AAMA 2603-13 son generalmente usadas para aplicaciones de uso residencial y comercial.<\/p>\n\n\n\n<h3>Serie VITRASol 4000<\/h3>\n\n\n\n<p>Polyesters Premium en Resistencia al medio ambiente que cumplen con los requerimientos de AAMA 2604-13 (5 a\u00f1os de garant\u00eda). Estos materiales exhiben propiedades de resistencia superior al medio ambiente y son especificados t\u00edpicamente para acabados residenciales, comerciales y arquitectonicos Premium.<\/p>\n\n\n\n<h3>Serie VITRASol 5000<\/h3>\n\n\n\n<p>Polyesters Premium en Resistencia al medio ambiente que cumplen con los requerimientos de AAMA 2605-13 (10 a\u00f1os de garant\u00eda). Estos recubrimientos proveen el m\u00e1ximo nivel retenci\u00f3n de color y brillo y son especificados para rascacielos y prestigiosas obras monumentales.<\/p>\n\n\n\n<p>Otras aplicaciones que especifican acabados durables son:<\/p>\n\n\n\n<ul><li>Extrusions de aluminio<\/li><li>Ventanas<\/li><li>Puertas de garage<\/li><li>Puertas<\/li><li>Techado<\/li><li>Vubiertas laterals para edificios<\/li><li>Cercados<\/li><li>Postes de luz<\/li><\/ul>\n\n\n\n<p>Aprobaciones en el Mercado Arquitectonico<\/p>\n\n\n\n<h3>Links<\/h3>\n\n\n\n<p><a href=\"http:\/\/vitracoat.com\/product-information\/vitrasol-architectural-coatings\/\">VitraSOL Architectural Powder Coatings<\/a><\/p>\n\n\n\n<p>Programa de Certificaci\u00f3n<\/p>\n\n\n\n<p><a href=\"http:\/\/vitracoat.com\/color-selection\/\">Online Color Selector<\/a><\/p>\n","protected":false},"excerpt":{"rendered":"<p>En lo que refiere al Mercado arquitect\u00f3nico, se requiere de una excelente durabilidad, protecci\u00f3n ante la corrosi\u00f3n y un acabado atractivo. Los recubrimientos en polvo de la l\u00ednea arquitect\u00f3nica de Vitracoat son de alto desempe\u00f1o, alt\u00edsima calidad y durabilidad dise\u00f1ados espec\u00edficamente para aplicaciones arquitect\u00f3nicas. Como una estupenda alternativa ante los recubrimientos l\u00edquidos tradicionales, los polvos [&hellip;]<\/p>\n","protected":false},"author":1,"featured_media":1473,"parent":1159,"menu_order":0,"comment_status":"closed","ping_status":"closed","template":"market-segments-page.php","meta":[],"yoast_head":"<!-- This site is optimized with the Yoast SEO plugin v21.1 - https:\/\/yoast.com\/wordpress\/plugins\/seo\/ -->\n<title>Arquitect\u00f3nico - VITRACOAT<\/title>\n<meta name=\"robots\" content=\"index, follow, max-snippet:-1, max-image-preview:large, max-video-preview:-1\" \/>\n<link rel=\"canonical\" href=\"https:\/\/vitracoat.com\/mx\/market-segments\/architectural\/\" \/>\n<meta property=\"og:locale\" content=\"en_US\" \/>\n<meta property=\"og:type\" content=\"article\" \/>\n<meta property=\"og:title\" content=\"Arquitect\u00f3nico - VITRACOAT\" \/>\n<meta property=\"og:description\" content=\"En lo que refiere al Mercado arquitect\u00f3nico, se requiere de una excelente durabilidad, protecci\u00f3n ante la corrosi\u00f3n y un acabado atractivo. Los recubrimientos en polvo de la l\u00ednea arquitect\u00f3nica de Vitracoat son de alto desempe\u00f1o, alt\u00edsima calidad y durabilidad dise\u00f1ados espec\u00edficamente para aplicaciones arquitect\u00f3nicas. Como una estupenda alternativa ante los recubrimientos l\u00edquidos tradicionales, los polvos [&hellip;]\" \/>\n<meta property=\"og:url\" content=\"https:\/\/vitracoat.com\/mx\/market-segments\/architectural\/\" \/>\n<meta property=\"og:site_name\" content=\"VITRACOAT\" \/>\n<meta property=\"article:modified_time\" content=\"2020-06-05T23:35:22+00:00\" \/>\n<meta property=\"og:image\" content=\"https:\/\/vitracoat.com\/mx\/wp-content\/uploads\/2019\/09\/shutterstock_44905840.jpg\" \/>\n\t<meta property=\"og:image:width\" content=\"840\" \/>\n\t<meta property=\"og:image:height\" content=\"567\" \/>\n\t<meta property=\"og:image:type\" content=\"image\/jpeg\" \/>\n<meta name=\"twitter:card\" content=\"summary_large_image\" \/>\n<meta name=\"twitter:label1\" content=\"Est. reading time\" \/>\n\t<meta name=\"twitter:data1\" content=\"1 minute\" \/>\n<!-- \/ Yoast SEO plugin. -->","yoast_head_json":{"title":"Arquitect\u00f3nico - VITRACOAT","robots":{"index":"index","follow":"follow","max-snippet":"max-snippet:-1","max-image-preview":"max-image-preview:large","max-video-preview":"max-video-preview:-1"},"canonical":"https:\/\/vitracoat.com\/mx\/market-segments\/architectural\/","og_locale":"en_US","og_type":"article","og_title":"Arquitect\u00f3nico - VITRACOAT","og_description":"En lo que refiere al Mercado arquitect\u00f3nico, se requiere de una excelente durabilidad, protecci\u00f3n ante la corrosi\u00f3n y un acabado atractivo. Los recubrimientos en polvo de la l\u00ednea arquitect\u00f3nica de Vitracoat son de alto desempe\u00f1o, alt\u00edsima calidad y durabilidad dise\u00f1ados espec\u00edficamente para aplicaciones arquitect\u00f3nicas. Como una estupenda alternativa ante los recubrimientos l\u00edquidos tradicionales, los polvos [&hellip;]","og_url":"https:\/\/vitracoat.com\/mx\/market-segments\/architectural\/","og_site_name":"VITRACOAT","article_modified_time":"2020-06-05T23:35:22+00:00","og_image":[{"width":840,"height":567,"url":"https:\/\/vitracoat.com\/mx\/wp-content\/uploads\/2019\/09\/shutterstock_44905840.jpg","type":"image\/jpeg"}],"twitter_card":"summary_large_image","twitter_misc":{"Est. reading time":"1 minute"},"schema":{"@context":"https:\/\/schema.org","@graph":[{"@type":"WebPage","@id":"https:\/\/vitracoat.com\/mx\/market-segments\/architectural\/","url":"https:\/\/vitracoat.com\/mx\/market-segments\/architectural\/","name":"Arquitect\u00f3nico - VITRACOAT","isPartOf":{"@id":"https:\/\/vitracoat.com\/mx\/#website"},"datePublished":"2019-09-10T05:30:00+00:00","dateModified":"2020-06-05T23:35:22+00:00","breadcrumb":{"@id":"https:\/\/vitracoat.com\/mx\/market-segments\/architectural\/#breadcrumb"},"inLanguage":"en-US","potentialAction":[{"@type":"ReadAction","target":["https:\/\/vitracoat.com\/mx\/market-segments\/architectural\/"]}]},{"@type":"BreadcrumbList","@id":"https:\/\/vitracoat.com\/mx\/market-segments\/architectural\/#breadcrumb","itemListElement":[{"@type":"ListItem","position":1,"name":"Home","item":"https:\/\/vitracoat.com\/mx\/"},{"@type":"ListItem","position":2,"name":"Segmentos De Mercado","item":"https:\/\/vitracoat.com\/mx\/market-segments\/"},{"@type":"ListItem","position":3,"name":"Arquitect\u00f3nico"}]},{"@type":"WebSite","@id":"https:\/\/vitracoat.com\/mx\/#website","url":"https:\/\/vitracoat.com\/mx\/","name":"VITRACOAT","description":"Vitracoat Powder Coatings","potentialAction":[{"@type":"SearchAction","target":{"@type":"EntryPoint","urlTemplate":"https:\/\/vitracoat.com\/mx\/?s={search_term_string}"},"query-input":"required name=search_term_string"}],"inLanguage":"en-US"}]}},"_links":{"self":[{"href":"https:\/\/vitracoat.com\/mx\/wp-json\/wp\/v2\/pages\/1163"}],"collection":[{"href":"https:\/\/vitracoat.com\/mx\/wp-json\/wp\/v2\/pages"}],"about":[{"href":"https:\/\/vitracoat.com\/mx\/wp-json\/wp\/v2\/types\/page"}],"author":[{"embeddable":true,"href":"https:\/\/vitracoat.com\/mx\/wp-json\/wp\/v2\/users\/1"}],"replies":[{"embeddable":true,"href":"https:\/\/vitracoat.com\/mx\/wp-json\/wp\/v2\/comments?post=1163"}],"version-history":[{"count":10,"href":"https:\/\/vitracoat.com\/mx\/wp-json\/wp\/v2\/pages\/1163\/revisions"}],"predecessor-version":[{"id":3098,"href":"https:\/\/vitracoat.com\/mx\/wp-json\/wp\/v2\/pages\/1163\/revisions\/3098"}],"up":[{"embeddable":true,"href":"https:\/\/vitracoat.com\/mx\/wp-json\/wp\/v2\/pages\/1159"}],"wp:featuredmedia":[{"embeddable":true,"href":"https:\/\/vitracoat.com\/mx\/wp-json\/wp\/v2\/media\/1473"}],"wp:attachment":[{"href":"https:\/\/vitracoat.com\/mx\/wp-json\/wp\/v2\/media?parent=1163"}],"curies":[{"name":"wp","href":"https:\/\/api.w.org\/{rel}","templated":true}]}}