{"id":1176,"date":"2019-09-10T05:33:17","date_gmt":"2019-09-10T05:33:17","guid":{"rendered":"http:\/\/vitracoat.com\/?page_id=1176"},"modified":"2020-06-06T02:42:35","modified_gmt":"2020-06-06T02:42:35","slug":"hvac","status":"publish","type":"page","link":"https:\/\/vitracoat.com\/mx\/market-segments\/hvac\/","title":{"rendered":"Equipos de aire acondicionado"},"content":{"rendered":"\n<p>En el Mercado de equipos de aire acondicionado, los polvos no solo son usados por condiciones est\u00e9ticas sino para asegurar su protecci\u00f3n contra la corrosi\u00f3n. Dependiendo del requerimiento, interior o exterior, si son equipos que proveer\u00e1n calor o frio, la f\u00f3rmula a seleccionar puede variar.<\/p>\n\n\n\n<p>La tecnolog\u00eda SDCR de Vitracoat (super durable resistente a la corrosi\u00f3n) le brinda la habilidad de obtener excepcional resistencia a la corrosi\u00f3n y una estupenda resistencia a los rayos UV en un solo paso.<\/p>\n\n\n\n<p>Los recubrimientos en polvo de la serie VITRAXtreme para el mercado de aires acondicionados cubren:<\/p>\n\n\n\n<ul><li>Calentadores<\/li><li>Aires acondicionados<\/li><li>Ventilaci\u00f3n para equipos de HVAC<\/li><li>Deflectors\/ventilas<\/li><li>Ducteria<\/li><li>Unidades condensadoras para estos equipos<\/li><li>Bobinas para aires acondicionados<\/li><\/ul>\n\n\n\n<h3>Links<\/h3>\n\n\n\n<p><a href=\"http:\/\/vitracoat.com\/product-information\/vitraxtreme-super-durable-corrosion-resistant-coatings\/\">VitraXtreme Powder Coatings<\/a><\/p>\n\n\n\n<p><a href=\"http:\/\/vitracoat.com\/color-selection\/\">Online Color Selector<\/a><\/p>\n","protected":false},"excerpt":{"rendered":"<p>En el Mercado de equipos de aire acondicionado, los polvos no solo son usados por condiciones est\u00e9ticas sino para asegurar su protecci\u00f3n contra la corrosi\u00f3n. Dependiendo del requerimiento, interior o exterior, si son equipos que proveer\u00e1n calor o frio, la f\u00f3rmula a seleccionar puede variar. La tecnolog\u00eda SDCR de Vitracoat (super durable resistente a la [&hellip;]<\/p>\n","protected":false},"author":1,"featured_media":2554,"parent":1159,"menu_order":0,"comment_status":"closed","ping_status":"closed","template":"market-segments-page.php","meta":[],"yoast_head":"<!-- This site is optimized with the Yoast SEO plugin v21.1 - https:\/\/yoast.com\/wordpress\/plugins\/seo\/ -->\n<title>Equipos de aire acondicionado - VITRACOAT<\/title>\n<meta name=\"robots\" content=\"index, follow, max-snippet:-1, max-image-preview:large, max-video-preview:-1\" \/>\n<link rel=\"canonical\" href=\"https:\/\/vitracoat.com\/mx\/market-segments\/hvac\/\" \/>\n<meta property=\"og:locale\" content=\"en_US\" \/>\n<meta property=\"og:type\" content=\"article\" \/>\n<meta property=\"og:title\" content=\"Equipos de aire acondicionado - VITRACOAT\" \/>\n<meta property=\"og:description\" content=\"En el Mercado de equipos de aire acondicionado, los polvos no solo son usados por condiciones est\u00e9ticas sino para asegurar su protecci\u00f3n contra la corrosi\u00f3n. Dependiendo del requerimiento, interior o exterior, si son equipos que proveer\u00e1n calor o frio, la f\u00f3rmula a seleccionar puede variar. La tecnolog\u00eda SDCR de Vitracoat (super durable resistente a la [&hellip;]\" \/>\n<meta property=\"og:url\" content=\"https:\/\/vitracoat.com\/mx\/market-segments\/hvac\/\" \/>\n<meta property=\"og:site_name\" content=\"VITRACOAT\" \/>\n<meta property=\"article:modified_time\" content=\"2020-06-06T02:42:35+00:00\" \/>\n<meta property=\"og:image\" content=\"https:\/\/vitracoat.com\/mx\/wp-content\/uploads\/2019\/10\/HVAC.jpg\" \/>\n\t<meta property=\"og:image:width\" content=\"1271\" \/>\n\t<meta property=\"og:image:height\" content=\"925\" \/>\n\t<meta property=\"og:image:type\" content=\"image\/jpeg\" \/>\n<meta name=\"twitter:card\" content=\"summary_large_image\" \/>\n<meta name=\"twitter:label1\" content=\"Est. reading time\" \/>\n\t<meta name=\"twitter:data1\" content=\"1 minute\" \/>\n<!-- \/ Yoast SEO plugin. -->","yoast_head_json":{"title":"Equipos de aire acondicionado - VITRACOAT","robots":{"index":"index","follow":"follow","max-snippet":"max-snippet:-1","max-image-preview":"max-image-preview:large","max-video-preview":"max-video-preview:-1"},"canonical":"https:\/\/vitracoat.com\/mx\/market-segments\/hvac\/","og_locale":"en_US","og_type":"article","og_title":"Equipos de aire acondicionado - VITRACOAT","og_description":"En el Mercado de equipos de aire acondicionado, los polvos no solo son usados por condiciones est\u00e9ticas sino para asegurar su protecci\u00f3n contra la corrosi\u00f3n. Dependiendo del requerimiento, interior o exterior, si son equipos que proveer\u00e1n calor o frio, la f\u00f3rmula a seleccionar puede variar. La tecnolog\u00eda SDCR de Vitracoat (super durable resistente a la [&hellip;]","og_url":"https:\/\/vitracoat.com\/mx\/market-segments\/hvac\/","og_site_name":"VITRACOAT","article_modified_time":"2020-06-06T02:42:35+00:00","og_image":[{"width":1271,"height":925,"url":"https:\/\/vitracoat.com\/mx\/wp-content\/uploads\/2019\/10\/HVAC.jpg","type":"image\/jpeg"}],"twitter_card":"summary_large_image","twitter_misc":{"Est. reading time":"1 minute"},"schema":{"@context":"https:\/\/schema.org","@graph":[{"@type":"WebPage","@id":"https:\/\/vitracoat.com\/mx\/market-segments\/hvac\/","url":"https:\/\/vitracoat.com\/mx\/market-segments\/hvac\/","name":"Equipos de aire acondicionado - VITRACOAT","isPartOf":{"@id":"https:\/\/vitracoat.com\/mx\/#website"},"datePublished":"2019-09-10T05:33:17+00:00","dateModified":"2020-06-06T02:42:35+00:00","breadcrumb":{"@id":"https:\/\/vitracoat.com\/mx\/market-segments\/hvac\/#breadcrumb"},"inLanguage":"en-US","potentialAction":[{"@type":"ReadAction","target":["https:\/\/vitracoat.com\/mx\/market-segments\/hvac\/"]}]},{"@type":"BreadcrumbList","@id":"https:\/\/vitracoat.com\/mx\/market-segments\/hvac\/#breadcrumb","itemListElement":[{"@type":"ListItem","position":1,"name":"Home","item":"https:\/\/vitracoat.com\/mx\/"},{"@type":"ListItem","position":2,"name":"Segmentos De Mercado","item":"https:\/\/vitracoat.com\/mx\/market-segments\/"},{"@type":"ListItem","position":3,"name":"Equipos de aire acondicionado"}]},{"@type":"WebSite","@id":"https:\/\/vitracoat.com\/mx\/#website","url":"https:\/\/vitracoat.com\/mx\/","name":"VITRACOAT","description":"Vitracoat Powder Coatings","potentialAction":[{"@type":"SearchAction","target":{"@type":"EntryPoint","urlTemplate":"https:\/\/vitracoat.com\/mx\/?s={search_term_string}"},"query-input":"required name=search_term_string"}],"inLanguage":"en-US"}]}},"_links":{"self":[{"href":"https:\/\/vitracoat.com\/mx\/wp-json\/wp\/v2\/pages\/1176"}],"collection":[{"href":"https:\/\/vitracoat.com\/mx\/wp-json\/wp\/v2\/pages"}],"about":[{"href":"https:\/\/vitracoat.com\/mx\/wp-json\/wp\/v2\/types\/page"}],"author":[{"embeddable":true,"href":"https:\/\/vitracoat.com\/mx\/wp-json\/wp\/v2\/users\/1"}],"replies":[{"embeddable":true,"href":"https:\/\/vitracoat.com\/mx\/wp-json\/wp\/v2\/comments?post=1176"}],"version-history":[{"count":10,"href":"https:\/\/vitracoat.com\/mx\/wp-json\/wp\/v2\/pages\/1176\/revisions"}],"predecessor-version":[{"id":3113,"href":"https:\/\/vitracoat.com\/mx\/wp-json\/wp\/v2\/pages\/1176\/revisions\/3113"}],"up":[{"embeddable":true,"href":"https:\/\/vitracoat.com\/mx\/wp-json\/wp\/v2\/pages\/1159"}],"wp:featuredmedia":[{"embeddable":true,"href":"https:\/\/vitracoat.com\/mx\/wp-json\/wp\/v2\/media\/2554"}],"wp:attachment":[{"href":"https:\/\/vitracoat.com\/mx\/wp-json\/wp\/v2\/media?parent=1176"}],"curies":[{"name":"wp","href":"https:\/\/api.w.org\/{rel}","templated":true}]}}