{"id":1178,"date":"2019-09-10T05:34:28","date_gmt":"2019-09-10T05:34:28","guid":{"rendered":"http:\/\/vitracoat.com\/?page_id=1178"},"modified":"2020-06-06T02:36:02","modified_gmt":"2020-06-06T02:36:02","slug":"job-coaters","status":"publish","type":"page","link":"https:\/\/vitracoat.com\/mx\/market-segments\/job-coaters\/","title":{"rendered":"Maquiladores"},"content":{"rendered":"\n<p>Los maquiladores o centros de servicio de pintura son una parte muy importante del Mercado. Ofrecen una vasta experiencia en polvos y recubren una amplia variedad de productos. Vitracoat ofrece una variedad de servicios que le son ben\u00e9ficos a este ramo de la industria.<\/p>\n\n\n\n<h3>Programa RAL<\/h3>\n\n\n\n<p>Nuestro programa RAL ofrece casi 200 colores de este cat\u00e1logo que pueden ser hechos a la medida en una amplia gama de qu\u00edmicas y niveles de brillo. El sistema de color de RAL es un est\u00e1ndar europeo de colores reconocido a nivel mundial. La mayor\u00eda de los tonos est\u00e1n disponibles en super durable y cumplen con las especificaciones de intemperismo de AAMA 2604, haci\u00e9ndolos ideales para su uso en interior o exterior. Con stocks disponibles tanto en USA como en MX, estos materiales est\u00e1n disponibles en cajas de 25 lb. <\/p>\n\n\n\n<p><a href=\"http:\/\/vitracoat.com\/services\/ral-program\/\">RAL Program<\/a><\/p>\n\n\n\n<h3>Small Batch<\/h3>\n\n\n\n<p>Vitracoat ha invertido en una planta en USA que cuenta con la \u00faltima tecnolog\u00eda disponible para la fabricaci\u00f3n de lotes peque\u00f1os o small batch. Utilizando el mismo proceso innovador y patentado que Vitracoat implement\u00f3 hace ya varios a\u00f1os, replicamos esto para la fabricaci\u00f3n de estos small batch. Ofrecemos formulaciones est\u00e1ndar, met\u00e1licos, bondeados, productos que cumplan con AAMA, anti microbiales, anti grafiti y mucho m\u00e1s. Esta capacidad instalada hace que la oferta de productos de Vitracoat algo sin paralelo en el mercado norteamericano. <\/p>\n\n\n\n<p><a href=\"http:\/\/vitracoat.com\/services\/small-batch\/\">Small Batch<\/a><\/p>\n\n\n\n<h3>Chip Program<\/h3>\n\n\n\n<p>Job coaters often need color samples quickly. Our VitraCHIP\nprogram includes hundreds of colors available in a chip form (2\u201dx3\u201d) panel. We\nhave dedicated staff and equipment in our Elkhart, IN facility to make these\nchips always readily available to you. Once we receive your request, we will\npull the chips and send out to you within 24 hours. <\/p>\n\n\n\n<p><a href=\"http:\/\/vitracoat.com\/services\/chip-program\/\">Chip Program<\/a><\/p>\n\n\n\n<h3>Sistema de igualaci\u00f3n de color VITRAVision<\/h3>\n\n\n\n<p>La habilidad para igualar un color es una gran ventaja para un maquiladora o prestador de servicios. Vitracoat es el primero en introducir esta innovadora soluci\u00f3n para la igualaci\u00f3n de colores. Nuestra herramienta VitraVision y su app aceleran el proceso de igualaci\u00f3n de color a trav\u00e9s de un color\u00edmetro port\u00e1til que nos permite una comparaci\u00f3n instant\u00e1nea de color. Tiene un algoritmo que no solo lee el color, sino una interfaz con nuestra base de datos. Los clientes pueden escoger el producto que mejor se adapte a sus necesidades o solicitar paneles de prueba que regularmente pueden ser enviados el mismo d\u00eda para realizar una comparaci\u00f3n en sitio.<\/p>\n\n\n\n<p><a href=\"http:\/\/vitracoat.com\/services\/vitravision\/\">VitraVISION<\/a> <\/p>\n\n\n\n<p><a href=\"http:\/\/vitracoat.com\/color-selection\/\">Online Color Selector<\/a><\/p>\n","protected":false},"excerpt":{"rendered":"<p>Los maquiladores o centros de servicio de pintura son una parte muy importante del Mercado. Ofrecen una vasta experiencia en polvos y recubren una amplia variedad de productos. Vitracoat ofrece una variedad de servicios que le son ben\u00e9ficos a este ramo de la industria. Programa RAL Nuestro programa RAL ofrece casi 200 colores de este [&hellip;]<\/p>\n","protected":false},"author":1,"featured_media":2536,"parent":1159,"menu_order":0,"comment_status":"closed","ping_status":"closed","template":"market-segments-page.php","meta":[],"yoast_head":"<!-- This site is optimized with the Yoast SEO plugin v21.1 - https:\/\/yoast.com\/wordpress\/plugins\/seo\/ -->\n<title>Maquiladores - VITRACOAT<\/title>\n<meta name=\"robots\" content=\"index, follow, max-snippet:-1, max-image-preview:large, max-video-preview:-1\" \/>\n<link rel=\"canonical\" href=\"https:\/\/vitracoat.com\/mx\/market-segments\/job-coaters\/\" \/>\n<meta property=\"og:locale\" content=\"en_US\" \/>\n<meta property=\"og:type\" content=\"article\" \/>\n<meta property=\"og:title\" content=\"Maquiladores - VITRACOAT\" \/>\n<meta property=\"og:description\" content=\"Los maquiladores o centros de servicio de pintura son una parte muy importante del Mercado. Ofrecen una vasta experiencia en polvos y recubren una amplia variedad de productos. Vitracoat ofrece una variedad de servicios que le son ben\u00e9ficos a este ramo de la industria. Programa RAL Nuestro programa RAL ofrece casi 200 colores de este [&hellip;]\" \/>\n<meta property=\"og:url\" content=\"https:\/\/vitracoat.com\/mx\/market-segments\/job-coaters\/\" \/>\n<meta property=\"og:site_name\" content=\"VITRACOAT\" \/>\n<meta property=\"article:modified_time\" content=\"2020-06-06T02:36:02+00:00\" \/>\n<meta property=\"og:image\" content=\"https:\/\/vitracoat.com\/mx\/wp-content\/uploads\/2019\/10\/Job-Coater.jpg\" \/>\n\t<meta property=\"og:image:width\" content=\"1355\" \/>\n\t<meta property=\"og:image:height\" content=\"903\" \/>\n\t<meta property=\"og:image:type\" content=\"image\/jpeg\" \/>\n<meta name=\"twitter:card\" content=\"summary_large_image\" \/>\n<meta name=\"twitter:label1\" content=\"Est. reading time\" \/>\n\t<meta name=\"twitter:data1\" content=\"2 minutes\" \/>\n<!-- \/ Yoast SEO plugin. -->","yoast_head_json":{"title":"Maquiladores - VITRACOAT","robots":{"index":"index","follow":"follow","max-snippet":"max-snippet:-1","max-image-preview":"max-image-preview:large","max-video-preview":"max-video-preview:-1"},"canonical":"https:\/\/vitracoat.com\/mx\/market-segments\/job-coaters\/","og_locale":"en_US","og_type":"article","og_title":"Maquiladores - VITRACOAT","og_description":"Los maquiladores o centros de servicio de pintura son una parte muy importante del Mercado. Ofrecen una vasta experiencia en polvos y recubren una amplia variedad de productos. Vitracoat ofrece una variedad de servicios que le son ben\u00e9ficos a este ramo de la industria. Programa RAL Nuestro programa RAL ofrece casi 200 colores de este [&hellip;]","og_url":"https:\/\/vitracoat.com\/mx\/market-segments\/job-coaters\/","og_site_name":"VITRACOAT","article_modified_time":"2020-06-06T02:36:02+00:00","og_image":[{"width":1355,"height":903,"url":"https:\/\/vitracoat.com\/mx\/wp-content\/uploads\/2019\/10\/Job-Coater.jpg","type":"image\/jpeg"}],"twitter_card":"summary_large_image","twitter_misc":{"Est. reading time":"2 minutes"},"schema":{"@context":"https:\/\/schema.org","@graph":[{"@type":"WebPage","@id":"https:\/\/vitracoat.com\/mx\/market-segments\/job-coaters\/","url":"https:\/\/vitracoat.com\/mx\/market-segments\/job-coaters\/","name":"Maquiladores - VITRACOAT","isPartOf":{"@id":"https:\/\/vitracoat.com\/mx\/#website"},"datePublished":"2019-09-10T05:34:28+00:00","dateModified":"2020-06-06T02:36:02+00:00","breadcrumb":{"@id":"https:\/\/vitracoat.com\/mx\/market-segments\/job-coaters\/#breadcrumb"},"inLanguage":"en-US","potentialAction":[{"@type":"ReadAction","target":["https:\/\/vitracoat.com\/mx\/market-segments\/job-coaters\/"]}]},{"@type":"BreadcrumbList","@id":"https:\/\/vitracoat.com\/mx\/market-segments\/job-coaters\/#breadcrumb","itemListElement":[{"@type":"ListItem","position":1,"name":"Home","item":"https:\/\/vitracoat.com\/mx\/"},{"@type":"ListItem","position":2,"name":"Segmentos De Mercado","item":"https:\/\/vitracoat.com\/mx\/market-segments\/"},{"@type":"ListItem","position":3,"name":"Maquiladores"}]},{"@type":"WebSite","@id":"https:\/\/vitracoat.com\/mx\/#website","url":"https:\/\/vitracoat.com\/mx\/","name":"VITRACOAT","description":"Vitracoat Powder Coatings","potentialAction":[{"@type":"SearchAction","target":{"@type":"EntryPoint","urlTemplate":"https:\/\/vitracoat.com\/mx\/?s={search_term_string}"},"query-input":"required name=search_term_string"}],"inLanguage":"en-US"}]}},"_links":{"self":[{"href":"https:\/\/vitracoat.com\/mx\/wp-json\/wp\/v2\/pages\/1178"}],"collection":[{"href":"https:\/\/vitracoat.com\/mx\/wp-json\/wp\/v2\/pages"}],"about":[{"href":"https:\/\/vitracoat.com\/mx\/wp-json\/wp\/v2\/types\/page"}],"author":[{"embeddable":true,"href":"https:\/\/vitracoat.com\/mx\/wp-json\/wp\/v2\/users\/1"}],"replies":[{"embeddable":true,"href":"https:\/\/vitracoat.com\/mx\/wp-json\/wp\/v2\/comments?post=1178"}],"version-history":[{"count":10,"href":"https:\/\/vitracoat.com\/mx\/wp-json\/wp\/v2\/pages\/1178\/revisions"}],"predecessor-version":[{"id":3111,"href":"https:\/\/vitracoat.com\/mx\/wp-json\/wp\/v2\/pages\/1178\/revisions\/3111"}],"up":[{"embeddable":true,"href":"https:\/\/vitracoat.com\/mx\/wp-json\/wp\/v2\/pages\/1159"}],"wp:featuredmedia":[{"embeddable":true,"href":"https:\/\/vitracoat.com\/mx\/wp-json\/wp\/v2\/media\/2536"}],"wp:attachment":[{"href":"https:\/\/vitracoat.com\/mx\/wp-json\/wp\/v2\/media?parent=1178"}],"curies":[{"name":"wp","href":"https:\/\/api.w.org\/{rel}","templated":true}]}}