{"id":1180,"date":"2019-09-10T05:34:52","date_gmt":"2019-09-10T05:34:52","guid":{"rendered":"http:\/\/vitracoat.com\/?page_id=1180"},"modified":"2020-06-06T02:22:15","modified_gmt":"2020-06-06T02:22:15","slug":"lawn-and-garden","status":"publish","type":"page","link":"https:\/\/vitracoat.com\/mx\/market-segments\/lawn-and-garden\/","title":{"rendered":"Jardiner\u00eda"},"content":{"rendered":"\n<p>La mayor\u00eda de los polvos para uso en jardiner\u00eda necesitan ser productos resistentes al exterior. Desde podadoras a maquinas removedoras de nieve, Vitracoat provee una amplia gama de polvos que ofrecen resistencia a la corrosi\u00f3n en ambientes altamente demandantes.<\/p>\n\n\n\n<p>La tecnolog\u00eda SDCR de Vitracoat (super durable resistente a la corrosi\u00f3n) le brinda la habilidad de obtener excepcional resistencia a la corrosi\u00f3n y una estupenda resistencia a los rayos UV en un solo paso.<\/p>\n\n\n\n<p>Los recubrimientos en polvo de la serie VITRAXtreme para el mercado de jardiner\u00eda cubren:<\/p>\n\n\n\n<ul><li>Podadoras<\/li><li>Desorilladoras<\/li><li>Corta ca\u00f1as<\/li><li>Removedores de nieve<\/li><li>Equipo de jardiner\u00eda para uso residencial e industrial ligero<\/li><\/ul>\n\n\n\n<h3>Links<\/h3>\n\n\n\n<p><a href=\"http:\/\/vitracoat.com\/product-information\/vitraxtreme-super-durable-corrosion-resistant-coatings\/\">VitraXtreme Powder Coatings<\/a><\/p>\n\n\n\n<p><a href=\"http:\/\/vitracoat.com\/color-selection\/\">Online Color Selector<\/a><\/p>\n","protected":false},"excerpt":{"rendered":"<p>La mayor\u00eda de los polvos para uso en jardiner\u00eda necesitan ser productos resistentes al exterior. Desde podadoras a maquinas removedoras de nieve, Vitracoat provee una amplia gama de polvos que ofrecen resistencia a la corrosi\u00f3n en ambientes altamente demandantes. La tecnolog\u00eda SDCR de Vitracoat (super durable resistente a la corrosi\u00f3n) le brinda la habilidad de [&hellip;]<\/p>\n","protected":false},"author":1,"featured_media":2534,"parent":1159,"menu_order":0,"comment_status":"closed","ping_status":"closed","template":"market-segments-page.php","meta":[],"yoast_head":"<!-- This site is optimized with the Yoast SEO plugin v21.1 - https:\/\/yoast.com\/wordpress\/plugins\/seo\/ -->\n<title>Jardiner\u00eda - VITRACOAT<\/title>\n<meta name=\"robots\" content=\"index, follow, max-snippet:-1, max-image-preview:large, max-video-preview:-1\" \/>\n<link rel=\"canonical\" href=\"https:\/\/vitracoat.com\/mx\/market-segments\/lawn-and-garden\/\" \/>\n<meta property=\"og:locale\" content=\"en_US\" \/>\n<meta property=\"og:type\" content=\"article\" \/>\n<meta property=\"og:title\" content=\"Jardiner\u00eda - VITRACOAT\" \/>\n<meta property=\"og:description\" content=\"La mayor\u00eda de los polvos para uso en jardiner\u00eda necesitan ser productos resistentes al exterior. Desde podadoras a maquinas removedoras de nieve, Vitracoat provee una amplia gama de polvos que ofrecen resistencia a la corrosi\u00f3n en ambientes altamente demandantes. La tecnolog\u00eda SDCR de Vitracoat (super durable resistente a la corrosi\u00f3n) le brinda la habilidad de [&hellip;]\" \/>\n<meta property=\"og:url\" content=\"https:\/\/vitracoat.com\/mx\/market-segments\/lawn-and-garden\/\" \/>\n<meta property=\"og:site_name\" content=\"VITRACOAT\" \/>\n<meta property=\"article:modified_time\" content=\"2020-06-06T02:22:15+00:00\" \/>\n<meta property=\"og:image\" content=\"https:\/\/vitracoat.com\/mx\/wp-content\/uploads\/2019\/10\/Lawn-Garden.jpg\" \/>\n\t<meta property=\"og:image:width\" content=\"1597\" \/>\n\t<meta property=\"og:image:height\" content=\"1065\" \/>\n\t<meta property=\"og:image:type\" content=\"image\/jpeg\" \/>\n<meta name=\"twitter:card\" content=\"summary_large_image\" \/>\n<meta name=\"twitter:label1\" content=\"Est. reading time\" \/>\n\t<meta name=\"twitter:data1\" content=\"1 minute\" \/>\n<!-- \/ Yoast SEO plugin. -->","yoast_head_json":{"title":"Jardiner\u00eda - VITRACOAT","robots":{"index":"index","follow":"follow","max-snippet":"max-snippet:-1","max-image-preview":"max-image-preview:large","max-video-preview":"max-video-preview:-1"},"canonical":"https:\/\/vitracoat.com\/mx\/market-segments\/lawn-and-garden\/","og_locale":"en_US","og_type":"article","og_title":"Jardiner\u00eda - VITRACOAT","og_description":"La mayor\u00eda de los polvos para uso en jardiner\u00eda necesitan ser productos resistentes al exterior. Desde podadoras a maquinas removedoras de nieve, Vitracoat provee una amplia gama de polvos que ofrecen resistencia a la corrosi\u00f3n en ambientes altamente demandantes. La tecnolog\u00eda SDCR de Vitracoat (super durable resistente a la corrosi\u00f3n) le brinda la habilidad de [&hellip;]","og_url":"https:\/\/vitracoat.com\/mx\/market-segments\/lawn-and-garden\/","og_site_name":"VITRACOAT","article_modified_time":"2020-06-06T02:22:15+00:00","og_image":[{"width":1597,"height":1065,"url":"https:\/\/vitracoat.com\/mx\/wp-content\/uploads\/2019\/10\/Lawn-Garden.jpg","type":"image\/jpeg"}],"twitter_card":"summary_large_image","twitter_misc":{"Est. reading time":"1 minute"},"schema":{"@context":"https:\/\/schema.org","@graph":[{"@type":"WebPage","@id":"https:\/\/vitracoat.com\/mx\/market-segments\/lawn-and-garden\/","url":"https:\/\/vitracoat.com\/mx\/market-segments\/lawn-and-garden\/","name":"Jardiner\u00eda - VITRACOAT","isPartOf":{"@id":"https:\/\/vitracoat.com\/mx\/#website"},"datePublished":"2019-09-10T05:34:52+00:00","dateModified":"2020-06-06T02:22:15+00:00","breadcrumb":{"@id":"https:\/\/vitracoat.com\/mx\/market-segments\/lawn-and-garden\/#breadcrumb"},"inLanguage":"en-US","potentialAction":[{"@type":"ReadAction","target":["https:\/\/vitracoat.com\/mx\/market-segments\/lawn-and-garden\/"]}]},{"@type":"BreadcrumbList","@id":"https:\/\/vitracoat.com\/mx\/market-segments\/lawn-and-garden\/#breadcrumb","itemListElement":[{"@type":"ListItem","position":1,"name":"Home","item":"https:\/\/vitracoat.com\/mx\/"},{"@type":"ListItem","position":2,"name":"Segmentos De Mercado","item":"https:\/\/vitracoat.com\/mx\/market-segments\/"},{"@type":"ListItem","position":3,"name":"Jardiner\u00eda"}]},{"@type":"WebSite","@id":"https:\/\/vitracoat.com\/mx\/#website","url":"https:\/\/vitracoat.com\/mx\/","name":"VITRACOAT","description":"Vitracoat Powder Coatings","potentialAction":[{"@type":"SearchAction","target":{"@type":"EntryPoint","urlTemplate":"https:\/\/vitracoat.com\/mx\/?s={search_term_string}"},"query-input":"required name=search_term_string"}],"inLanguage":"en-US"}]}},"_links":{"self":[{"href":"https:\/\/vitracoat.com\/mx\/wp-json\/wp\/v2\/pages\/1180"}],"collection":[{"href":"https:\/\/vitracoat.com\/mx\/wp-json\/wp\/v2\/pages"}],"about":[{"href":"https:\/\/vitracoat.com\/mx\/wp-json\/wp\/v2\/types\/page"}],"author":[{"embeddable":true,"href":"https:\/\/vitracoat.com\/mx\/wp-json\/wp\/v2\/users\/1"}],"replies":[{"embeddable":true,"href":"https:\/\/vitracoat.com\/mx\/wp-json\/wp\/v2\/comments?post=1180"}],"version-history":[{"count":12,"href":"https:\/\/vitracoat.com\/mx\/wp-json\/wp\/v2\/pages\/1180\/revisions"}],"predecessor-version":[{"id":3107,"href":"https:\/\/vitracoat.com\/mx\/wp-json\/wp\/v2\/pages\/1180\/revisions\/3107"}],"up":[{"embeddable":true,"href":"https:\/\/vitracoat.com\/mx\/wp-json\/wp\/v2\/pages\/1159"}],"wp:featuredmedia":[{"embeddable":true,"href":"https:\/\/vitracoat.com\/mx\/wp-json\/wp\/v2\/media\/2534"}],"wp:attachment":[{"href":"https:\/\/vitracoat.com\/mx\/wp-json\/wp\/v2\/media?parent=1180"}],"curies":[{"name":"wp","href":"https:\/\/api.w.org\/{rel}","templated":true}]}}