{"id":1182,"date":"2019-09-10T05:35:19","date_gmt":"2019-09-10T05:35:19","guid":{"rendered":"http:\/\/vitracoat.com\/?page_id=1182"},"modified":"2020-06-06T02:18:50","modified_gmt":"2020-06-06T02:18:50","slug":"functional","status":"publish","type":"page","link":"https:\/\/vitracoat.com\/mx\/market-segments\/functional\/","title":{"rendered":"Funcionales"},"content":{"rendered":"\n<p>Los recubrimientos en polvo proveen resistencia y proteccion de muy lago plazo a tuber\u00edas, v\u00e1lvulas, empaques y rebar. Su uso en tuber\u00edas aplica tanto para uso en la superficie o debajo de ella. Fusion bonded epoxys, regularmente conocidos como FBE, son tecnolog\u00edas de base epoxy que se aplican en tuber\u00edas de acero, barras de refuerzo en concreto (varillas\/rebar) y en varias conecciones de tuber\u00eda y v\u00e1lvulas para protgerlas de ambientes altamente corrosivos y proveen una excelente adherencia y ofrecen una resistencia superior al desprendimiento cat\u00f3dico.<\/p>\n\n\n\n<p>Los recubrimientos en polvo de la serie VITRAFuse para el mercado funcional cubren:<\/p>\n\n\n\n<ul><li>Varillas\/rebar<\/li><li>Tuberia para gas<\/li><li>Valvulas<\/li><li>Gas riser pipe<\/li><li>Tanques de agua<\/li><li>Hidrantes<\/li><\/ul>\n\n\n\n<h3>Links<\/h3>\n\n\n\n<p><a href=\"http:\/\/vitracoat.com\/product-information\/vitrafuse-fusion-bonded-epoxy-coatings\/\">VitraFUSE Powder Coatings<\/a><\/p>\n\n\n\n<p><a href=\"http:\/\/vitracoat.com\/color-selection\/\">Online Color Selector<\/a><\/p>\n","protected":false},"excerpt":{"rendered":"<p>Los recubrimientos en polvo proveen resistencia y proteccion de muy lago plazo a tuber\u00edas, v\u00e1lvulas, empaques y rebar. Su uso en tuber\u00edas aplica tanto para uso en la superficie o debajo de ella. Fusion bonded epoxys, regularmente conocidos como FBE, son tecnolog\u00edas de base epoxy que se aplican en tuber\u00edas de acero, barras de refuerzo [&hellip;]<\/p>\n","protected":false},"author":1,"featured_media":2512,"parent":1159,"menu_order":0,"comment_status":"closed","ping_status":"closed","template":"market-segments-page.php","meta":[],"yoast_head":"<!-- This site is optimized with the Yoast SEO plugin v21.1 - https:\/\/yoast.com\/wordpress\/plugins\/seo\/ -->\n<title>Funcionales - VITRACOAT<\/title>\n<meta name=\"robots\" content=\"index, follow, max-snippet:-1, max-image-preview:large, max-video-preview:-1\" \/>\n<link rel=\"canonical\" href=\"https:\/\/vitracoat.com\/mx\/market-segments\/functional\/\" \/>\n<meta property=\"og:locale\" content=\"en_US\" \/>\n<meta property=\"og:type\" content=\"article\" \/>\n<meta property=\"og:title\" content=\"Funcionales - VITRACOAT\" \/>\n<meta property=\"og:description\" content=\"Los recubrimientos en polvo proveen resistencia y proteccion de muy lago plazo a tuber\u00edas, v\u00e1lvulas, empaques y rebar. Su uso en tuber\u00edas aplica tanto para uso en la superficie o debajo de ella. Fusion bonded epoxys, regularmente conocidos como FBE, son tecnolog\u00edas de base epoxy que se aplican en tuber\u00edas de acero, barras de refuerzo [&hellip;]\" \/>\n<meta property=\"og:url\" content=\"https:\/\/vitracoat.com\/mx\/market-segments\/functional\/\" \/>\n<meta property=\"og:site_name\" content=\"VITRACOAT\" \/>\n<meta property=\"article:modified_time\" content=\"2020-06-06T02:18:50+00:00\" \/>\n<meta property=\"og:image\" content=\"https:\/\/vitracoat.com\/mx\/wp-content\/uploads\/2019\/10\/VitraFUSE.jpg\" \/>\n\t<meta property=\"og:image:width\" content=\"1132\" \/>\n\t<meta property=\"og:image:height\" content=\"758\" \/>\n\t<meta property=\"og:image:type\" content=\"image\/jpeg\" \/>\n<meta name=\"twitter:card\" content=\"summary_large_image\" \/>\n<meta name=\"twitter:label1\" content=\"Est. reading time\" \/>\n\t<meta name=\"twitter:data1\" content=\"1 minute\" \/>\n<!-- \/ Yoast SEO plugin. -->","yoast_head_json":{"title":"Funcionales - VITRACOAT","robots":{"index":"index","follow":"follow","max-snippet":"max-snippet:-1","max-image-preview":"max-image-preview:large","max-video-preview":"max-video-preview:-1"},"canonical":"https:\/\/vitracoat.com\/mx\/market-segments\/functional\/","og_locale":"en_US","og_type":"article","og_title":"Funcionales - VITRACOAT","og_description":"Los recubrimientos en polvo proveen resistencia y proteccion de muy lago plazo a tuber\u00edas, v\u00e1lvulas, empaques y rebar. Su uso en tuber\u00edas aplica tanto para uso en la superficie o debajo de ella. Fusion bonded epoxys, regularmente conocidos como FBE, son tecnolog\u00edas de base epoxy que se aplican en tuber\u00edas de acero, barras de refuerzo [&hellip;]","og_url":"https:\/\/vitracoat.com\/mx\/market-segments\/functional\/","og_site_name":"VITRACOAT","article_modified_time":"2020-06-06T02:18:50+00:00","og_image":[{"width":1132,"height":758,"url":"https:\/\/vitracoat.com\/mx\/wp-content\/uploads\/2019\/10\/VitraFUSE.jpg","type":"image\/jpeg"}],"twitter_card":"summary_large_image","twitter_misc":{"Est. reading time":"1 minute"},"schema":{"@context":"https:\/\/schema.org","@graph":[{"@type":"WebPage","@id":"https:\/\/vitracoat.com\/mx\/market-segments\/functional\/","url":"https:\/\/vitracoat.com\/mx\/market-segments\/functional\/","name":"Funcionales - VITRACOAT","isPartOf":{"@id":"https:\/\/vitracoat.com\/mx\/#website"},"datePublished":"2019-09-10T05:35:19+00:00","dateModified":"2020-06-06T02:18:50+00:00","breadcrumb":{"@id":"https:\/\/vitracoat.com\/mx\/market-segments\/functional\/#breadcrumb"},"inLanguage":"en-US","potentialAction":[{"@type":"ReadAction","target":["https:\/\/vitracoat.com\/mx\/market-segments\/functional\/"]}]},{"@type":"BreadcrumbList","@id":"https:\/\/vitracoat.com\/mx\/market-segments\/functional\/#breadcrumb","itemListElement":[{"@type":"ListItem","position":1,"name":"Home","item":"https:\/\/vitracoat.com\/mx\/"},{"@type":"ListItem","position":2,"name":"Segmentos De Mercado","item":"https:\/\/vitracoat.com\/mx\/market-segments\/"},{"@type":"ListItem","position":3,"name":"Funcionales"}]},{"@type":"WebSite","@id":"https:\/\/vitracoat.com\/mx\/#website","url":"https:\/\/vitracoat.com\/mx\/","name":"VITRACOAT","description":"Vitracoat Powder Coatings","potentialAction":[{"@type":"SearchAction","target":{"@type":"EntryPoint","urlTemplate":"https:\/\/vitracoat.com\/mx\/?s={search_term_string}"},"query-input":"required name=search_term_string"}],"inLanguage":"en-US"}]}},"_links":{"self":[{"href":"https:\/\/vitracoat.com\/mx\/wp-json\/wp\/v2\/pages\/1182"}],"collection":[{"href":"https:\/\/vitracoat.com\/mx\/wp-json\/wp\/v2\/pages"}],"about":[{"href":"https:\/\/vitracoat.com\/mx\/wp-json\/wp\/v2\/types\/page"}],"author":[{"embeddable":true,"href":"https:\/\/vitracoat.com\/mx\/wp-json\/wp\/v2\/users\/1"}],"replies":[{"embeddable":true,"href":"https:\/\/vitracoat.com\/mx\/wp-json\/wp\/v2\/comments?post=1182"}],"version-history":[{"count":9,"href":"https:\/\/vitracoat.com\/mx\/wp-json\/wp\/v2\/pages\/1182\/revisions"}],"predecessor-version":[{"id":3106,"href":"https:\/\/vitracoat.com\/mx\/wp-json\/wp\/v2\/pages\/1182\/revisions\/3106"}],"up":[{"embeddable":true,"href":"https:\/\/vitracoat.com\/mx\/wp-json\/wp\/v2\/pages\/1159"}],"wp:featuredmedia":[{"embeddable":true,"href":"https:\/\/vitracoat.com\/mx\/wp-json\/wp\/v2\/media\/2512"}],"wp:attachment":[{"href":"https:\/\/vitracoat.com\/mx\/wp-json\/wp\/v2\/media?parent=1182"}],"curies":[{"name":"wp","href":"https:\/\/api.w.org\/{rel}","templated":true}]}}