{"id":14,"date":"2019-05-16T04:30:11","date_gmt":"2019-05-16T04:30:11","guid":{"rendered":"http:\/\/dudusound.com\/atxfs\/?page_id=14"},"modified":"2025-07-16T19:48:02","modified_gmt":"2025-07-16T19:48:02","slug":"contact","status":"publish","type":"page","link":"https:\/\/vitracoat.com\/mx\/contact\/","title":{"rendered":"Cont\u00e1ctanos"},"content":{"rendered":"\r\n<div class=\"is-layout-flex wp-container-4 wp-block-columns has-3-columns contact-page\">\r\n<div class=\"is-layout-flow wp-block-column\">\r\n<h2>U.S.A.<\/h2>\r\n\r\n\r\n\r\n<p class=\"usa p-l-30\"><strong>USA Headquarters<\/strong><br \/>7002 Brittmoore Rd.\u00a0<br \/>Houston, TX 77041<\/p>\r\n\r\n\r\n\r\n<p class=\"p-l-30\">Tel: 574-264-6090<br \/>Toll Free: 888-778-5994<br \/>Fax: 574-264-2776<br \/>Email: <a href=\"mailto:orders@vitracoatamerica.com\">orders@vitracoatamerica.com<\/a><\/p>\r\n<\/div>\r\n\r\n\r\n\r\n<div class=\"is-layout-flow wp-block-column\">\r\n<h2>Mexico<\/h2>\r\n\r\n\r\n\r\n<p class=\"mexico p-l-30\"><strong>Mexico International Headquarters <\/strong><br \/>Cto de La Industria Sur No. 284, Isidro Fabela, 52004 Lerma de Villada, M\u00e9x., Mexico<\/p>\r\n\r\n\r\n\r\n<p class=\"p-l-30\">Tel\u00e9fono: +52 (722)-262 7000<br \/>Fax: +52 (722)-262-7020<br \/>Whatsapp +52 81 8187 5092<br \/>Correo electr\u00f3nico: <a href=\"mailto:sales@vitracoat.com\">sales@vitracoat.com<\/a><\/p>\r\n<\/div>\r\n\r\n\r\n\r\n<div class=\"is-layout-flow wp-block-column\">\r\n<h2>Colombia<\/h2>\r\n\r\n\r\n\r\n<p class=\"southamerica p-l-30\"><strong>Colombia South American Headquarters <\/strong><br \/>Zona Franca de Rionegro,<br \/>Bodega 251, vereda Chanchafruto<br \/>Rionegro, Antioquia,CP 054040, Colombia<\/p>\r\n\r\n\r\n\r\n<p class=\"p-l-30\">Tel\u00e9fono: +57-322-4460<br \/>Correo electr\u00f3nico: <a href=\"mailto:ventascol@vitracoat.com\">ventascol@vitracoat.com<\/a><\/p>\r\n<\/div>\r\n<\/div>\r\n\r\n\r\n\r\n<div class=\"is-layout-flex wp-container-7 wp-block-columns has-2-columns\">\r\n<div class=\"is-layout-flow wp-block-column\">\r\n<p class=\"m-t-70\">Por favor llene el formulario anexo para solicitar m\u00e1s informaci\u00f3n.<\/p>\r\n\r\n\r\n\r\n<script type=\"text\/javascript\">var gform;gform||(document.addEventListener(\"gform_main_scripts_loaded\",function(){gform.scriptsLoaded=!0}),window.addEventListener(\"DOMContentLoaded\",function(){gform.domLoaded=!0}),gform={domLoaded:!1,scriptsLoaded:!1,initializeOnLoaded:function(o){gform.domLoaded&&gform.scriptsLoaded?o():!gform.domLoaded&&gform.scriptsLoaded?window.addEventListener(\"DOMContentLoaded\",o):document.addEventListener(\"gform_main_scripts_loaded\",o)},hooks:{action:{},filter:{}},addAction:function(o,n,r,t){gform.addHook(\"action\",o,n,r,t)},addFilter:function(o,n,r,t){gform.addHook(\"filter\",o,n,r,t)},doAction:function(o){gform.doHook(\"action\",o,arguments)},applyFilters:function(o){return gform.doHook(\"filter\",o,arguments)},removeAction:function(o,n){gform.removeHook(\"action\",o,n)},removeFilter:function(o,n,r){gform.removeHook(\"filter\",o,n,r)},addHook:function(o,n,r,t,i){null==gform.hooks[o][n]&&(gform.hooks[o][n]=[]);var e=gform.hooks[o][n];null==i&&(i=n+\"_\"+e.length),gform.hooks[o][n].push({tag:i,callable:r,priority:t=null==t?10:t})},doHook:function(n,o,r){var t;if(r=Array.prototype.slice.call(r,1),null!=gform.hooks[n][o]&&((o=gform.hooks[n][o]).sort(function(o,n){return o.priority-n.priority}),o.forEach(function(o){\"function\"!=typeof(t=o.callable)&&(t=window[t]),\"action\"==n?t.apply(null,r):r[0]=t.apply(null,r)})),\"filter\"==n)return r[0]},removeHook:function(o,n,t,i){var r;null!=gform.hooks[o][n]&&(r=(r=gform.hooks[o][n]).filter(function(o,n,r){return!!(null!=i&&i!=o.tag||null!=t&&t!=o.priority)}),gform.hooks[o][n]=r)}});<\/script>\n                <div class='gf_browser_gecko gform_wrapper gform_legacy_markup_wrapper gform-theme--no-framework' data-form-theme='legacy' data-form-index='0' id='gform_wrapper_2' ><form method='post' enctype='multipart\/form-data'  id='gform_2'  action='\/mx\/wp-json\/wp\/v2\/pages\/14' data-formid='2' >\n                        <div class='gform-body gform_body'><ul id='gform_fields_2' class='gform_fields top_label form_sublabel_below description_below'><li id=\"field_2_19\"  class=\"gfield gfield--type-text gfield_contains_required field_sublabel_below gfield--no-description field_description_below hidden_label gfield_visibility_visible\"  data-js-reload=\"field_2_19\"><label class='gfield_label gform-field-label' for='input_2_19' >Nombre<span class=\"gfield_required\"><span class=\"gfield_required gfield_required_asterisk\">*<\/span><\/span><\/label><div class='ginput_container ginput_container_text'><input name='input_19' id='input_2_19' type='text' value='' class='medium'    placeholder='Nombre *' aria-required=\"true\" aria-invalid=\"false\"   \/> <\/div><\/li><li id=\"field_2_20\"  class=\"gfield gfield--type-text gfield_contains_required field_sublabel_below gfield--no-description field_description_below hidden_label gfield_visibility_visible\"  data-js-reload=\"field_2_20\"><label class='gfield_label gform-field-label' for='input_2_20' >Apellidos<span class=\"gfield_required\"><span class=\"gfield_required gfield_required_asterisk\">*<\/span><\/span><\/label><div class='ginput_container ginput_container_text'><input name='input_20' id='input_2_20' type='text' value='' class='medium'    placeholder='Apellidos *' aria-required=\"true\" aria-invalid=\"false\"   \/> <\/div><\/li><li id=\"field_2_16\"  class=\"gfield gfield--type-text field_sublabel_below gfield--no-description field_description_below hidden_label gfield_visibility_visible\"  data-js-reload=\"field_2_16\"><label class='gfield_label gform-field-label' for='input_2_16' >T\u00edtulo<\/label><div class='ginput_container ginput_container_text'><input name='input_16' id='input_2_16' type='text' value='' class='medium'    placeholder='T\u00edtulo'  aria-invalid=\"false\"   \/> <\/div><\/li><li id=\"field_2_10\"  class=\"gfield gfield--type-text field_sublabel_below gfield--no-description field_description_below hidden_label gfield_visibility_visible\"  data-js-reload=\"field_2_10\"><label class='gfield_label gform-field-label' for='input_2_10' >Compa\u00f1\u00eda<\/label><div class='ginput_container ginput_container_text'><input name='input_10' id='input_2_10' type='text' value='' class='medium'    placeholder='Compa\u00f1\u00eda'  aria-invalid=\"false\"   \/> <\/div><\/li><li id=\"field_2_17\"  class=\"gfield gfield--type-text field_sublabel_below gfield--no-description field_description_below hidden_label gfield_visibility_visible\"  data-js-reload=\"field_2_17\"><label class='gfield_label gform-field-label' for='input_2_17' >Ciudad<\/label><div class='ginput_container ginput_container_text'><input name='input_17' id='input_2_17' type='text' value='' class='medium'    placeholder='Ciudad'  aria-invalid=\"false\"   \/> <\/div><\/li><li id=\"field_2_18\"  class=\"gfield gfield--type-text field_sublabel_below gfield--no-description field_description_below hidden_label gfield_visibility_visible\"  data-js-reload=\"field_2_18\"><label class='gfield_label gform-field-label' for='input_2_18' >Estado<\/label><div class='ginput_container ginput_container_text'><input name='input_18' id='input_2_18' type='text' value='' class='medium'    placeholder='Estado'  aria-invalid=\"false\"   \/> <\/div><\/li><li id=\"field_2_2\"  class=\"gfield gfield--type-email gfield_contains_required field_sublabel_below gfield--no-description field_description_below hidden_label gfield_visibility_visible\"  data-js-reload=\"field_2_2\"><label class='gfield_label gform-field-label' for='input_2_2' >Correo electr\u00f3nico<span class=\"gfield_required\"><span class=\"gfield_required gfield_required_asterisk\">*<\/span><\/span><\/label><div class='ginput_container ginput_container_email'>\n                            <input name='input_2' id='input_2_2' type='text' value='' class='medium'   placeholder='Correo electr\u00f3nico *' aria-required=\"true\" aria-invalid=\"false\"  \/>\n                        <\/div><\/li><li id=\"field_2_3\"  class=\"gfield gfield--type-phone gfield_contains_required field_sublabel_below gfield--no-description field_description_below hidden_label gfield_visibility_visible\"  data-js-reload=\"field_2_3\"><label class='gfield_label gform-field-label' for='input_2_3' >Tel\u00e9fono<span class=\"gfield_required\"><span class=\"gfield_required gfield_required_asterisk\">*<\/span><\/span><\/label><div class='ginput_container ginput_container_phone'><input name='input_3' id='input_2_3' type='text' value='' class='medium'  placeholder='Tel\u00e9fono *' aria-required=\"true\" aria-invalid=\"false\"   \/><\/div><\/li><li id=\"field_2_4\"  class=\"gfield gfield--type-textarea gfield_contains_required field_sublabel_below gfield--no-description field_description_below hidden_label gfield_visibility_visible\"  data-js-reload=\"field_2_4\"><label class='gfield_label gform-field-label' for='input_2_4' >Mensaje<span class=\"gfield_required\"><span class=\"gfield_required gfield_required_asterisk\">*<\/span><\/span><\/label><div class='ginput_container ginput_container_textarea'><textarea name='input_4' id='input_2_4' class='textarea medium'    placeholder='Mensaje *' aria-required=\"true\" aria-invalid=\"false\"   rows='10' cols='50'><\/textarea><\/div><\/li><li id=\"field_2_21\"  class=\"gfield gfield--type-captcha field_sublabel_below gfield--no-description field_description_below gfield_visibility_visible\"  data-js-reload=\"field_2_21\"><label class='gfield_label gform-field-label' for='input_2_21' >CAPTCHA<\/label><div id='input_2_21' class='ginput_container ginput_recaptcha' data-sitekey='6Ld9h9YZAAAAAMdytU-C39kdboPAj8T48ikasA00'  data-theme='light' data-tabindex='0'  data-badge=''><\/div><\/li><li id=\"field_2_22\"  class=\"gfield gfield--type-honeypot gform_validation_container field_sublabel_below gfield--has-description field_description_below gfield_visibility_visible\"  data-js-reload=\"field_2_22\"><label class='gfield_label gform-field-label' for='input_2_22' >Name<\/label><div class='ginput_container'><input name='input_22' id='input_2_22' type='text' value='' \/><\/div><div class='gfield_description' id='gfield_description_2_22'>This field is for validation purposes and should be left unchanged.<\/div><\/li><\/ul><\/div>\n        <div class='gform_footer top_label'> <input type='submit' id='gform_submit_button_2' class='gform_button button' value='Enviar'  onclick='if(window[\"gf_submitting_2\"]){return false;}  window[\"gf_submitting_2\"]=true;  ' onkeypress='if( event.keyCode == 13 ){ if(window[\"gf_submitting_2\"]){return false;} window[\"gf_submitting_2\"]=true;  jQuery(\"#gform_2\").trigger(\"submit\",[true]); }' \/> \n            <input type='hidden' class='gform_hidden' name='is_submit_2' value='1' \/>\n            <input type='hidden' class='gform_hidden' name='gform_submit' value='2' \/>\n            \n            <input type='hidden' class='gform_hidden' name='gform_unique_id' value='' \/>\n            <input type='hidden' class='gform_hidden' name='state_2' value='WyJbXSIsIjdkNzBhZjZlZjJiOTc2OWUwNjgyOTI1OWU1ZDhjOGQ5Il0=' \/>\n            <input type='hidden' class='gform_hidden' name='gform_target_page_number_2' id='gform_target_page_number_2' value='0' \/>\n            <input type='hidden' class='gform_hidden' name='gform_source_page_number_2' id='gform_source_page_number_2' value='1' \/>\n            <input type='hidden' name='gform_field_values' value='' \/>\n            \n        <\/div>\n                        <\/form>\n                        <\/div><script type=\"text\/javascript\">\ngform.initializeOnLoaded( function() {gformInitSpinner( 2, 'https:\/\/vitracoat.com\/mx\/wp-content\/plugins\/gravityforms\/images\/spinner.svg', true );jQuery('#gform_ajax_frame_2').on('load',function(){var contents = jQuery(this).contents().find('*').html();var is_postback = contents.indexOf('GF_AJAX_POSTBACK') >= 0;if(!is_postback){return;}var form_content = jQuery(this).contents().find('#gform_wrapper_2');var is_confirmation = jQuery(this).contents().find('#gform_confirmation_wrapper_2').length > 0;var is_redirect = contents.indexOf('gformRedirect(){') >= 0;var is_form = form_content.length > 0 && ! is_redirect && ! is_confirmation;var mt = parseInt(jQuery('html').css('margin-top'), 10) + parseInt(jQuery('body').css('margin-top'), 10) + 100;if(is_form){jQuery('#gform_wrapper_2').html(form_content.html());if(form_content.hasClass('gform_validation_error')){jQuery('#gform_wrapper_2').addClass('gform_validation_error');} else {jQuery('#gform_wrapper_2').removeClass('gform_validation_error');}setTimeout( function() { \/* delay the scroll by 50 milliseconds to fix a bug in chrome *\/  }, 50 );if(window['gformInitDatepicker']) {gformInitDatepicker();}if(window['gformInitPriceFields']) {gformInitPriceFields();}var current_page = jQuery('#gform_source_page_number_2').val();gformInitSpinner( 2, 'https:\/\/vitracoat.com\/mx\/wp-content\/plugins\/gravityforms\/images\/spinner.svg', true );jQuery(document).trigger('gform_page_loaded', [2, current_page]);window['gf_submitting_2'] = false;}else if(!is_redirect){var confirmation_content = jQuery(this).contents().find('.GF_AJAX_POSTBACK').html();if(!confirmation_content){confirmation_content = contents;}setTimeout(function(){jQuery('#gform_wrapper_2').replaceWith(confirmation_content);jQuery(document).trigger('gform_confirmation_loaded', [2]);window['gf_submitting_2'] = false;wp.a11y.speak(jQuery('#gform_confirmation_message_2').text());}, 50);}else{jQuery('#gform_2').append(contents);if(window['gformRedirect']) {gformRedirect();}}jQuery(document).trigger('gform_post_render', [2, current_page]);gform.utils.trigger({ event: 'gform\/postRender', native: false, data: { formId: 2, currentPage: current_page } });} );} );\n<\/script>\n\r\n<\/div>\r\n\r\n\r\n\r\n<div class=\"is-layout-flow wp-block-column\">\r\n<figure class=\"wp-block-image img-fluid\"><img decoding=\"async\" loading=\"lazy\" width=\"644\" height=\"880\" class=\"wp-image-1205\" src=\"http:\/\/vitracoat.com\/wp-content\/uploads\/2019\/09\/contact-map.jpg\" alt=\"\" srcset=\"https:\/\/vitracoat.com\/mx\/wp-content\/uploads\/2019\/09\/contact-map.jpg 644w, https:\/\/vitracoat.com\/mx\/wp-content\/uploads\/2019\/09\/contact-map-220x300.jpg 220w\" sizes=\"(max-width: 644px) 100vw, 644px\" \/><\/figure>\r\n<\/div>\r\n<\/div>\r\n\r\n\r\n\r\n<p><style>\r\n.footer-contact {display:none;}\r\n<\/style><\/p>\r\n","protected":false},"excerpt":{"rendered":"<p>U.S.A. USA Headquarters7002 Brittmoore Rd.\u00a0Houston, TX 77041 Tel: 574-264-6090Toll Free: 888-778-5994Fax: 574-264-2776Email: orders@vitracoatamerica.com Mexico Mexico International Headquarters Cto de La Industria Sur No. 284, Isidro Fabela, 52004 Lerma de Villada, M\u00e9x., Mexico Tel\u00e9fono: +52 (722)-262 7000Fax: +52 (722)-262-7020Whatsapp +52 81 8187 5092Correo electr\u00f3nico: sales@vitracoat.com Colombia Colombia South American Headquarters Zona Franca de Rionegro,Bodega 251, vereda [&hellip;]<\/p>\n","protected":false},"author":1,"featured_media":0,"parent":0,"menu_order":0,"comment_status":"closed","ping_status":"closed","template":"","meta":[],"yoast_head":"<!-- This site is optimized with the Yoast SEO plugin v21.1 - https:\/\/yoast.com\/wordpress\/plugins\/seo\/ -->\n<title>Cont\u00e1ctanos - VITRACOAT<\/title>\n<meta name=\"robots\" content=\"index, follow, max-snippet:-1, max-image-preview:large, max-video-preview:-1\" \/>\n<link rel=\"canonical\" href=\"https:\/\/vitracoat.com\/mx\/contact\/\" \/>\n<meta property=\"og:locale\" content=\"en_US\" \/>\n<meta property=\"og:type\" content=\"article\" \/>\n<meta property=\"og:title\" content=\"Cont\u00e1ctanos - VITRACOAT\" \/>\n<meta property=\"og:description\" content=\"U.S.A. USA Headquarters7002 Brittmoore Rd.\u00a0Houston, TX 77041 Tel: 574-264-6090Toll Free: 888-778-5994Fax: 574-264-2776Email: orders@vitracoatamerica.com Mexico Mexico International Headquarters Cto de La Industria Sur No. 284, Isidro Fabela, 52004 Lerma de Villada, M\u00e9x., Mexico Tel\u00e9fono: +52 (722)-262 7000Fax: +52 (722)-262-7020Whatsapp +52 81 8187 5092Correo electr\u00f3nico: sales@vitracoat.com Colombia Colombia South American Headquarters Zona Franca de Rionegro,Bodega 251, vereda [&hellip;]\" \/>\n<meta property=\"og:url\" content=\"https:\/\/vitracoat.com\/mx\/contact\/\" \/>\n<meta property=\"og:site_name\" content=\"VITRACOAT\" \/>\n<meta property=\"article:modified_time\" content=\"2025-07-16T19:48:02+00:00\" \/>\n<meta property=\"og:image\" content=\"http:\/\/vitracoat.com\/wp-content\/uploads\/2019\/09\/contact-map.jpg\" \/>\n<meta name=\"twitter:card\" content=\"summary_large_image\" \/>\n<meta name=\"twitter:label1\" content=\"Est. reading time\" \/>\n\t<meta name=\"twitter:data1\" content=\"1 minute\" \/>\n<!-- \/ Yoast SEO plugin. -->","yoast_head_json":{"title":"Cont\u00e1ctanos - VITRACOAT","robots":{"index":"index","follow":"follow","max-snippet":"max-snippet:-1","max-image-preview":"max-image-preview:large","max-video-preview":"max-video-preview:-1"},"canonical":"https:\/\/vitracoat.com\/mx\/contact\/","og_locale":"en_US","og_type":"article","og_title":"Cont\u00e1ctanos - VITRACOAT","og_description":"U.S.A. USA Headquarters7002 Brittmoore Rd.\u00a0Houston, TX 77041 Tel: 574-264-6090Toll Free: 888-778-5994Fax: 574-264-2776Email: orders@vitracoatamerica.com Mexico Mexico International Headquarters Cto de La Industria Sur No. 284, Isidro Fabela, 52004 Lerma de Villada, M\u00e9x., Mexico Tel\u00e9fono: +52 (722)-262 7000Fax: +52 (722)-262-7020Whatsapp +52 81 8187 5092Correo electr\u00f3nico: sales@vitracoat.com Colombia Colombia South American Headquarters Zona Franca de Rionegro,Bodega 251, vereda [&hellip;]","og_url":"https:\/\/vitracoat.com\/mx\/contact\/","og_site_name":"VITRACOAT","article_modified_time":"2025-07-16T19:48:02+00:00","og_image":[{"url":"http:\/\/vitracoat.com\/wp-content\/uploads\/2019\/09\/contact-map.jpg"}],"twitter_card":"summary_large_image","twitter_misc":{"Est. reading time":"1 minute"},"schema":{"@context":"https:\/\/schema.org","@graph":[{"@type":"WebPage","@id":"https:\/\/vitracoat.com\/mx\/contact\/","url":"https:\/\/vitracoat.com\/mx\/contact\/","name":"Cont\u00e1ctanos - VITRACOAT","isPartOf":{"@id":"https:\/\/vitracoat.com\/mx\/#website"},"datePublished":"2019-05-16T04:30:11+00:00","dateModified":"2025-07-16T19:48:02+00:00","breadcrumb":{"@id":"https:\/\/vitracoat.com\/mx\/contact\/#breadcrumb"},"inLanguage":"en-US","potentialAction":[{"@type":"ReadAction","target":["https:\/\/vitracoat.com\/mx\/contact\/"]}]},{"@type":"BreadcrumbList","@id":"https:\/\/vitracoat.com\/mx\/contact\/#breadcrumb","itemListElement":[{"@type":"ListItem","position":1,"name":"Home","item":"https:\/\/vitracoat.com\/mx\/"},{"@type":"ListItem","position":2,"name":"Cont\u00e1ctanos"}]},{"@type":"WebSite","@id":"https:\/\/vitracoat.com\/mx\/#website","url":"https:\/\/vitracoat.com\/mx\/","name":"VITRACOAT","description":"Vitracoat Powder Coatings","potentialAction":[{"@type":"SearchAction","target":{"@type":"EntryPoint","urlTemplate":"https:\/\/vitracoat.com\/mx\/?s={search_term_string}"},"query-input":"required name=search_term_string"}],"inLanguage":"en-US"}]}},"_links":{"self":[{"href":"https:\/\/vitracoat.com\/mx\/wp-json\/wp\/v2\/pages\/14"}],"collection":[{"href":"https:\/\/vitracoat.com\/mx\/wp-json\/wp\/v2\/pages"}],"about":[{"href":"https:\/\/vitracoat.com\/mx\/wp-json\/wp\/v2\/types\/page"}],"author":[{"embeddable":true,"href":"https:\/\/vitracoat.com\/mx\/wp-json\/wp\/v2\/users\/1"}],"replies":[{"embeddable":true,"href":"https:\/\/vitracoat.com\/mx\/wp-json\/wp\/v2\/comments?post=14"}],"version-history":[{"count":66,"href":"https:\/\/vitracoat.com\/mx\/wp-json\/wp\/v2\/pages\/14\/revisions"}],"predecessor-version":[{"id":3271,"href":"https:\/\/vitracoat.com\/mx\/wp-json\/wp\/v2\/pages\/14\/revisions\/3271"}],"wp:attachment":[{"href":"https:\/\/vitracoat.com\/mx\/wp-json\/wp\/v2\/media?parent=14"}],"curies":[{"name":"wp","href":"https:\/\/api.w.org\/{rel}","templated":true}]}}