{"id":390,"date":"2019-07-10T16:40:06","date_gmt":"2019-07-10T16:40:06","guid":{"rendered":"http:\/\/marioninteractive.com\/kanekaweb\/?page_id=390"},"modified":"2020-12-08T21:43:22","modified_gmt":"2020-12-08T21:43:22","slug":"about","status":"publish","type":"page","link":"https:\/\/vitracoat.com\/mx\/about\/","title":{"rendered":"Acerca de nosotros"},"content":{"rendered":"\n<h2>Nuestra historia<\/h2>\n\n\n\n<p class=\"lead\"><strong><strong>Vitracoat ha fabricado recubrimientos industriales de calidad por m\u00e1s de 50 a\u00f1os y pinturas en polvo desde hace casi 30 a\u00f1os<\/strong><\/strong><\/p>\n\n\n\n<p>La columna vertebral de Vitracoat es una empresa familiar respetada y l\u00edder en el mercado internacional de las pinturas en polvo. A trav\u00e9s de los a\u00f1os, Vitracoat ha expandido sus operaciones a varios continentes y se encuentra en la cima de los fabricantes de pintura en polvo en el mundo. Somos una compa\u00f1\u00eda de m\u00e1s de 1000 empleados con una capacidad de producci\u00f3n que supera las 36 millones de toneladas anuales. Nuestros recubrimientos pueden ser encontrados en aplicaciones desde las de uso diario hasta aeroespaciales.<\/p>\n\n\n\n<h2 class=\"m-t-50\">Nuestra Visi\u00f3n\/Misi\u00f3n<\/h2>\n\n\n\n<p>Vitracoat est\u00e1 comprometida a merecer el negocio de nuestros clientes a trav\u00e9s de proveer recubrimientos y servicios que excedan sus expectativas.<\/p>\n\n\n\n<p>Estamos dedicados a la mejora continua, guiados por principios elementales y valores.<\/p>\n\n\n\n<p> Nuestros compromisos irrestrictos son: <\/p>\n\n\n\n<ul><li>Desempe\u00f1o de producto <\/li><li>Desarrollo del personal<\/li><li>Actitud de servicio sin igual<\/li><\/ul>\n\n\n\n<h2 class=\"m-t-50\">Seguridad<\/h2>\n\n\n\n<p>Vitracoat est\u00e1 comprometida a la pr\u00e1ctica de negocios \u00e9tica y responsable. A continuaci\u00f3n le compartimos los documentos que demuestran nuestras certificaciones y cumplimiento con normas de seguridad.<\/p>\n\n\n\n<p><a rel=\"noreferrer noopener\" aria-label=\"ISO-14001 (opens in a new tab)\" href=\"http:\/\/vitracoat.com\/wp-content\/uploads\/2019\/10\/ISO-14001-Certification.pdf\" target=\"_blank\">ISO &#8211; 14001<\/a><\/p>\n\n\n\n<p><a rel=\"noreferrer noopener\" aria-label=\"ISO  (opens in a new tab)\" href=\"http:\/\/vitracoat.com\/wp-content\/uploads\/2019\/10\/ISO-9001-Certification.pdf\" target=\"_blank\">ISO &#8211; 9001 <\/a><\/p>\n\n\n\n<p><a rel=\"noreferrer noopener\" aria-label=\"Qualicoat  (opens in a new tab)\" href=\"http:\/\/vitracoat.com\/wp-content\/uploads\/2019\/10\/Qualicoat-Certification.pdf\" target=\"_blank\">Qualicoat<\/a><\/p>\n","protected":false},"excerpt":{"rendered":"<p>Nuestra historia Vitracoat ha fabricado recubrimientos industriales de calidad por m\u00e1s de 50 a\u00f1os y pinturas en polvo desde hace casi 30 a\u00f1os La columna vertebral de Vitracoat es una empresa familiar respetada y l\u00edder en el mercado internacional de las pinturas en polvo. A trav\u00e9s de los a\u00f1os, Vitracoat ha expandido sus operaciones a [&hellip;]<\/p>\n","protected":false},"author":1,"featured_media":0,"parent":0,"menu_order":0,"comment_status":"closed","ping_status":"closed","template":"","meta":[],"yoast_head":"<!-- This site is optimized with the Yoast SEO plugin v21.1 - https:\/\/yoast.com\/wordpress\/plugins\/seo\/ -->\n<title>Acerca de nosotros - VITRACOAT<\/title>\n<meta name=\"robots\" content=\"index, follow, max-snippet:-1, max-image-preview:large, max-video-preview:-1\" \/>\n<link rel=\"canonical\" href=\"https:\/\/vitracoat.com\/mx\/about\/\" \/>\n<meta property=\"og:locale\" content=\"en_US\" \/>\n<meta property=\"og:type\" content=\"article\" \/>\n<meta property=\"og:title\" content=\"Acerca de nosotros - VITRACOAT\" \/>\n<meta property=\"og:description\" content=\"Nuestra historia Vitracoat ha fabricado recubrimientos industriales de calidad por m\u00e1s de 50 a\u00f1os y pinturas en polvo desde hace casi 30 a\u00f1os La columna vertebral de Vitracoat es una empresa familiar respetada y l\u00edder en el mercado internacional de las pinturas en polvo. A trav\u00e9s de los a\u00f1os, Vitracoat ha expandido sus operaciones a [&hellip;]\" \/>\n<meta property=\"og:url\" content=\"https:\/\/vitracoat.com\/mx\/about\/\" \/>\n<meta property=\"og:site_name\" content=\"VITRACOAT\" \/>\n<meta property=\"article:modified_time\" content=\"2020-12-08T21:43:22+00:00\" \/>\n<meta name=\"twitter:card\" content=\"summary_large_image\" \/>\n<meta name=\"twitter:label1\" content=\"Est. reading time\" \/>\n\t<meta name=\"twitter:data1\" content=\"1 minute\" \/>\n<!-- \/ Yoast SEO plugin. -->","yoast_head_json":{"title":"Acerca de nosotros - VITRACOAT","robots":{"index":"index","follow":"follow","max-snippet":"max-snippet:-1","max-image-preview":"max-image-preview:large","max-video-preview":"max-video-preview:-1"},"canonical":"https:\/\/vitracoat.com\/mx\/about\/","og_locale":"en_US","og_type":"article","og_title":"Acerca de nosotros - VITRACOAT","og_description":"Nuestra historia Vitracoat ha fabricado recubrimientos industriales de calidad por m\u00e1s de 50 a\u00f1os y pinturas en polvo desde hace casi 30 a\u00f1os La columna vertebral de Vitracoat es una empresa familiar respetada y l\u00edder en el mercado internacional de las pinturas en polvo. A trav\u00e9s de los a\u00f1os, Vitracoat ha expandido sus operaciones a [&hellip;]","og_url":"https:\/\/vitracoat.com\/mx\/about\/","og_site_name":"VITRACOAT","article_modified_time":"2020-12-08T21:43:22+00:00","twitter_card":"summary_large_image","twitter_misc":{"Est. reading time":"1 minute"},"schema":{"@context":"https:\/\/schema.org","@graph":[{"@type":"WebPage","@id":"https:\/\/vitracoat.com\/mx\/about\/","url":"https:\/\/vitracoat.com\/mx\/about\/","name":"Acerca de nosotros - VITRACOAT","isPartOf":{"@id":"https:\/\/vitracoat.com\/mx\/#website"},"datePublished":"2019-07-10T16:40:06+00:00","dateModified":"2020-12-08T21:43:22+00:00","breadcrumb":{"@id":"https:\/\/vitracoat.com\/mx\/about\/#breadcrumb"},"inLanguage":"en-US","potentialAction":[{"@type":"ReadAction","target":["https:\/\/vitracoat.com\/mx\/about\/"]}]},{"@type":"BreadcrumbList","@id":"https:\/\/vitracoat.com\/mx\/about\/#breadcrumb","itemListElement":[{"@type":"ListItem","position":1,"name":"Home","item":"https:\/\/vitracoat.com\/mx\/"},{"@type":"ListItem","position":2,"name":"Acerca de nosotros"}]},{"@type":"WebSite","@id":"https:\/\/vitracoat.com\/mx\/#website","url":"https:\/\/vitracoat.com\/mx\/","name":"VITRACOAT","description":"Vitracoat Powder Coatings","potentialAction":[{"@type":"SearchAction","target":{"@type":"EntryPoint","urlTemplate":"https:\/\/vitracoat.com\/mx\/?s={search_term_string}"},"query-input":"required name=search_term_string"}],"inLanguage":"en-US"}]}},"_links":{"self":[{"href":"https:\/\/vitracoat.com\/mx\/wp-json\/wp\/v2\/pages\/390"}],"collection":[{"href":"https:\/\/vitracoat.com\/mx\/wp-json\/wp\/v2\/pages"}],"about":[{"href":"https:\/\/vitracoat.com\/mx\/wp-json\/wp\/v2\/types\/page"}],"author":[{"embeddable":true,"href":"https:\/\/vitracoat.com\/mx\/wp-json\/wp\/v2\/users\/1"}],"replies":[{"embeddable":true,"href":"https:\/\/vitracoat.com\/mx\/wp-json\/wp\/v2\/comments?post=390"}],"version-history":[{"count":90,"href":"https:\/\/vitracoat.com\/mx\/wp-json\/wp\/v2\/pages\/390\/revisions"}],"predecessor-version":[{"id":3236,"href":"https:\/\/vitracoat.com\/mx\/wp-json\/wp\/v2\/pages\/390\/revisions\/3236"}],"wp:attachment":[{"href":"https:\/\/vitracoat.com\/mx\/wp-json\/wp\/v2\/media?parent=390"}],"curies":[{"name":"wp","href":"https:\/\/api.w.org\/{rel}","templated":true}]}}