{"id":957,"date":"2019-09-08T21:15:51","date_gmt":"2019-09-08T21:15:51","guid":{"rendered":"http:\/\/vitracoat.com\/?page_id=957"},"modified":"2020-12-08T18:31:42","modified_gmt":"2020-12-08T18:31:42","slug":"technical-service","status":"publish","type":"page","link":"https:\/\/vitracoat.com\/mx\/services\/technical-service\/","title":{"rendered":"Servicio T\u00e9cnico"},"content":{"rendered":"\n<p>Vitracoat se enorgullece en ofrecer soporte t\u00e9cnico de primera clase tanto en la l\u00ednea de aplicaci\u00f3n como en el laboratorio.<\/p>\n\n\n\n<p class=\"m-b-50\">Nuestros encargados de servicio t\u00e9cnico poseen un amplio conocimiento en las l\u00edneas de proceso y operaci\u00f3n de pintura en polvo y proveen auditor\u00edas de campo que pueden incluir pruebas especializadas para obtener mediciones de tiempo versus temperatura en el horno de curado o secado (termograf\u00eda), medidores de voltaje, de pH, espesores de pel\u00edcula en seco o aplicado, as\u00ed como m\u00e9todos de pruebas al polvo y las herramientas necesarias para ayudarle a entender mejor los costos asociados con la operaci\u00f3n de la l\u00ednea de pintura y ofrecer consejo de c\u00f3mo optimizarla y ayudar en la reducci\u00f3n de costos.<\/p>\n\n\n\n<div class=\"is-layout-flex wp-container-3 wp-block-columns has-2-columns\">\n<div class=\"is-layout-flow wp-block-column\">\n<h3><strong>Servicios que ofrecemos<\/strong><\/h3>\n\n\n\n<ul><li>Optimizaci\u00f3n de procesos<\/li><li>Implementaci\u00f3n de un proceso de control de calidad<\/li><li>An\u00e1lisis de defectos<\/li><li>Programa de entrenamiento certificado por AAMA<\/li><li>Controles de procesos y costos aplicados<\/li><li>Servicio t\u00e9cnico 24\/7<\/li><li>Lunch and Learns a la medida<\/li><li>Ayuda en el dise\u00f1o de una especificaci\u00f3n del polvo<\/li><li>Capacitaci\u00f3n en aplicaci\u00f3n<\/li><\/ul>\n<\/div>\n\n\n\n<div class=\"is-layout-flow wp-block-column\">\n<h3><strong>Capacidad de muestreo<\/strong><\/h3>\n\n\n\n<ul><li>Pruebas de envejecimiento acelerado<\/li><li>An\u00e1lisis de c\u00e1mara salina<\/li><li>Pruebas de arco xen\u00f3n<\/li><li>Evaluaci\u00f3n de resistencia qu\u00edmica<\/li><li>Evaluaci\u00f3n de rayos UV<\/li><li>Eficiencia de transferencia<\/li><li>Metodolog\u00eda para la evaluaci\u00f3n de transferencia del polvo<\/li><li>Evaluaci\u00f3n de penetraci\u00f3n en \u00e1reas de Faraday<\/li><li>Scan DSC<\/li><li>An\u00e1lisis de tama\u00f1o de part\u00edcula con difracci\u00f3n laser<\/li><\/ul>\n<\/div>\n<\/div>\n","protected":false},"excerpt":{"rendered":"<p>Vitracoat se enorgullece en ofrecer soporte t\u00e9cnico de primera clase tanto en la l\u00ednea de aplicaci\u00f3n como en el laboratorio. Nuestros encargados de servicio t\u00e9cnico poseen un amplio conocimiento en las l\u00edneas de proceso y operaci\u00f3n de pintura en polvo y proveen auditor\u00edas de campo que pueden incluir pruebas especializadas para obtener mediciones de tiempo [&hellip;]<\/p>\n","protected":false},"author":1,"featured_media":2477,"parent":916,"menu_order":0,"comment_status":"closed","ping_status":"closed","template":"services-page.php","meta":[],"yoast_head":"<!-- This site is optimized with the Yoast SEO plugin v21.1 - https:\/\/yoast.com\/wordpress\/plugins\/seo\/ -->\n<title>Servicio T\u00e9cnico - VITRACOAT<\/title>\n<meta name=\"robots\" content=\"index, follow, max-snippet:-1, max-image-preview:large, max-video-preview:-1\" \/>\n<link rel=\"canonical\" href=\"https:\/\/vitracoat.com\/mx\/services\/technical-service\/\" \/>\n<meta property=\"og:locale\" content=\"en_US\" \/>\n<meta property=\"og:type\" content=\"article\" \/>\n<meta property=\"og:title\" content=\"Servicio T\u00e9cnico - VITRACOAT\" \/>\n<meta property=\"og:description\" content=\"Vitracoat se enorgullece en ofrecer soporte t\u00e9cnico de primera clase tanto en la l\u00ednea de aplicaci\u00f3n como en el laboratorio. Nuestros encargados de servicio t\u00e9cnico poseen un amplio conocimiento en las l\u00edneas de proceso y operaci\u00f3n de pintura en polvo y proveen auditor\u00edas de campo que pueden incluir pruebas especializadas para obtener mediciones de tiempo [&hellip;]\" \/>\n<meta property=\"og:url\" content=\"https:\/\/vitracoat.com\/mx\/services\/technical-service\/\" \/>\n<meta property=\"og:site_name\" content=\"VITRACOAT\" \/>\n<meta property=\"article:modified_time\" content=\"2020-12-08T18:31:42+00:00\" \/>\n<meta property=\"og:image\" content=\"https:\/\/vitracoat.com\/mx\/wp-content\/uploads\/2019\/10\/Technical-Service.jpg\" \/>\n\t<meta property=\"og:image:width\" content=\"1191\" \/>\n\t<meta property=\"og:image:height\" content=\"795\" \/>\n\t<meta property=\"og:image:type\" content=\"image\/jpeg\" \/>\n<meta name=\"twitter:card\" content=\"summary_large_image\" \/>\n<meta name=\"twitter:label1\" content=\"Est. reading time\" \/>\n\t<meta name=\"twitter:data1\" content=\"1 minute\" \/>\n<!-- \/ Yoast SEO plugin. -->","yoast_head_json":{"title":"Servicio T\u00e9cnico - VITRACOAT","robots":{"index":"index","follow":"follow","max-snippet":"max-snippet:-1","max-image-preview":"max-image-preview:large","max-video-preview":"max-video-preview:-1"},"canonical":"https:\/\/vitracoat.com\/mx\/services\/technical-service\/","og_locale":"en_US","og_type":"article","og_title":"Servicio T\u00e9cnico - VITRACOAT","og_description":"Vitracoat se enorgullece en ofrecer soporte t\u00e9cnico de primera clase tanto en la l\u00ednea de aplicaci\u00f3n como en el laboratorio. Nuestros encargados de servicio t\u00e9cnico poseen un amplio conocimiento en las l\u00edneas de proceso y operaci\u00f3n de pintura en polvo y proveen auditor\u00edas de campo que pueden incluir pruebas especializadas para obtener mediciones de tiempo [&hellip;]","og_url":"https:\/\/vitracoat.com\/mx\/services\/technical-service\/","og_site_name":"VITRACOAT","article_modified_time":"2020-12-08T18:31:42+00:00","og_image":[{"width":1191,"height":795,"url":"https:\/\/vitracoat.com\/mx\/wp-content\/uploads\/2019\/10\/Technical-Service.jpg","type":"image\/jpeg"}],"twitter_card":"summary_large_image","twitter_misc":{"Est. reading time":"1 minute"},"schema":{"@context":"https:\/\/schema.org","@graph":[{"@type":"WebPage","@id":"https:\/\/vitracoat.com\/mx\/services\/technical-service\/","url":"https:\/\/vitracoat.com\/mx\/services\/technical-service\/","name":"Servicio T\u00e9cnico - VITRACOAT","isPartOf":{"@id":"https:\/\/vitracoat.com\/mx\/#website"},"datePublished":"2019-09-08T21:15:51+00:00","dateModified":"2020-12-08T18:31:42+00:00","breadcrumb":{"@id":"https:\/\/vitracoat.com\/mx\/services\/technical-service\/#breadcrumb"},"inLanguage":"en-US","potentialAction":[{"@type":"ReadAction","target":["https:\/\/vitracoat.com\/mx\/services\/technical-service\/"]}]},{"@type":"BreadcrumbList","@id":"https:\/\/vitracoat.com\/mx\/services\/technical-service\/#breadcrumb","itemListElement":[{"@type":"ListItem","position":1,"name":"Home","item":"https:\/\/vitracoat.com\/mx\/"},{"@type":"ListItem","position":2,"name":"Servicio","item":"https:\/\/vitracoat.com\/mx\/services\/"},{"@type":"ListItem","position":3,"name":"Servicio T\u00e9cnico"}]},{"@type":"WebSite","@id":"https:\/\/vitracoat.com\/mx\/#website","url":"https:\/\/vitracoat.com\/mx\/","name":"VITRACOAT","description":"Vitracoat Powder Coatings","potentialAction":[{"@type":"SearchAction","target":{"@type":"EntryPoint","urlTemplate":"https:\/\/vitracoat.com\/mx\/?s={search_term_string}"},"query-input":"required name=search_term_string"}],"inLanguage":"en-US"}]}},"_links":{"self":[{"href":"https:\/\/vitracoat.com\/mx\/wp-json\/wp\/v2\/pages\/957"}],"collection":[{"href":"https:\/\/vitracoat.com\/mx\/wp-json\/wp\/v2\/pages"}],"about":[{"href":"https:\/\/vitracoat.com\/mx\/wp-json\/wp\/v2\/types\/page"}],"author":[{"embeddable":true,"href":"https:\/\/vitracoat.com\/mx\/wp-json\/wp\/v2\/users\/1"}],"replies":[{"embeddable":true,"href":"https:\/\/vitracoat.com\/mx\/wp-json\/wp\/v2\/comments?post=957"}],"version-history":[{"count":16,"href":"https:\/\/vitracoat.com\/mx\/wp-json\/wp\/v2\/pages\/957\/revisions"}],"predecessor-version":[{"id":3224,"href":"https:\/\/vitracoat.com\/mx\/wp-json\/wp\/v2\/pages\/957\/revisions\/3224"}],"up":[{"embeddable":true,"href":"https:\/\/vitracoat.com\/mx\/wp-json\/wp\/v2\/pages\/916"}],"wp:featuredmedia":[{"embeddable":true,"href":"https:\/\/vitracoat.com\/mx\/wp-json\/wp\/v2\/media\/2477"}],"wp:attachment":[{"href":"https:\/\/vitracoat.com\/mx\/wp-json\/wp\/v2\/media?parent=957"}],"curies":[{"name":"wp","href":"https:\/\/api.w.org\/{rel}","templated":true}]}}