{"id":959,"date":"2019-09-08T21:16:34","date_gmt":"2019-09-08T21:16:34","guid":{"rendered":"http:\/\/vitracoat.com\/?page_id=959"},"modified":"2020-12-08T18:32:24","modified_gmt":"2020-12-08T18:32:24","slug":"small-batch","status":"publish","type":"page","link":"https:\/\/vitracoat.com\/mx\/services\/small-batch\/","title":{"rendered":"Producciones Small Batch"},"content":{"rendered":"\n<figure class=\"wp-block-image is-resized img-fluid\"><img decoding=\"async\" loading=\"lazy\" src=\"http:\/\/vitracoat.com\/wp-content\/uploads\/2019\/10\/VitraXPRESS-650x181.png\" alt=\"\" class=\"wp-image-2704\" width=\"163\" height=\"45\" srcset=\"https:\/\/vitracoat.com\/mx\/wp-content\/uploads\/2019\/10\/VitraXPRESS-650x181.png 650w, https:\/\/vitracoat.com\/mx\/wp-content\/uploads\/2019\/10\/VitraXPRESS-300x84.png 300w, https:\/\/vitracoat.com\/mx\/wp-content\/uploads\/2019\/10\/VitraXPRESS-768x214.png 768w, https:\/\/vitracoat.com\/mx\/wp-content\/uploads\/2019\/10\/VitraXPRESS.png 941w\" sizes=\"(max-width: 163px) 100vw, 163px\" \/><\/figure>\n\n\n\n<p>Vitracoat ha invertido en plantas con lo \u00faltimo en tecnolog\u00eda en M\u00e9xico y Estados Unidos dedicadas a la fabricaci\u00f3n de lotes peque\u00f1os de producci\u00f3n o \u201csmall batch\u201d. Usando los mismos procesos innovadores y patentados desarrollados desde hace muchos a\u00f1os por nuestros lotes de gran calado, podemos replicar a escala cuando se ocupa un lote peque\u00f1o. En estas plantas, Vitracoat puede fabricar un lote a la medida, desde una caja, con uno de los tiempos de respuesta m\u00e1s convenientes en la industria, ofreciendo formulaciones est\u00e1ndar, met\u00e1licos, bondeados, productos con requerimientos AAMA, antimicrobiales, anti graffiti y muchos m\u00e1s. Esto convierte a la capacidad de respuesta de Vitracoat, sin duda, en una de las mejores en el continente.\u00a0<\/p>\n\n\n\n<div class=\"wp-block-button\"><a class=\"wp-block-button__link\" href=\"http:\/\/vitracoat.com\/wp-content\/uploads\/2019\/10\/VitraXPRESS-Powder-Coatings-10.10.19.pdf\" target=\"_blank\" rel=\"noopener noreferrer\">VitraXPRESS Brochure<\/a><\/div>\n","protected":false},"excerpt":{"rendered":"<p>Vitracoat ha invertido en plantas con lo \u00faltimo en tecnolog\u00eda en M\u00e9xico y Estados Unidos dedicadas a la fabricaci\u00f3n de lotes peque\u00f1os de producci\u00f3n o \u201csmall batch\u201d. Usando los mismos procesos innovadores y patentados desarrollados desde hace muchos a\u00f1os por nuestros lotes de gran calado, podemos replicar a escala cuando se ocupa un lote peque\u00f1o. [&hellip;]<\/p>\n","protected":false},"author":1,"featured_media":2478,"parent":916,"menu_order":0,"comment_status":"closed","ping_status":"closed","template":"services-page.php","meta":[],"yoast_head":"<!-- This site is optimized with the Yoast SEO plugin v21.1 - https:\/\/yoast.com\/wordpress\/plugins\/seo\/ -->\n<title>Producciones Small Batch - VITRACOAT<\/title>\n<meta name=\"robots\" content=\"index, follow, max-snippet:-1, max-image-preview:large, max-video-preview:-1\" \/>\n<link rel=\"canonical\" href=\"https:\/\/vitracoat.com\/mx\/services\/small-batch\/\" \/>\n<meta property=\"og:locale\" content=\"en_US\" \/>\n<meta property=\"og:type\" content=\"article\" \/>\n<meta property=\"og:title\" content=\"Producciones Small Batch - VITRACOAT\" \/>\n<meta property=\"og:description\" content=\"Vitracoat ha invertido en plantas con lo \u00faltimo en tecnolog\u00eda en M\u00e9xico y Estados Unidos dedicadas a la fabricaci\u00f3n de lotes peque\u00f1os de producci\u00f3n o \u201csmall batch\u201d. Usando los mismos procesos innovadores y patentados desarrollados desde hace muchos a\u00f1os por nuestros lotes de gran calado, podemos replicar a escala cuando se ocupa un lote peque\u00f1o. [&hellip;]\" \/>\n<meta property=\"og:url\" content=\"https:\/\/vitracoat.com\/mx\/services\/small-batch\/\" \/>\n<meta property=\"og:site_name\" content=\"VITRACOAT\" \/>\n<meta property=\"article:modified_time\" content=\"2020-12-08T18:32:24+00:00\" \/>\n<meta property=\"og:image\" content=\"https:\/\/vitracoat.com\/mx\/wp-content\/uploads\/2019\/10\/Small-Batch.jpg\" \/>\n\t<meta property=\"og:image:width\" content=\"1713\" \/>\n\t<meta property=\"og:image:height\" content=\"1142\" \/>\n\t<meta property=\"og:image:type\" content=\"image\/jpeg\" \/>\n<meta name=\"twitter:card\" content=\"summary_large_image\" \/>\n<meta name=\"twitter:label1\" content=\"Est. reading time\" \/>\n\t<meta name=\"twitter:data1\" content=\"1 minute\" \/>\n<!-- \/ Yoast SEO plugin. -->","yoast_head_json":{"title":"Producciones Small Batch - VITRACOAT","robots":{"index":"index","follow":"follow","max-snippet":"max-snippet:-1","max-image-preview":"max-image-preview:large","max-video-preview":"max-video-preview:-1"},"canonical":"https:\/\/vitracoat.com\/mx\/services\/small-batch\/","og_locale":"en_US","og_type":"article","og_title":"Producciones Small Batch - VITRACOAT","og_description":"Vitracoat ha invertido en plantas con lo \u00faltimo en tecnolog\u00eda en M\u00e9xico y Estados Unidos dedicadas a la fabricaci\u00f3n de lotes peque\u00f1os de producci\u00f3n o \u201csmall batch\u201d. Usando los mismos procesos innovadores y patentados desarrollados desde hace muchos a\u00f1os por nuestros lotes de gran calado, podemos replicar a escala cuando se ocupa un lote peque\u00f1o. [&hellip;]","og_url":"https:\/\/vitracoat.com\/mx\/services\/small-batch\/","og_site_name":"VITRACOAT","article_modified_time":"2020-12-08T18:32:24+00:00","og_image":[{"width":1713,"height":1142,"url":"https:\/\/vitracoat.com\/mx\/wp-content\/uploads\/2019\/10\/Small-Batch.jpg","type":"image\/jpeg"}],"twitter_card":"summary_large_image","twitter_misc":{"Est. reading time":"1 minute"},"schema":{"@context":"https:\/\/schema.org","@graph":[{"@type":"WebPage","@id":"https:\/\/vitracoat.com\/mx\/services\/small-batch\/","url":"https:\/\/vitracoat.com\/mx\/services\/small-batch\/","name":"Producciones Small Batch - VITRACOAT","isPartOf":{"@id":"https:\/\/vitracoat.com\/mx\/#website"},"datePublished":"2019-09-08T21:16:34+00:00","dateModified":"2020-12-08T18:32:24+00:00","breadcrumb":{"@id":"https:\/\/vitracoat.com\/mx\/services\/small-batch\/#breadcrumb"},"inLanguage":"en-US","potentialAction":[{"@type":"ReadAction","target":["https:\/\/vitracoat.com\/mx\/services\/small-batch\/"]}]},{"@type":"BreadcrumbList","@id":"https:\/\/vitracoat.com\/mx\/services\/small-batch\/#breadcrumb","itemListElement":[{"@type":"ListItem","position":1,"name":"Home","item":"https:\/\/vitracoat.com\/mx\/"},{"@type":"ListItem","position":2,"name":"Servicio","item":"https:\/\/vitracoat.com\/mx\/services\/"},{"@type":"ListItem","position":3,"name":"Producciones Small Batch"}]},{"@type":"WebSite","@id":"https:\/\/vitracoat.com\/mx\/#website","url":"https:\/\/vitracoat.com\/mx\/","name":"VITRACOAT","description":"Vitracoat Powder Coatings","potentialAction":[{"@type":"SearchAction","target":{"@type":"EntryPoint","urlTemplate":"https:\/\/vitracoat.com\/mx\/?s={search_term_string}"},"query-input":"required name=search_term_string"}],"inLanguage":"en-US"}]}},"_links":{"self":[{"href":"https:\/\/vitracoat.com\/mx\/wp-json\/wp\/v2\/pages\/959"}],"collection":[{"href":"https:\/\/vitracoat.com\/mx\/wp-json\/wp\/v2\/pages"}],"about":[{"href":"https:\/\/vitracoat.com\/mx\/wp-json\/wp\/v2\/types\/page"}],"author":[{"embeddable":true,"href":"https:\/\/vitracoat.com\/mx\/wp-json\/wp\/v2\/users\/1"}],"replies":[{"embeddable":true,"href":"https:\/\/vitracoat.com\/mx\/wp-json\/wp\/v2\/comments?post=959"}],"version-history":[{"count":11,"href":"https:\/\/vitracoat.com\/mx\/wp-json\/wp\/v2\/pages\/959\/revisions"}],"predecessor-version":[{"id":3225,"href":"https:\/\/vitracoat.com\/mx\/wp-json\/wp\/v2\/pages\/959\/revisions\/3225"}],"up":[{"embeddable":true,"href":"https:\/\/vitracoat.com\/mx\/wp-json\/wp\/v2\/pages\/916"}],"wp:featuredmedia":[{"embeddable":true,"href":"https:\/\/vitracoat.com\/mx\/wp-json\/wp\/v2\/media\/2478"}],"wp:attachment":[{"href":"https:\/\/vitracoat.com\/mx\/wp-json\/wp\/v2\/media?parent=959"}],"curies":[{"name":"wp","href":"https:\/\/api.w.org\/{rel}","templated":true}]}}