{"id":961,"date":"2019-09-08T21:17:02","date_gmt":"2019-09-08T21:17:02","guid":{"rendered":"http:\/\/vitracoat.com\/?page_id=961"},"modified":"2020-12-08T18:37:34","modified_gmt":"2020-12-08T18:37:34","slug":"ral-program","status":"publish","type":"page","link":"https:\/\/vitracoat.com\/mx\/services\/ral-program\/","title":{"rendered":"Programa RAL"},"content":{"rendered":"\n<figure class=\"wp-block-image is-resized img-fluid\"><img decoding=\"async\" loading=\"lazy\" src=\"http:\/\/vitracoat.com\/wp-content\/uploads\/2019\/10\/VitraRAL-650x241.png\" alt=\"\" class=\"wp-image-2709\" width=\"163\" height=\"60\" srcset=\"https:\/\/vitracoat.com\/mx\/wp-content\/uploads\/2019\/10\/VitraRAL-650x241.png 650w, https:\/\/vitracoat.com\/mx\/wp-content\/uploads\/2019\/10\/VitraRAL-300x111.png 300w, https:\/\/vitracoat.com\/mx\/wp-content\/uploads\/2019\/10\/VitraRAL.png 707w\" sizes=\"(max-width: 163px) 100vw, 163px\" \/><\/figure>\n\n\n\n<p>Adicionalmente a nuestra amplia gama de formulaciones en polvo est\u00e1ndar, Vitracoat ofrece poco m\u00e1s de 200 colores RAL que se pueden adaptar a las necesidades qu\u00edmicas y grados de brillo. Siendo RAL un sistema de colores est\u00e1ndar europeo con reconocimiento global, la gran mayor\u00eda de estos tonos est\u00e1n disponibles en brillos +80 en f\u00f3rmula SD (super durable), para cumplir con normativas AAMA 2604 de intemperismo, haci\u00e9ndolas ideales para ambientes de interior o exterior. Estos materiales est\u00e1n en stock en M\u00e9xico y USA en cajas de 25 libras.<\/p>\n\n\n\n<h2>Caracter\u00edsticas y beneficios<\/h2>\n\n\n\n<ul><li>Empata con est\u00e1ndares de RAL K7.<\/li><li>Cumple o supera especificaciones de AAMA 2604<\/li><li>Polvos Super Durables RAL de grado arquitect\u00f3nico<\/li><li>Disponibilidad en sistemas de bajo curado de 10 minutos a 190\u00baC\u00a0<\/li><li>Sugerido para uso al interior\/exterior<\/li><li>M\u00e1ximo desempe\u00f1o en intemperismo<\/li><\/ul>\n\n\n\n<p>Visite nuestro <a href=\"https:\/\/vitracoat.com\/mx\/color-selector\/\">Selector de Color<\/a> en l\u00ednea para ver la disponibilidad de tonos.<\/p>\n\n\n\n<div class=\"wp-block-button\"><a class=\"wp-block-button__link\" href=\"http:\/\/vitracoat.com\/wp-content\/uploads\/2019\/10\/VitraRAL-Product-Flyer-2.pdf\" target=\"_blank\" rel=\"noopener noreferrer\">DESCARGAR FOLLETO<\/a><\/div>\n","protected":false},"excerpt":{"rendered":"<p>Adicionalmente a nuestra amplia gama de formulaciones en polvo est\u00e1ndar, Vitracoat ofrece poco m\u00e1s de 200 colores RAL que se pueden adaptar a las necesidades qu\u00edmicas y grados de brillo. Siendo RAL un sistema de colores est\u00e1ndar europeo con reconocimiento global, la gran mayor\u00eda de estos tonos est\u00e1n disponibles en brillos +80 en f\u00f3rmula SD [&hellip;]<\/p>\n","protected":false},"author":1,"featured_media":2480,"parent":916,"menu_order":0,"comment_status":"closed","ping_status":"closed","template":"services-page.php","meta":[],"yoast_head":"<!-- This site is optimized with the Yoast SEO plugin v21.1 - https:\/\/yoast.com\/wordpress\/plugins\/seo\/ -->\n<title>Programa RAL - VITRACOAT<\/title>\n<meta name=\"robots\" content=\"index, follow, max-snippet:-1, max-image-preview:large, max-video-preview:-1\" \/>\n<link rel=\"canonical\" href=\"https:\/\/vitracoat.com\/mx\/services\/ral-program\/\" \/>\n<meta property=\"og:locale\" content=\"en_US\" \/>\n<meta property=\"og:type\" content=\"article\" \/>\n<meta property=\"og:title\" content=\"Programa RAL - VITRACOAT\" \/>\n<meta property=\"og:description\" content=\"Adicionalmente a nuestra amplia gama de formulaciones en polvo est\u00e1ndar, Vitracoat ofrece poco m\u00e1s de 200 colores RAL que se pueden adaptar a las necesidades qu\u00edmicas y grados de brillo. Siendo RAL un sistema de colores est\u00e1ndar europeo con reconocimiento global, la gran mayor\u00eda de estos tonos est\u00e1n disponibles en brillos +80 en f\u00f3rmula SD [&hellip;]\" \/>\n<meta property=\"og:url\" content=\"https:\/\/vitracoat.com\/mx\/services\/ral-program\/\" \/>\n<meta property=\"og:site_name\" content=\"VITRACOAT\" \/>\n<meta property=\"article:modified_time\" content=\"2020-12-08T18:37:34+00:00\" \/>\n<meta property=\"og:image\" content=\"https:\/\/vitracoat.com\/mx\/wp-content\/uploads\/2019\/10\/RAL-Program.jpg\" \/>\n\t<meta property=\"og:image:width\" content=\"1050\" \/>\n\t<meta property=\"og:image:height\" content=\"700\" \/>\n\t<meta property=\"og:image:type\" content=\"image\/jpeg\" \/>\n<meta name=\"twitter:card\" content=\"summary_large_image\" \/>\n<meta name=\"twitter:label1\" content=\"Est. reading time\" \/>\n\t<meta name=\"twitter:data1\" content=\"1 minute\" \/>\n<!-- \/ Yoast SEO plugin. -->","yoast_head_json":{"title":"Programa RAL - VITRACOAT","robots":{"index":"index","follow":"follow","max-snippet":"max-snippet:-1","max-image-preview":"max-image-preview:large","max-video-preview":"max-video-preview:-1"},"canonical":"https:\/\/vitracoat.com\/mx\/services\/ral-program\/","og_locale":"en_US","og_type":"article","og_title":"Programa RAL - VITRACOAT","og_description":"Adicionalmente a nuestra amplia gama de formulaciones en polvo est\u00e1ndar, Vitracoat ofrece poco m\u00e1s de 200 colores RAL que se pueden adaptar a las necesidades qu\u00edmicas y grados de brillo. Siendo RAL un sistema de colores est\u00e1ndar europeo con reconocimiento global, la gran mayor\u00eda de estos tonos est\u00e1n disponibles en brillos +80 en f\u00f3rmula SD [&hellip;]","og_url":"https:\/\/vitracoat.com\/mx\/services\/ral-program\/","og_site_name":"VITRACOAT","article_modified_time":"2020-12-08T18:37:34+00:00","og_image":[{"width":1050,"height":700,"url":"https:\/\/vitracoat.com\/mx\/wp-content\/uploads\/2019\/10\/RAL-Program.jpg","type":"image\/jpeg"}],"twitter_card":"summary_large_image","twitter_misc":{"Est. reading time":"1 minute"},"schema":{"@context":"https:\/\/schema.org","@graph":[{"@type":"WebPage","@id":"https:\/\/vitracoat.com\/mx\/services\/ral-program\/","url":"https:\/\/vitracoat.com\/mx\/services\/ral-program\/","name":"Programa RAL - VITRACOAT","isPartOf":{"@id":"https:\/\/vitracoat.com\/mx\/#website"},"datePublished":"2019-09-08T21:17:02+00:00","dateModified":"2020-12-08T18:37:34+00:00","breadcrumb":{"@id":"https:\/\/vitracoat.com\/mx\/services\/ral-program\/#breadcrumb"},"inLanguage":"en-US","potentialAction":[{"@type":"ReadAction","target":["https:\/\/vitracoat.com\/mx\/services\/ral-program\/"]}]},{"@type":"BreadcrumbList","@id":"https:\/\/vitracoat.com\/mx\/services\/ral-program\/#breadcrumb","itemListElement":[{"@type":"ListItem","position":1,"name":"Home","item":"https:\/\/vitracoat.com\/mx\/"},{"@type":"ListItem","position":2,"name":"Servicio","item":"https:\/\/vitracoat.com\/mx\/services\/"},{"@type":"ListItem","position":3,"name":"Programa RAL"}]},{"@type":"WebSite","@id":"https:\/\/vitracoat.com\/mx\/#website","url":"https:\/\/vitracoat.com\/mx\/","name":"VITRACOAT","description":"Vitracoat Powder Coatings","potentialAction":[{"@type":"SearchAction","target":{"@type":"EntryPoint","urlTemplate":"https:\/\/vitracoat.com\/mx\/?s={search_term_string}"},"query-input":"required name=search_term_string"}],"inLanguage":"en-US"}]}},"_links":{"self":[{"href":"https:\/\/vitracoat.com\/mx\/wp-json\/wp\/v2\/pages\/961"}],"collection":[{"href":"https:\/\/vitracoat.com\/mx\/wp-json\/wp\/v2\/pages"}],"about":[{"href":"https:\/\/vitracoat.com\/mx\/wp-json\/wp\/v2\/types\/page"}],"author":[{"embeddable":true,"href":"https:\/\/vitracoat.com\/mx\/wp-json\/wp\/v2\/users\/1"}],"replies":[{"embeddable":true,"href":"https:\/\/vitracoat.com\/mx\/wp-json\/wp\/v2\/comments?post=961"}],"version-history":[{"count":21,"href":"https:\/\/vitracoat.com\/mx\/wp-json\/wp\/v2\/pages\/961\/revisions"}],"predecessor-version":[{"id":3227,"href":"https:\/\/vitracoat.com\/mx\/wp-json\/wp\/v2\/pages\/961\/revisions\/3227"}],"up":[{"embeddable":true,"href":"https:\/\/vitracoat.com\/mx\/wp-json\/wp\/v2\/pages\/916"}],"wp:featuredmedia":[{"embeddable":true,"href":"https:\/\/vitracoat.com\/mx\/wp-json\/wp\/v2\/media\/2480"}],"wp:attachment":[{"href":"https:\/\/vitracoat.com\/mx\/wp-json\/wp\/v2\/media?parent=961"}],"curies":[{"name":"wp","href":"https:\/\/api.w.org\/{rel}","templated":true}]}}