{"id":966,"date":"2019-09-08T21:18:05","date_gmt":"2019-09-08T21:18:05","guid":{"rendered":"http:\/\/vitracoat.com\/?page_id=966"},"modified":"2020-12-08T18:39:19","modified_gmt":"2020-12-08T18:39:19","slug":"vitravision","status":"publish","type":"page","link":"https:\/\/vitracoat.com\/mx\/services\/vitravision\/","title":{"rendered":"VitraVISION Sistema de Igualaci\u00f3n de Colores"},"content":{"rendered":"\n<p>Vitracoat es la primera empresa en presentar una soluci\u00f3n innovadora a la igualaci\u00f3n de colores. El sistema VitraVision acelera el proceso de igualaci\u00f3n de colores utilizando un color\u00edmetro port\u00e1til que permite una comparaci\u00f3n del color de manera instant\u00e1nea. El sistema cuenta con un algoritmo que no solo lee el color, sino que tiene acceso a una interfaz con nuestra base de datos de color.<\/p>\n\n\n\n<p>Nuestros representantes en campo pueden usar el color\u00edmetro para evaluar muestras de color y, en tiempo real, usar una app en su celular conectada a la base de datos de colores de Vitracoat para buscar todos los productos que empaten con el de la muestra en an\u00e1lisis.<\/p>\n\n\n\n<p>Sin la comunicaci\u00f3n a la base de datos, todo lo que se hace es comparar un color contra otro. Esta herramienta permite tener a la mano el ojo entrenado de nuestros t\u00e9cnicos en el laboratorio, directamente en la planta de nuestro cliente: acceder a resultados de manera inmediata, mostrando colores que se aproximen, enlistar los valores colorim\u00e9tricos hasta llegar a Delta E. Los resultados incluyen la familia qu\u00edmica del material, propiedades f\u00edsicas, ciclo de curado, brillo, precio de venta sugerido, cantidad y ubicaci\u00f3n de lo que se tenga en inventario. El cliente tiene entonces la oportunidad de escoger lo que mejor se adapte a sus necesidades o solicitar paneles aplicados que en la mayor\u00eda de los casos pueden ser embarcados el mismo d\u00eda.<\/p>\n\n\n\n<p>Esta herramienta tambi\u00e9n puede ser usada para confirmar la eficacia de una igualaci\u00f3n de color durante pruebas en sitio. Ya que al hacer la comparaci\u00f3n de la muestra entregada versus la muestra original, es posible obtener una lectura de manera instant\u00e1nea. VitraVision elimina lo subjetivo de una evaluaci\u00f3n y proporciona valores num\u00e9ricos inmediatos.<\/p>\n\n\n\n<div class=\"wp-block-button\"><a class=\"wp-block-button__link\" href=\"http:\/\/vitracoat.com\/wp-content\/uploads\/2019\/10\/VitraVISION.pdf\" target=\"_blank\" rel=\"noopener noreferrer\">DESCARGAR FOLLETO\n<\/a><\/div>\n","protected":false},"excerpt":{"rendered":"<p>Vitracoat es la primera empresa en presentar una soluci\u00f3n innovadora a la igualaci\u00f3n de colores. El sistema VitraVision acelera el proceso de igualaci\u00f3n de colores utilizando un color\u00edmetro port\u00e1til que permite una comparaci\u00f3n del color de manera instant\u00e1nea. El sistema cuenta con un algoritmo que no solo lee el color, sino que tiene acceso a [&hellip;]<\/p>\n","protected":false},"author":1,"featured_media":2481,"parent":916,"menu_order":0,"comment_status":"closed","ping_status":"closed","template":"services-page.php","meta":[],"yoast_head":"<!-- This site is optimized with the Yoast SEO plugin v21.1 - https:\/\/yoast.com\/wordpress\/plugins\/seo\/ -->\n<title>VitraVISION Sistema de Igualaci\u00f3n de Colores - VITRACOAT<\/title>\n<meta name=\"robots\" content=\"index, follow, max-snippet:-1, max-image-preview:large, max-video-preview:-1\" \/>\n<link rel=\"canonical\" href=\"https:\/\/vitracoat.com\/mx\/services\/vitravision\/\" \/>\n<meta property=\"og:locale\" content=\"en_US\" \/>\n<meta property=\"og:type\" content=\"article\" \/>\n<meta property=\"og:title\" content=\"VitraVISION Sistema de Igualaci\u00f3n de Colores - VITRACOAT\" \/>\n<meta property=\"og:description\" content=\"Vitracoat es la primera empresa en presentar una soluci\u00f3n innovadora a la igualaci\u00f3n de colores. El sistema VitraVision acelera el proceso de igualaci\u00f3n de colores utilizando un color\u00edmetro port\u00e1til que permite una comparaci\u00f3n del color de manera instant\u00e1nea. El sistema cuenta con un algoritmo que no solo lee el color, sino que tiene acceso a [&hellip;]\" \/>\n<meta property=\"og:url\" content=\"https:\/\/vitracoat.com\/mx\/services\/vitravision\/\" \/>\n<meta property=\"og:site_name\" content=\"VITRACOAT\" \/>\n<meta property=\"article:modified_time\" content=\"2020-12-08T18:39:19+00:00\" \/>\n<meta property=\"og:image\" content=\"https:\/\/vitracoat.com\/mx\/wp-content\/uploads\/2019\/10\/VitraVISION.jpg\" \/>\n\t<meta property=\"og:image:width\" content=\"1399\" \/>\n\t<meta property=\"og:image:height\" content=\"934\" \/>\n\t<meta property=\"og:image:type\" content=\"image\/jpeg\" \/>\n<meta name=\"twitter:card\" content=\"summary_large_image\" \/>\n<meta name=\"twitter:label1\" content=\"Est. reading time\" \/>\n\t<meta name=\"twitter:data1\" content=\"2 minutes\" \/>\n<!-- \/ Yoast SEO plugin. -->","yoast_head_json":{"title":"VitraVISION Sistema de Igualaci\u00f3n de Colores - VITRACOAT","robots":{"index":"index","follow":"follow","max-snippet":"max-snippet:-1","max-image-preview":"max-image-preview:large","max-video-preview":"max-video-preview:-1"},"canonical":"https:\/\/vitracoat.com\/mx\/services\/vitravision\/","og_locale":"en_US","og_type":"article","og_title":"VitraVISION Sistema de Igualaci\u00f3n de Colores - VITRACOAT","og_description":"Vitracoat es la primera empresa en presentar una soluci\u00f3n innovadora a la igualaci\u00f3n de colores. El sistema VitraVision acelera el proceso de igualaci\u00f3n de colores utilizando un color\u00edmetro port\u00e1til que permite una comparaci\u00f3n del color de manera instant\u00e1nea. El sistema cuenta con un algoritmo que no solo lee el color, sino que tiene acceso a [&hellip;]","og_url":"https:\/\/vitracoat.com\/mx\/services\/vitravision\/","og_site_name":"VITRACOAT","article_modified_time":"2020-12-08T18:39:19+00:00","og_image":[{"width":1399,"height":934,"url":"https:\/\/vitracoat.com\/mx\/wp-content\/uploads\/2019\/10\/VitraVISION.jpg","type":"image\/jpeg"}],"twitter_card":"summary_large_image","twitter_misc":{"Est. reading time":"2 minutes"},"schema":{"@context":"https:\/\/schema.org","@graph":[{"@type":"WebPage","@id":"https:\/\/vitracoat.com\/mx\/services\/vitravision\/","url":"https:\/\/vitracoat.com\/mx\/services\/vitravision\/","name":"VitraVISION Sistema de Igualaci\u00f3n de Colores - VITRACOAT","isPartOf":{"@id":"https:\/\/vitracoat.com\/mx\/#website"},"datePublished":"2019-09-08T21:18:05+00:00","dateModified":"2020-12-08T18:39:19+00:00","breadcrumb":{"@id":"https:\/\/vitracoat.com\/mx\/services\/vitravision\/#breadcrumb"},"inLanguage":"en-US","potentialAction":[{"@type":"ReadAction","target":["https:\/\/vitracoat.com\/mx\/services\/vitravision\/"]}]},{"@type":"BreadcrumbList","@id":"https:\/\/vitracoat.com\/mx\/services\/vitravision\/#breadcrumb","itemListElement":[{"@type":"ListItem","position":1,"name":"Home","item":"https:\/\/vitracoat.com\/mx\/"},{"@type":"ListItem","position":2,"name":"Servicio","item":"https:\/\/vitracoat.com\/mx\/services\/"},{"@type":"ListItem","position":3,"name":"VitraVISION Sistema de Igualaci\u00f3n de Colores"}]},{"@type":"WebSite","@id":"https:\/\/vitracoat.com\/mx\/#website","url":"https:\/\/vitracoat.com\/mx\/","name":"VITRACOAT","description":"Vitracoat Powder Coatings","potentialAction":[{"@type":"SearchAction","target":{"@type":"EntryPoint","urlTemplate":"https:\/\/vitracoat.com\/mx\/?s={search_term_string}"},"query-input":"required name=search_term_string"}],"inLanguage":"en-US"}]}},"_links":{"self":[{"href":"https:\/\/vitracoat.com\/mx\/wp-json\/wp\/v2\/pages\/966"}],"collection":[{"href":"https:\/\/vitracoat.com\/mx\/wp-json\/wp\/v2\/pages"}],"about":[{"href":"https:\/\/vitracoat.com\/mx\/wp-json\/wp\/v2\/types\/page"}],"author":[{"embeddable":true,"href":"https:\/\/vitracoat.com\/mx\/wp-json\/wp\/v2\/users\/1"}],"replies":[{"embeddable":true,"href":"https:\/\/vitracoat.com\/mx\/wp-json\/wp\/v2\/comments?post=966"}],"version-history":[{"count":13,"href":"https:\/\/vitracoat.com\/mx\/wp-json\/wp\/v2\/pages\/966\/revisions"}],"predecessor-version":[{"id":3228,"href":"https:\/\/vitracoat.com\/mx\/wp-json\/wp\/v2\/pages\/966\/revisions\/3228"}],"up":[{"embeddable":true,"href":"https:\/\/vitracoat.com\/mx\/wp-json\/wp\/v2\/pages\/916"}],"wp:featuredmedia":[{"embeddable":true,"href":"https:\/\/vitracoat.com\/mx\/wp-json\/wp\/v2\/media\/2481"}],"wp:attachment":[{"href":"https:\/\/vitracoat.com\/mx\/wp-json\/wp\/v2\/media?parent=966"}],"curies":[{"name":"wp","href":"https:\/\/api.w.org\/{rel}","templated":true}]}}